{"id":1509,"date":"2018-07-10T23:51:11","date_gmt":"2018-07-10T21:51:11","guid":{"rendered":"https:\/\/www.lyachts.com\/spain\/"},"modified":"2021-11-03T00:06:15","modified_gmt":"2021-11-02T22:06:15","slug":"spain","status":"publish","type":"page","link":"https:\/\/www.lyachts.com\/de\/spain\/","title":{"rendered":"Spanien"},"content":{"rendered":"\n<div class=\"section-heading headingstyle-default section-align-center\" style=\"padding-top:248px;padding-bottom:28px;margin-bottom:0px;\"><h1 class=\"animation-standby animated fadeIn entry-title section-title\" style=\"font-weight:400;\">Spanien<\/h1><\/div>\n<div class=\"animation-standby animated fadeInUpSlight\">\n<p><p>Lyachts l\u00e4dt Sie nach Spanien ein.<\/p>\n<p>Yachting ist eine gute Gelegenheit f\u00fcr Sie und Ihre G\u00e4ste Spanien zu besuchen. Barcelona, Malaga, Puerto Banus, die Balearen wie Mallorca und Ibiza und die Kanarischen Inseln warten auf Sie.Die Wetterbedingungen und das st\u00e4ndig warme Klima der Kanarischen Inseln geben Ihnen die M\u00f6glichkeit, Ihr Yacht-Erlebnis fast das ganze Jahr \u00fcber zu genie\u00dfen.<\/p>\n<p>Sie k\u00f6nnen einfach die sieben Inseln erkunden und im kristallklaren Meerwasser schwimmen oder einfach nur entspannen und Ihre Batterien f\u00fcllen.Genie\u00dfen Sie es.<\/p>\n<\/p>\n<\/div>\n<div class=\"flipbox-wrap text-is-bright\"><div class=\"flipbox-card-flip\"><div class=\"flipbox-card-front\" style=\"background-image: url(https:\/\/www.lyachts.com\/wp-content\/uploads\/2021\/02\/search-yacht.jpg);\"><div class=\"flipbox-card-container-front\"><div class=\"flipbox-icon\"><i class=\"fa fa-ship\"><\/i><\/div><h2>Yacht Suche<\/h2><p><p> Wir sind bereit Ihren Traumurlaub wahr werden zu lassen. <\/p>\n<\/p><\/div><div class=\"flip-overlay\"><\/div><\/div><div class=\"flipbox-card-back\" style=\"background-image: url();\"><div class=\"flipbox-card-container-back\"><a href=\"https:\/\/www.lyachts.com\/de\/search-yacht\/\"  class=\"mtheme-button\">Mehr<\/a><\/div><div class=\"flip-overlay\"><\/div><\/div><\/div><\/div>\n<div class=\"callout-wrap animation-standby animated fadeInUpSlight calltype- clearfix\"><div class=\"callout clearfix\"><div class=\"first-half\"><h3 class=\"callout-title\">Bitte kontaktieren Sie uns, wir helfen Ihnen gerne weiter.<\/h3><div class=\"callout-desc\"><\/div><\/div><div class=\"second-half\"><div class=\"callout-button\"><div class=\"button-shortcode button-shortcode-69e19c6152e7e\"><a href=\"https:\/\/www.lyachts.com\/de\/contact-us\" ><div  class=\"mtheme-button\"><span class=\"button-icon\"><i class=\"fa fa-envelope\"><\/i><\/span>Erfahren Sie mehr<\/div><\/a><\/div><\/div><\/div><\/div><\/div>\n","protected":false},"excerpt":{"rendered":"<p>Lyachts l\u00e4dt Sie nach Spanien ein. Yachting ist eine gute Gelegenheit f\u00fcr Sie und Ihre G\u00e4ste Spanien zu besuchen. Barcelona, Malaga, Puerto Banus, die Balearen wie Mallorca und Ibiza und die Kanarischen Inseln warten auf Sie.Die Wetterbedingungen und das st\u00e4ndig warme Klima der Kanarischen Inseln geben Ihnen die M\u00f6glichkeit, Ihr Yacht-Erlebnis fast das ganze Jahr \u00fcber zu genie\u00dfen. Sie k\u00f6nnen einfach die sieben Inseln erkunden und im kristallklaren Meerwasser schwimmen oder einfach nur entspannen und Ihre Batterien f\u00fcllen.Genie\u00dfen Sie es.<\/p>\n","protected":false},"author":1,"featured_media":219,"parent":0,"menu_order":0,"comment_status":"closed","ping_status":"closed","template":"","meta":{"footnotes":""},"categories":[],"tags":[],"class_list":["post-1509","page","type-page","status-publish","has-post-thumbnail","hentry"],"yoast_head":"<!-- This site is optimized with the Yoast SEO plugin v26.2 - https:\/\/yoast.com\/wordpress\/plugins\/seo\/ -->\n<title>Spanien - LYachts<\/title>\n<meta name=\"description\" content=\"Lyachts l\u00e4dt Sie nach Spanien ein. Yachting ist eine gute Gelegenheit f\u00fcr Sie und Ihre G\u00e4ste Spanien zu besuchen. Barcelona, Malaga, Puerto Banus, die\" \/>\n<meta name=\"robots\" content=\"index, follow, max-snippet:-1, max-image-preview:large, max-video-preview:-1\" \/>\n<link rel=\"canonical\" href=\"https:\/\/www.lyachts.com\/de\/spain\/\" \/>\n<meta property=\"og:locale\" content=\"de_DE\" \/>\n<meta property=\"og:type\" content=\"article\" \/>\n<meta property=\"og:title\" content=\"Spanien - LYachts\" \/>\n<meta property=\"og:description\" content=\"Lyachts l\u00e4dt Sie nach Spanien ein. Yachting ist eine gute Gelegenheit f\u00fcr Sie und Ihre G\u00e4ste Spanien zu besuchen. Barcelona, Malaga, Puerto Banus, die\" \/>\n<meta property=\"og:url\" content=\"https:\/\/www.lyachts.com\/de\/spain\/\" \/>\n<meta property=\"og:site_name\" content=\"LYachts\" \/>\n<meta property=\"article:publisher\" content=\"https:\/\/www.facebook.com\/Lyachts\/\" \/>\n<meta property=\"article:modified_time\" content=\"2021-11-02T22:06:15+00:00\" \/>\n<meta property=\"og:image\" content=\"https:\/\/www.lyachts.com\/wp-content\/uploads\/2021\/02\/spain.jpg\" \/>\n\t<meta property=\"og:image:width\" content=\"1400\" \/>\n\t<meta property=\"og:image:height\" content=\"865\" \/>\n\t<meta property=\"og:image:type\" content=\"image\/jpeg\" \/>\n<meta name=\"twitter:card\" content=\"summary_large_image\" \/>\n<meta name=\"twitter:site\" content=\"@Lyachts2\" \/>\n<meta name=\"twitter:label1\" content=\"Gesch\u00e4tzte Lesezeit\" \/>\n\t<meta name=\"twitter:data1\" content=\"1\u00a0Minute\" \/>\n<script type=\"application\/ld+json\" class=\"yoast-schema-graph\">{\"@context\":\"https:\/\/schema.org\",\"@graph\":[{\"@type\":\"WebPage\",\"@id\":\"https:\/\/www.lyachts.com\/de\/spain\/\",\"url\":\"https:\/\/www.lyachts.com\/de\/spain\/\",\"name\":\"Spanien - LYachts\",\"isPartOf\":{\"@id\":\"https:\/\/www.lyachts.com\/en\/#website\"},\"primaryImageOfPage\":{\"@id\":\"https:\/\/www.lyachts.com\/de\/spain\/#primaryimage\"},\"image\":{\"@id\":\"https:\/\/www.lyachts.com\/de\/spain\/#primaryimage\"},\"thumbnailUrl\":\"https:\/\/www.lyachts.com\/wp-content\/uploads\/2021\/02\/spain.jpg\",\"datePublished\":\"2018-07-10T21:51:11+00:00\",\"dateModified\":\"2021-11-02T22:06:15+00:00\",\"description\":\"Lyachts l\u00e4dt Sie nach Spanien ein. Yachting ist eine gute Gelegenheit f\u00fcr Sie und Ihre G\u00e4ste Spanien zu besuchen. Barcelona, Malaga, Puerto Banus, die\",\"inLanguage\":\"de\",\"potentialAction\":[{\"@type\":\"ReadAction\",\"target\":[\"https:\/\/www.lyachts.com\/de\/spain\/\"]}]},{\"@type\":\"ImageObject\",\"inLanguage\":\"de\",\"@id\":\"https:\/\/www.lyachts.com\/de\/spain\/#primaryimage\",\"url\":\"https:\/\/www.lyachts.com\/wp-content\/uploads\/2021\/02\/spain.jpg\",\"contentUrl\":\"https:\/\/www.lyachts.com\/wp-content\/uploads\/2021\/02\/spain.jpg\",\"width\":1400,\"height\":865},{\"@type\":\"WebSite\",\"@id\":\"https:\/\/www.lyachts.com\/en\/#website\",\"url\":\"https:\/\/www.lyachts.com\/en\/\",\"name\":\"LYachts\",\"description\":\"One goal, one passion - Lyachts services.\",\"potentialAction\":[{\"@type\":\"SearchAction\",\"target\":{\"@type\":\"EntryPoint\",\"urlTemplate\":\"https:\/\/www.lyachts.com\/en\/?s={search_term_string}\"},\"query-input\":{\"@type\":\"PropertyValueSpecification\",\"valueRequired\":true,\"valueName\":\"search_term_string\"}}],\"inLanguage\":\"de\"}]}<\/script>\n<!-- \/ Yoast SEO plugin. -->","yoast_head_json":{"title":"Spanien - LYachts","description":"Lyachts l\u00e4dt Sie nach Spanien ein. Yachting ist eine gute Gelegenheit f\u00fcr Sie und Ihre G\u00e4ste Spanien zu besuchen. Barcelona, Malaga, Puerto Banus, die","robots":{"index":"index","follow":"follow","max-snippet":"max-snippet:-1","max-image-preview":"max-image-preview:large","max-video-preview":"max-video-preview:-1"},"canonical":"https:\/\/www.lyachts.com\/de\/spain\/","og_locale":"de_DE","og_type":"article","og_title":"Spanien - LYachts","og_description":"Lyachts l\u00e4dt Sie nach Spanien ein. Yachting ist eine gute Gelegenheit f\u00fcr Sie und Ihre G\u00e4ste Spanien zu besuchen. Barcelona, Malaga, Puerto Banus, die","og_url":"https:\/\/www.lyachts.com\/de\/spain\/","og_site_name":"LYachts","article_publisher":"https:\/\/www.facebook.com\/Lyachts\/","article_modified_time":"2021-11-02T22:06:15+00:00","og_image":[{"width":1400,"height":865,"url":"https:\/\/www.lyachts.com\/wp-content\/uploads\/2021\/02\/spain.jpg","type":"image\/jpeg"}],"twitter_card":"summary_large_image","twitter_site":"@Lyachts2","twitter_misc":{"Gesch\u00e4tzte Lesezeit":"1\u00a0Minute"},"schema":{"@context":"https:\/\/schema.org","@graph":[{"@type":"WebPage","@id":"https:\/\/www.lyachts.com\/de\/spain\/","url":"https:\/\/www.lyachts.com\/de\/spain\/","name":"Spanien - LYachts","isPartOf":{"@id":"https:\/\/www.lyachts.com\/en\/#website"},"primaryImageOfPage":{"@id":"https:\/\/www.lyachts.com\/de\/spain\/#primaryimage"},"image":{"@id":"https:\/\/www.lyachts.com\/de\/spain\/#primaryimage"},"thumbnailUrl":"https:\/\/www.lyachts.com\/wp-content\/uploads\/2021\/02\/spain.jpg","datePublished":"2018-07-10T21:51:11+00:00","dateModified":"2021-11-02T22:06:15+00:00","description":"Lyachts l\u00e4dt Sie nach Spanien ein. Yachting ist eine gute Gelegenheit f\u00fcr Sie und Ihre G\u00e4ste Spanien zu besuchen. Barcelona, Malaga, Puerto Banus, die","inLanguage":"de","potentialAction":[{"@type":"ReadAction","target":["https:\/\/www.lyachts.com\/de\/spain\/"]}]},{"@type":"ImageObject","inLanguage":"de","@id":"https:\/\/www.lyachts.com\/de\/spain\/#primaryimage","url":"https:\/\/www.lyachts.com\/wp-content\/uploads\/2021\/02\/spain.jpg","contentUrl":"https:\/\/www.lyachts.com\/wp-content\/uploads\/2021\/02\/spain.jpg","width":1400,"height":865},{"@type":"WebSite","@id":"https:\/\/www.lyachts.com\/en\/#website","url":"https:\/\/www.lyachts.com\/en\/","name":"LYachts","description":"One goal, one passion - Lyachts services.","potentialAction":[{"@type":"SearchAction","target":{"@type":"EntryPoint","urlTemplate":"https:\/\/www.lyachts.com\/en\/?s={search_term_string}"},"query-input":{"@type":"PropertyValueSpecification","valueRequired":true,"valueName":"search_term_string"}}],"inLanguage":"de"}]}},"_links":{"self":[{"href":"https:\/\/www.lyachts.com\/de\/wp-json\/wp\/v2\/pages\/1509","targetHints":{"allow":["GET"]}}],"collection":[{"href":"https:\/\/www.lyachts.com\/de\/wp-json\/wp\/v2\/pages"}],"about":[{"href":"https:\/\/www.lyachts.com\/de\/wp-json\/wp\/v2\/types\/page"}],"author":[{"embeddable":true,"href":"https:\/\/www.lyachts.com\/de\/wp-json\/wp\/v2\/users\/1"}],"replies":[{"embeddable":true,"href":"https:\/\/www.lyachts.com\/de\/wp-json\/wp\/v2\/comments?post=1509"}],"version-history":[{"count":8,"href":"https:\/\/www.lyachts.com\/de\/wp-json\/wp\/v2\/pages\/1509\/revisions"}],"predecessor-version":[{"id":6223,"href":"https:\/\/www.lyachts.com\/de\/wp-json\/wp\/v2\/pages\/1509\/revisions\/6223"}],"wp:featuredmedia":[{"embeddable":true,"href":"https:\/\/www.lyachts.com\/de\/wp-json\/wp\/v2\/media\/219"}],"wp:attachment":[{"href":"https:\/\/www.lyachts.com\/de\/wp-json\/wp\/v2\/media?parent=1509"}],"wp:term":[{"taxonomy":"category","embeddable":true,"href":"https:\/\/www.lyachts.com\/de\/wp-json\/wp\/v2\/categories?post=1509"},{"taxonomy":"post_tag","embeddable":true,"href":"https:\/\/www.lyachts.com\/de\/wp-json\/wp\/v2\/tags?post=1509"}],"curies":[{"name":"wp","href":"https:\/\/api.w.org\/{rel}","templated":true}]}}