{"id":1597,"date":"2018-07-10T00:44:29","date_gmt":"2018-07-09T22:44:29","guid":{"rendered":"https:\/\/www.lyachts.com\/croatia\/"},"modified":"2021-11-02T22:48:04","modified_gmt":"2021-11-02T20:48:04","slug":"croatia","status":"publish","type":"page","link":"https:\/\/www.lyachts.com\/de\/croatia\/","title":{"rendered":"Kroatien und das Adriatische Meer"},"content":{"rendered":"\n<div class=\"section-heading headingstyle-default section-align-center\" style=\"padding-top:248px;padding-bottom:28px;margin-bottom:0px;\"><h1 class=\"animation-standby animated fadeIn entry-title section-title\" style=\"font-weight:400;\">Kroatien<\/h1><\/div>\n<div class=\"animation-standby animated fadeInUpSlight\">\n<p><p>Lyachts ist bereit, Ihnen eines unserer Lieblingsprogramme f\u00fcr Kroatien und das Adriatische Meer zu bieten oder Ihnen ein ma\u00dfgeschneidertes Angebot zu erstellen.Erkunden Sie versteckte Buchten, schwimmen und tauchen Sie in ein fr\u00f6hliches Segelerlebnis ein.<\/p>\n<p>Kroatien ist auch ber\u00fchmt f\u00fcr das schwimmende Festival, Party, verr\u00fcckte N\u00e4chte und das Treffen neuer Leute ist ebenfalls einfach.<\/p>\n<\/p>\n<\/div>\n<div class=\"flipbox-wrap text-is-bright\"><div class=\"flipbox-card-flip\"><div class=\"flipbox-card-front\" style=\"background-image: url(https:\/\/www.lyachts.com\/wp-content\/uploads\/2021\/02\/search-yacht.jpg);\"><div class=\"flipbox-card-container-front\"><div class=\"flipbox-icon\"><i class=\"fa fa-ship\"><\/i><\/div><h2>Yacht Suche<\/h2><p><p> Wir sind bereit Ihren Traumurlaub wahr werden zu lassen. <\/p>\n<\/p><\/div><div class=\"flip-overlay\"><\/div><\/div><div class=\"flipbox-card-back\" style=\"background-image: url();\"><div class=\"flipbox-card-container-back\"><a href=\"https:\/\/www.lyachts.com\/de\/search-yacht\/\"  class=\"mtheme-button\">Mehr<\/a><\/div><div class=\"flip-overlay\"><\/div><\/div><\/div><\/div>\n<div class=\"callout-wrap animation-standby animated fadeInUpSlight calltype- clearfix\"><div class=\"callout clearfix\"><div class=\"first-half\"><h3 class=\"callout-title\">Bitte kontaktieren Sie uns, wir helfen Ihnen gerne weiter.<\/h3><div class=\"callout-desc\"><\/div><\/div><div class=\"second-half\"><div class=\"callout-button\"><div class=\"button-shortcode button-shortcode-69ef7d4adc47a\"><a href=\"https:\/\/www.lyachts.com\/de\/contact-us\" ><div  class=\"mtheme-button\"><span class=\"button-icon\"><i class=\"fa fa-envelope\"><\/i><\/span>Erfahren Sie mehr<\/div><\/a><\/div><\/div><\/div><\/div><\/div>\n","protected":false},"excerpt":{"rendered":"<p>Lyachts ist bereit, Ihnen eines unserer Lieblingsprogramme f\u00fcr Kroatien und das Adriatische Meer zu bieten oder Ihnen ein ma\u00dfgeschneidertes Angebot zu erstellen.Erkunden Sie versteckte Buchten, schwimmen und tauchen Sie in ein fr\u00f6hliches Segelerlebnis ein. Kroatien ist auch ber\u00fchmt f\u00fcr das schwimmende Festival, Party, verr\u00fcckte N\u00e4chte und das Treffen neuer Leute ist ebenfalls einfach.<\/p>\n","protected":false},"author":1,"featured_media":151,"parent":0,"menu_order":0,"comment_status":"closed","ping_status":"closed","template":"","meta":{"footnotes":""},"categories":[],"tags":[],"class_list":["post-1597","page","type-page","status-publish","has-post-thumbnail","hentry"],"yoast_head":"<!-- This site is optimized with the Yoast SEO plugin v26.2 - https:\/\/yoast.com\/wordpress\/plugins\/seo\/ -->\n<title>Kroatien und das Adriatische Meer - LYachts<\/title>\n<meta name=\"description\" content=\"Lyachts ist bereit, Ihnen eines unserer Lieblingsprogramme f\u00fcr Kroatien und das Adriatische Meer zu bieten oder Ihnen ein ma\u00dfgeschneidertes Angebot zu\" \/>\n<meta name=\"robots\" content=\"index, follow, max-snippet:-1, max-image-preview:large, max-video-preview:-1\" \/>\n<link rel=\"canonical\" href=\"https:\/\/www.lyachts.com\/de\/croatia\/\" \/>\n<meta property=\"og:locale\" content=\"de_DE\" \/>\n<meta property=\"og:type\" content=\"article\" \/>\n<meta property=\"og:title\" content=\"Kroatien und das Adriatische Meer - LYachts\" \/>\n<meta property=\"og:description\" content=\"Lyachts ist bereit, Ihnen eines unserer Lieblingsprogramme f\u00fcr Kroatien und das Adriatische Meer zu bieten oder Ihnen ein ma\u00dfgeschneidertes Angebot zu\" \/>\n<meta property=\"og:url\" content=\"https:\/\/www.lyachts.com\/de\/croatia\/\" \/>\n<meta property=\"og:site_name\" content=\"LYachts\" \/>\n<meta property=\"article:publisher\" content=\"https:\/\/www.facebook.com\/Lyachts\/\" \/>\n<meta property=\"article:modified_time\" content=\"2021-11-02T20:48:04+00:00\" \/>\n<meta property=\"og:image\" content=\"https:\/\/www.lyachts.com\/wp-content\/uploads\/2021\/02\/kroatia-2.jpg\" \/>\n\t<meta property=\"og:image:width\" content=\"1400\" \/>\n\t<meta property=\"og:image:height\" content=\"933\" \/>\n\t<meta property=\"og:image:type\" content=\"image\/jpeg\" \/>\n<meta name=\"twitter:card\" content=\"summary_large_image\" \/>\n<meta name=\"twitter:site\" content=\"@Lyachts2\" \/>\n<meta name=\"twitter:label1\" content=\"Gesch\u00e4tzte Lesezeit\" \/>\n\t<meta name=\"twitter:data1\" content=\"1\u00a0Minute\" \/>\n<script type=\"application\/ld+json\" class=\"yoast-schema-graph\">{\"@context\":\"https:\/\/schema.org\",\"@graph\":[{\"@type\":\"WebPage\",\"@id\":\"https:\/\/www.lyachts.com\/de\/croatia\/\",\"url\":\"https:\/\/www.lyachts.com\/de\/croatia\/\",\"name\":\"Kroatien und das Adriatische Meer - LYachts\",\"isPartOf\":{\"@id\":\"https:\/\/www.lyachts.com\/en\/#website\"},\"primaryImageOfPage\":{\"@id\":\"https:\/\/www.lyachts.com\/de\/croatia\/#primaryimage\"},\"image\":{\"@id\":\"https:\/\/www.lyachts.com\/de\/croatia\/#primaryimage\"},\"thumbnailUrl\":\"https:\/\/www.lyachts.com\/wp-content\/uploads\/2021\/02\/kroatia-2.jpg\",\"datePublished\":\"2018-07-09T22:44:29+00:00\",\"dateModified\":\"2021-11-02T20:48:04+00:00\",\"description\":\"Lyachts ist bereit, Ihnen eines unserer Lieblingsprogramme f\u00fcr Kroatien und das Adriatische Meer zu bieten oder Ihnen ein ma\u00dfgeschneidertes Angebot zu\",\"inLanguage\":\"de\",\"potentialAction\":[{\"@type\":\"ReadAction\",\"target\":[\"https:\/\/www.lyachts.com\/de\/croatia\/\"]}]},{\"@type\":\"ImageObject\",\"inLanguage\":\"de\",\"@id\":\"https:\/\/www.lyachts.com\/de\/croatia\/#primaryimage\",\"url\":\"https:\/\/www.lyachts.com\/wp-content\/uploads\/2021\/02\/kroatia-2.jpg\",\"contentUrl\":\"https:\/\/www.lyachts.com\/wp-content\/uploads\/2021\/02\/kroatia-2.jpg\",\"width\":1400,\"height\":933},{\"@type\":\"WebSite\",\"@id\":\"https:\/\/www.lyachts.com\/en\/#website\",\"url\":\"https:\/\/www.lyachts.com\/en\/\",\"name\":\"LYachts\",\"description\":\"One goal, one passion - Lyachts services.\",\"potentialAction\":[{\"@type\":\"SearchAction\",\"target\":{\"@type\":\"EntryPoint\",\"urlTemplate\":\"https:\/\/www.lyachts.com\/en\/?s={search_term_string}\"},\"query-input\":{\"@type\":\"PropertyValueSpecification\",\"valueRequired\":true,\"valueName\":\"search_term_string\"}}],\"inLanguage\":\"de\"}]}<\/script>\n<!-- \/ Yoast SEO plugin. -->","yoast_head_json":{"title":"Kroatien und das Adriatische Meer - LYachts","description":"Lyachts ist bereit, Ihnen eines unserer Lieblingsprogramme f\u00fcr Kroatien und das Adriatische Meer zu bieten oder Ihnen ein ma\u00dfgeschneidertes Angebot zu","robots":{"index":"index","follow":"follow","max-snippet":"max-snippet:-1","max-image-preview":"max-image-preview:large","max-video-preview":"max-video-preview:-1"},"canonical":"https:\/\/www.lyachts.com\/de\/croatia\/","og_locale":"de_DE","og_type":"article","og_title":"Kroatien und das Adriatische Meer - LYachts","og_description":"Lyachts ist bereit, Ihnen eines unserer Lieblingsprogramme f\u00fcr Kroatien und das Adriatische Meer zu bieten oder Ihnen ein ma\u00dfgeschneidertes Angebot zu","og_url":"https:\/\/www.lyachts.com\/de\/croatia\/","og_site_name":"LYachts","article_publisher":"https:\/\/www.facebook.com\/Lyachts\/","article_modified_time":"2021-11-02T20:48:04+00:00","og_image":[{"width":1400,"height":933,"url":"https:\/\/www.lyachts.com\/wp-content\/uploads\/2021\/02\/kroatia-2.jpg","type":"image\/jpeg"}],"twitter_card":"summary_large_image","twitter_site":"@Lyachts2","twitter_misc":{"Gesch\u00e4tzte Lesezeit":"1\u00a0Minute"},"schema":{"@context":"https:\/\/schema.org","@graph":[{"@type":"WebPage","@id":"https:\/\/www.lyachts.com\/de\/croatia\/","url":"https:\/\/www.lyachts.com\/de\/croatia\/","name":"Kroatien und das Adriatische Meer - LYachts","isPartOf":{"@id":"https:\/\/www.lyachts.com\/en\/#website"},"primaryImageOfPage":{"@id":"https:\/\/www.lyachts.com\/de\/croatia\/#primaryimage"},"image":{"@id":"https:\/\/www.lyachts.com\/de\/croatia\/#primaryimage"},"thumbnailUrl":"https:\/\/www.lyachts.com\/wp-content\/uploads\/2021\/02\/kroatia-2.jpg","datePublished":"2018-07-09T22:44:29+00:00","dateModified":"2021-11-02T20:48:04+00:00","description":"Lyachts ist bereit, Ihnen eines unserer Lieblingsprogramme f\u00fcr Kroatien und das Adriatische Meer zu bieten oder Ihnen ein ma\u00dfgeschneidertes Angebot zu","inLanguage":"de","potentialAction":[{"@type":"ReadAction","target":["https:\/\/www.lyachts.com\/de\/croatia\/"]}]},{"@type":"ImageObject","inLanguage":"de","@id":"https:\/\/www.lyachts.com\/de\/croatia\/#primaryimage","url":"https:\/\/www.lyachts.com\/wp-content\/uploads\/2021\/02\/kroatia-2.jpg","contentUrl":"https:\/\/www.lyachts.com\/wp-content\/uploads\/2021\/02\/kroatia-2.jpg","width":1400,"height":933},{"@type":"WebSite","@id":"https:\/\/www.lyachts.com\/en\/#website","url":"https:\/\/www.lyachts.com\/en\/","name":"LYachts","description":"One goal, one passion - Lyachts services.","potentialAction":[{"@type":"SearchAction","target":{"@type":"EntryPoint","urlTemplate":"https:\/\/www.lyachts.com\/en\/?s={search_term_string}"},"query-input":{"@type":"PropertyValueSpecification","valueRequired":true,"valueName":"search_term_string"}}],"inLanguage":"de"}]}},"_links":{"self":[{"href":"https:\/\/www.lyachts.com\/de\/wp-json\/wp\/v2\/pages\/1597","targetHints":{"allow":["GET"]}}],"collection":[{"href":"https:\/\/www.lyachts.com\/de\/wp-json\/wp\/v2\/pages"}],"about":[{"href":"https:\/\/www.lyachts.com\/de\/wp-json\/wp\/v2\/types\/page"}],"author":[{"embeddable":true,"href":"https:\/\/www.lyachts.com\/de\/wp-json\/wp\/v2\/users\/1"}],"replies":[{"embeddable":true,"href":"https:\/\/www.lyachts.com\/de\/wp-json\/wp\/v2\/comments?post=1597"}],"version-history":[{"count":4,"href":"https:\/\/www.lyachts.com\/de\/wp-json\/wp\/v2\/pages\/1597\/revisions"}],"predecessor-version":[{"id":6158,"href":"https:\/\/www.lyachts.com\/de\/wp-json\/wp\/v2\/pages\/1597\/revisions\/6158"}],"wp:featuredmedia":[{"embeddable":true,"href":"https:\/\/www.lyachts.com\/de\/wp-json\/wp\/v2\/media\/151"}],"wp:attachment":[{"href":"https:\/\/www.lyachts.com\/de\/wp-json\/wp\/v2\/media?parent=1597"}],"wp:term":[{"taxonomy":"category","embeddable":true,"href":"https:\/\/www.lyachts.com\/de\/wp-json\/wp\/v2\/categories?post=1597"},{"taxonomy":"post_tag","embeddable":true,"href":"https:\/\/www.lyachts.com\/de\/wp-json\/wp\/v2\/tags?post=1597"}],"curies":[{"name":"wp","href":"https:\/\/api.w.org\/{rel}","templated":true}]}}