{"id":1623,"date":"2018-07-10T01:03:45","date_gmt":"2018-07-09T23:03:45","guid":{"rendered":"https:\/\/www.lyachts.com\/monaco\/"},"modified":"2021-11-02T23:28:28","modified_gmt":"2021-11-02T21:28:28","slug":"monaco","status":"publish","type":"page","link":"https:\/\/www.lyachts.com\/de\/monaco\/","title":{"rendered":"Monaco"},"content":{"rendered":"\n<div class=\"section-heading headingstyle-default section-align-center\" style=\"padding-top:248px;padding-bottom:28px;margin-bottom:0px;\"><h1 class=\"animation-standby animated fadeIn entry-title section-title\" style=\"font-weight:400;\">Monaco<\/h1><\/div>\n<div class=\"animation-standby animated fadeInUpSlight\">\n<p><p>Monaco und die C\u00f4te d&#8217;Azur, ein Luxus-Yachtcharter-Ziel der Extraklasse, aufgrund der weltber\u00fchmten Events.<\/p>\n<p>Das Filmfestival von Cannes, Monaco Formel 1 Grand Prix, Rallye Monte Carlo, Monte Carlo Rolex Masters, Monaco Boat Show sind nur einige der luxuri\u00f6sen Veranstaltungen. Lyachts l\u00e4dt Sie nach Monaco und an die franz\u00f6sische Riviera ein.<\/p>\n<p>Wenn Sie weitere Informationen \u00fcber Yachtcharter in Monaco und ben\u00f6tigen, ist Lyachts bereit, Ihnen ein komplettes Programm f\u00fcr die Saison Ihrer Wahl zu liefern oder Ihnen ein passendes Angebot zu machen.<\/p>\n<\/p>\n<\/div>\n<div class=\"flipbox-wrap text-is-bright\"><div class=\"flipbox-card-flip\"><div class=\"flipbox-card-front\" style=\"background-image: url(https:\/\/www.lyachts.com\/wp-content\/uploads\/2021\/02\/search-yacht.jpg);\"><div class=\"flipbox-card-container-front\"><div class=\"flipbox-icon\"><i class=\"fa fa-ship\"><\/i><\/div><h2>Yacht Suche<\/h2><p><p> Wir sind bereit Ihren Traumurlaub wahr werden zu lassen. <\/p>\n<\/p><\/div><div class=\"flip-overlay\"><\/div><\/div><div class=\"flipbox-card-back\" style=\"background-image: url();\"><div class=\"flipbox-card-container-back\"><a href=\"https:\/\/www.lyachts.com\/de\/search-yacht\/\"  class=\"mtheme-button\">Mehr<\/a><\/div><div class=\"flip-overlay\"><\/div><\/div><\/div><\/div>\n<div class=\"callout-wrap animation-standby animated fadeInUpSlight calltype- clearfix\"><div class=\"callout clearfix\"><div class=\"first-half\"><h3 class=\"callout-title\">Bitte kontaktieren Sie uns, wir helfen Ihnen gerne weiter.<\/h3><div class=\"callout-desc\"><\/div><\/div><div class=\"second-half\"><div class=\"callout-button\"><div class=\"button-shortcode button-shortcode-69f55347cd6d2\"><a href=\"https:\/\/www.lyachts.com\/de\/contact-us\" ><div  class=\"mtheme-button\"><span class=\"button-icon\"><i class=\"fa fa-envelope\"><\/i><\/span>Erfahren Sie mehr<\/div><\/a><\/div><\/div><\/div><\/div><\/div>\n","protected":false},"excerpt":{"rendered":"<p>Monaco und die C\u00f4te d&#8217;Azur, ein Luxus-Yachtcharter-Ziel der Extraklasse, aufgrund der weltber\u00fchmten Events. Das Filmfestival von Cannes, Monaco Formel 1 Grand Prix, Rallye Monte Carlo, Monte Carlo Rolex Masters, Monaco Boat Show sind nur einige der luxuri\u00f6sen Veranstaltungen. Lyachts l\u00e4dt Sie nach Monaco und an die franz\u00f6sische Riviera ein. Wenn Sie weitere Informationen \u00fcber Yachtcharter in Monaco und ben\u00f6tigen, ist Lyachts bereit, Ihnen ein komplettes Programm f\u00fcr die Saison Ihrer Wahl zu liefern oder Ihnen ein passendes Angebot zu machen.<\/p>\n","protected":false},"author":1,"featured_media":183,"parent":0,"menu_order":0,"comment_status":"closed","ping_status":"closed","template":"","meta":{"footnotes":""},"categories":[],"tags":[],"class_list":["post-1623","page","type-page","status-publish","has-post-thumbnail","hentry"],"yoast_head":"<!-- This site is optimized with the Yoast SEO plugin v26.2 - https:\/\/yoast.com\/wordpress\/plugins\/seo\/ -->\n<title>Monaco - LYachts<\/title>\n<meta name=\"description\" content=\"Monaco und die C\u00f4te d&#039;Azur, ein Luxus-Yachtcharter-Ziel der Extraklasse, aufgrund der weltber\u00fchmten Events. Das Filmfestival von Cannes, Monaco Formel 1\" \/>\n<meta name=\"robots\" content=\"index, follow, max-snippet:-1, max-image-preview:large, max-video-preview:-1\" \/>\n<link rel=\"canonical\" href=\"https:\/\/www.lyachts.com\/de\/monaco\/\" \/>\n<meta property=\"og:locale\" content=\"de_DE\" \/>\n<meta property=\"og:type\" content=\"article\" \/>\n<meta property=\"og:title\" content=\"Monaco - LYachts\" \/>\n<meta property=\"og:description\" content=\"Monaco und die C\u00f4te d&#039;Azur, ein Luxus-Yachtcharter-Ziel der Extraklasse, aufgrund der weltber\u00fchmten Events. Das Filmfestival von Cannes, Monaco Formel 1\" \/>\n<meta property=\"og:url\" content=\"https:\/\/www.lyachts.com\/de\/monaco\/\" \/>\n<meta property=\"og:site_name\" content=\"LYachts\" \/>\n<meta property=\"article:publisher\" content=\"https:\/\/www.facebook.com\/Lyachts\/\" \/>\n<meta property=\"article:modified_time\" content=\"2021-11-02T21:28:28+00:00\" \/>\n<meta property=\"og:image\" content=\"https:\/\/www.lyachts.com\/wp-content\/uploads\/2021\/02\/monaco-port.jpg\" \/>\n\t<meta property=\"og:image:width\" content=\"1400\" \/>\n\t<meta property=\"og:image:height\" content=\"865\" \/>\n\t<meta property=\"og:image:type\" content=\"image\/jpeg\" \/>\n<meta name=\"twitter:card\" content=\"summary_large_image\" \/>\n<meta name=\"twitter:site\" content=\"@Lyachts2\" \/>\n<meta name=\"twitter:label1\" content=\"Gesch\u00e4tzte Lesezeit\" \/>\n\t<meta name=\"twitter:data1\" content=\"1\u00a0Minute\" \/>\n<script type=\"application\/ld+json\" class=\"yoast-schema-graph\">{\"@context\":\"https:\/\/schema.org\",\"@graph\":[{\"@type\":\"WebPage\",\"@id\":\"https:\/\/www.lyachts.com\/de\/monaco\/\",\"url\":\"https:\/\/www.lyachts.com\/de\/monaco\/\",\"name\":\"Monaco - LYachts\",\"isPartOf\":{\"@id\":\"https:\/\/www.lyachts.com\/en\/#website\"},\"primaryImageOfPage\":{\"@id\":\"https:\/\/www.lyachts.com\/de\/monaco\/#primaryimage\"},\"image\":{\"@id\":\"https:\/\/www.lyachts.com\/de\/monaco\/#primaryimage\"},\"thumbnailUrl\":\"https:\/\/www.lyachts.com\/wp-content\/uploads\/2021\/02\/monaco-port.jpg\",\"datePublished\":\"2018-07-09T23:03:45+00:00\",\"dateModified\":\"2021-11-02T21:28:28+00:00\",\"description\":\"Monaco und die C\u00f4te d'Azur, ein Luxus-Yachtcharter-Ziel der Extraklasse, aufgrund der weltber\u00fchmten Events. Das Filmfestival von Cannes, Monaco Formel 1\",\"inLanguage\":\"de\",\"potentialAction\":[{\"@type\":\"ReadAction\",\"target\":[\"https:\/\/www.lyachts.com\/de\/monaco\/\"]}]},{\"@type\":\"ImageObject\",\"inLanguage\":\"de\",\"@id\":\"https:\/\/www.lyachts.com\/de\/monaco\/#primaryimage\",\"url\":\"https:\/\/www.lyachts.com\/wp-content\/uploads\/2021\/02\/monaco-port.jpg\",\"contentUrl\":\"https:\/\/www.lyachts.com\/wp-content\/uploads\/2021\/02\/monaco-port.jpg\",\"width\":1400,\"height\":865},{\"@type\":\"WebSite\",\"@id\":\"https:\/\/www.lyachts.com\/en\/#website\",\"url\":\"https:\/\/www.lyachts.com\/en\/\",\"name\":\"LYachts\",\"description\":\"One goal, one passion - Lyachts services.\",\"potentialAction\":[{\"@type\":\"SearchAction\",\"target\":{\"@type\":\"EntryPoint\",\"urlTemplate\":\"https:\/\/www.lyachts.com\/en\/?s={search_term_string}\"},\"query-input\":{\"@type\":\"PropertyValueSpecification\",\"valueRequired\":true,\"valueName\":\"search_term_string\"}}],\"inLanguage\":\"de\"}]}<\/script>\n<!-- \/ Yoast SEO plugin. -->","yoast_head_json":{"title":"Monaco - LYachts","description":"Monaco und die C\u00f4te d'Azur, ein Luxus-Yachtcharter-Ziel der Extraklasse, aufgrund der weltber\u00fchmten Events. Das Filmfestival von Cannes, Monaco Formel 1","robots":{"index":"index","follow":"follow","max-snippet":"max-snippet:-1","max-image-preview":"max-image-preview:large","max-video-preview":"max-video-preview:-1"},"canonical":"https:\/\/www.lyachts.com\/de\/monaco\/","og_locale":"de_DE","og_type":"article","og_title":"Monaco - LYachts","og_description":"Monaco und die C\u00f4te d'Azur, ein Luxus-Yachtcharter-Ziel der Extraklasse, aufgrund der weltber\u00fchmten Events. Das Filmfestival von Cannes, Monaco Formel 1","og_url":"https:\/\/www.lyachts.com\/de\/monaco\/","og_site_name":"LYachts","article_publisher":"https:\/\/www.facebook.com\/Lyachts\/","article_modified_time":"2021-11-02T21:28:28+00:00","og_image":[{"width":1400,"height":865,"url":"https:\/\/www.lyachts.com\/wp-content\/uploads\/2021\/02\/monaco-port.jpg","type":"image\/jpeg"}],"twitter_card":"summary_large_image","twitter_site":"@Lyachts2","twitter_misc":{"Gesch\u00e4tzte Lesezeit":"1\u00a0Minute"},"schema":{"@context":"https:\/\/schema.org","@graph":[{"@type":"WebPage","@id":"https:\/\/www.lyachts.com\/de\/monaco\/","url":"https:\/\/www.lyachts.com\/de\/monaco\/","name":"Monaco - LYachts","isPartOf":{"@id":"https:\/\/www.lyachts.com\/en\/#website"},"primaryImageOfPage":{"@id":"https:\/\/www.lyachts.com\/de\/monaco\/#primaryimage"},"image":{"@id":"https:\/\/www.lyachts.com\/de\/monaco\/#primaryimage"},"thumbnailUrl":"https:\/\/www.lyachts.com\/wp-content\/uploads\/2021\/02\/monaco-port.jpg","datePublished":"2018-07-09T23:03:45+00:00","dateModified":"2021-11-02T21:28:28+00:00","description":"Monaco und die C\u00f4te d'Azur, ein Luxus-Yachtcharter-Ziel der Extraklasse, aufgrund der weltber\u00fchmten Events. Das Filmfestival von Cannes, Monaco Formel 1","inLanguage":"de","potentialAction":[{"@type":"ReadAction","target":["https:\/\/www.lyachts.com\/de\/monaco\/"]}]},{"@type":"ImageObject","inLanguage":"de","@id":"https:\/\/www.lyachts.com\/de\/monaco\/#primaryimage","url":"https:\/\/www.lyachts.com\/wp-content\/uploads\/2021\/02\/monaco-port.jpg","contentUrl":"https:\/\/www.lyachts.com\/wp-content\/uploads\/2021\/02\/monaco-port.jpg","width":1400,"height":865},{"@type":"WebSite","@id":"https:\/\/www.lyachts.com\/en\/#website","url":"https:\/\/www.lyachts.com\/en\/","name":"LYachts","description":"One goal, one passion - Lyachts services.","potentialAction":[{"@type":"SearchAction","target":{"@type":"EntryPoint","urlTemplate":"https:\/\/www.lyachts.com\/en\/?s={search_term_string}"},"query-input":{"@type":"PropertyValueSpecification","valueRequired":true,"valueName":"search_term_string"}}],"inLanguage":"de"}]}},"_links":{"self":[{"href":"https:\/\/www.lyachts.com\/de\/wp-json\/wp\/v2\/pages\/1623","targetHints":{"allow":["GET"]}}],"collection":[{"href":"https:\/\/www.lyachts.com\/de\/wp-json\/wp\/v2\/pages"}],"about":[{"href":"https:\/\/www.lyachts.com\/de\/wp-json\/wp\/v2\/types\/page"}],"author":[{"embeddable":true,"href":"https:\/\/www.lyachts.com\/de\/wp-json\/wp\/v2\/users\/1"}],"replies":[{"embeddable":true,"href":"https:\/\/www.lyachts.com\/de\/wp-json\/wp\/v2\/comments?post=1623"}],"version-history":[{"count":5,"href":"https:\/\/www.lyachts.com\/de\/wp-json\/wp\/v2\/pages\/1623\/revisions"}],"predecessor-version":[{"id":6181,"href":"https:\/\/www.lyachts.com\/de\/wp-json\/wp\/v2\/pages\/1623\/revisions\/6181"}],"wp:featuredmedia":[{"embeddable":true,"href":"https:\/\/www.lyachts.com\/de\/wp-json\/wp\/v2\/media\/183"}],"wp:attachment":[{"href":"https:\/\/www.lyachts.com\/de\/wp-json\/wp\/v2\/media?parent=1623"}],"wp:term":[{"taxonomy":"category","embeddable":true,"href":"https:\/\/www.lyachts.com\/de\/wp-json\/wp\/v2\/categories?post=1623"},{"taxonomy":"post_tag","embeddable":true,"href":"https:\/\/www.lyachts.com\/de\/wp-json\/wp\/v2\/tags?post=1623"}],"curies":[{"name":"wp","href":"https:\/\/api.w.org\/{rel}","templated":true}]}}