{"id":302,"date":"2018-06-22T10:46:50","date_gmt":"2018-06-22T07:46:50","guid":{"rendered":"https:\/\/www.lyachts.com\/privacy-policy\/"},"modified":"2021-02-17T03:24:13","modified_gmt":"2021-02-17T00:24:13","slug":"privacy-policy","status":"publish","type":"page","link":"https:\/\/www.lyachts.com\/de\/privacy-policy\/","title":{"rendered":"Datenschutzbestimmungen"},"content":{"rendered":"<p>In diesem Dokument werden Ihre Rechte und Pflichten auf der Website von lyachts.com erl\u00e4utert. Bitte lesen Sie es sorgf\u00e4ltig durch, da Sie bei der Nutzung der Website an deren Inhalt gebunden sind. Dieses Dokument deckt nur den Teil unserer Website ab, der sich mit den kommerziellen und technischen Informationen \u00fcber unser Unternehmen und unsere Dienstleistungen befasst. Dieses Dokument gilt nicht f\u00fcr die Nutzun des Internets.<\/p>\n<p><strong>Haftungsausschluss<\/strong><br \/>\nDie Website von lyachts.com enth\u00e4lt viele Informationen. Obwohl wir die von uns ver\u00f6ffentlichten Informationen sorgf\u00e4ltig erstellen, versuchen wir Fehler so schnell wie m\u00f6glich zu korrigieren. Sie sollten sich bewusst sein, dass Sie die Informationen auf dieser Website auf eigenes Risiko verwenden. Dies bedeutet, dass &#8211; soweit gesetzlich zul\u00e4ssig &#8211; lyachts in keiner Weise &#8222;vertraglich&#8220; oder &#8222;au\u00dfervertraglich&#8220; f\u00fcr irgendeinen Schaden haftbar ist, den diese Website (oder eine externe Website, auf die wir verlinken) Ihnen zuf\u00fcgen k\u00f6nnte, au\u00dfer nat\u00fcrlich , die Website ver\u00f6ffentlicht Informationen, die absichtlich betr\u00fcgerische oder sch\u00e4dliche Informationen haben &#8211; was sehr unwahrscheinlich ist!<\/p>\n<p><strong>Privatsph\u00e4re<\/strong><br \/>\nLyachts nimmt die Privatsph\u00e4re ernst. Wenn Sie unsere Website besuchen, sammeln unsere Server einige technische Informationen \u00fcber Sie (Web-Browser-Typ, IP-Adresse) und verfolgen auch, welche Seiten Sie auf unserer Website besuchen, f\u00fcr einen Zeitraum von bis zu 24 Monaten. Solange Sie nicht eingeloggt sind, sind diese Informationen ziemlich anonym und wir verwenden sie nur, um anonyme Statistiken zu erstellen (f\u00fcr die Nutzung des Unternehmens). Wir k\u00f6nnen auch die \u00fcber Sie gesammelten Informationen zur Verf\u00fcgung stellen, wenn wir in F\u00e4llen von Betrug oder anderen kriminellen Aktivit\u00e4ten von den zust\u00e4ndigen Justizbeh\u00f6rden dazu aufgefordert werden.Diese Website verwendet mehrere Cookies. Sie speichern technische Informationen, die es uns erm\u00f6glichen, mit Ihrem Browser besser zu interagieren und Sie bei sp\u00e4teren Besuchen unserer Website zu identifizieren.Diese Website verwendet auch Google Analytics, um nicht identifizierende und zusammengefasste Informationen zu sammeln, um unsere Website zu verbessern.<\/p>\n<p><strong>\u00dcber uns<\/strong><br \/>\nlyachts.com Website wird seit 2018 betrieben.<\/p>\n<p>Wenn Sie Fragen haben oder Ihr Recht auf Zugang oder Korrektur Ihrer pers\u00f6nlichen Daten aus\u00fcben m\u00f6chten, kontaktieren Sie uns bitte \u00fcber unser Kontaktformular.<\/p>\n<p><strong>Legaler Wohnsitz<\/strong><br \/>\nUnsere Firma befindet sich in Athen, Griechenland. Wir behandeln Ihre pers\u00f6nlichen Daten in \u00dcbereinstimmung mit den strengen Anforderungen der griechisch Datenschutz- und Datenschutzgesetze. Jede Forderung, Klage, die Diskussion oder \u00e4hnliche im Zusammenhang mit diesem Dokument oder der Nutzung dieser Website ist unter der Zust\u00e4ndigkeit des griechisch Gesetzes und wird vor Gericht in Griechenland angesprochen werden .<\/p>\n<p>&nbsp;<\/p>\n","protected":false},"excerpt":{"rendered":"<p>In diesem Dokument werden Ihre Rechte und Pflichten auf der Website von lyachts.com erl\u00e4utert. Bitte lesen Sie es sorgf\u00e4ltig durch, da Sie bei der Nutzung der Website an deren Inhalt gebunden sind. Dieses Dokument deckt nur den Teil unserer Website ab, der sich mit den kommerziellen und technischen Informationen \u00fcber unser Unternehmen und unsere Dienstleistungen befasst. Dieses Dokument gilt nicht f\u00fcr die Nutzun des Internets. Haftungsausschluss Die Website von lyachts.com enth\u00e4lt viele Informationen. Obwohl wir die von uns ver\u00f6ffentlichten Informationen [&hellip;]<\/p>\n","protected":false},"author":1,"featured_media":297,"parent":0,"menu_order":0,"comment_status":"closed","ping_status":"closed","template":"","meta":{"footnotes":""},"categories":[],"tags":[],"class_list":["post-302","page","type-page","status-publish","has-post-thumbnail","hentry"],"yoast_head":"<!-- This site is optimized with the Yoast SEO plugin v26.2 - https:\/\/yoast.com\/wordpress\/plugins\/seo\/ -->\n<title>Datenschutzbestimmungen - LYachts<\/title>\n<meta name=\"description\" content=\"In diesem Dokument werden Ihre Rechte und Pflichten auf der Website von lyachts.com erl\u00e4utert. Bitte lesen Sie es sorgf\u00e4ltig durch, da Sie bei der Nutzung\" \/>\n<meta name=\"robots\" content=\"index, follow, max-snippet:-1, max-image-preview:large, max-video-preview:-1\" \/>\n<link rel=\"canonical\" href=\"https:\/\/www.lyachts.com\/de\/privacy-policy\/\" \/>\n<meta property=\"og:locale\" content=\"de_DE\" \/>\n<meta property=\"og:type\" content=\"article\" \/>\n<meta property=\"og:title\" content=\"Datenschutzbestimmungen - LYachts\" \/>\n<meta property=\"og:description\" content=\"In diesem Dokument werden Ihre Rechte und Pflichten auf der Website von lyachts.com erl\u00e4utert. Bitte lesen Sie es sorgf\u00e4ltig durch, da Sie bei der Nutzung\" \/>\n<meta property=\"og:url\" content=\"https:\/\/www.lyachts.com\/de\/privacy-policy\/\" \/>\n<meta property=\"og:site_name\" content=\"LYachts\" \/>\n<meta property=\"article:publisher\" content=\"https:\/\/www.facebook.com\/Lyachts\/\" \/>\n<meta property=\"article:modified_time\" content=\"2021-02-17T00:24:13+00:00\" \/>\n<meta property=\"og:image\" content=\"https:\/\/www.lyachts.com\/wp-content\/uploads\/2021\/02\/privacy-policy.jpg\" \/>\n\t<meta property=\"og:image:width\" content=\"1400\" \/>\n\t<meta property=\"og:image:height\" content=\"933\" \/>\n\t<meta property=\"og:image:type\" content=\"image\/jpeg\" \/>\n<meta name=\"twitter:card\" content=\"summary_large_image\" \/>\n<meta name=\"twitter:site\" content=\"@Lyachts2\" \/>\n<meta name=\"twitter:label1\" content=\"Gesch\u00e4tzte Lesezeit\" \/>\n\t<meta name=\"twitter:data1\" content=\"2\u00a0Minuten\" \/>\n<script type=\"application\/ld+json\" class=\"yoast-schema-graph\">{\"@context\":\"https:\/\/schema.org\",\"@graph\":[{\"@type\":\"WebPage\",\"@id\":\"https:\/\/www.lyachts.com\/de\/privacy-policy\/\",\"url\":\"https:\/\/www.lyachts.com\/de\/privacy-policy\/\",\"name\":\"Datenschutzbestimmungen - LYachts\",\"isPartOf\":{\"@id\":\"https:\/\/www.lyachts.com\/en\/#website\"},\"primaryImageOfPage\":{\"@id\":\"https:\/\/www.lyachts.com\/de\/privacy-policy\/#primaryimage\"},\"image\":{\"@id\":\"https:\/\/www.lyachts.com\/de\/privacy-policy\/#primaryimage\"},\"thumbnailUrl\":\"https:\/\/www.lyachts.com\/wp-content\/uploads\/2021\/02\/privacy-policy.jpg\",\"datePublished\":\"2018-06-22T07:46:50+00:00\",\"dateModified\":\"2021-02-17T00:24:13+00:00\",\"description\":\"In diesem Dokument werden Ihre Rechte und Pflichten auf der Website von lyachts.com erl\u00e4utert. Bitte lesen Sie es sorgf\u00e4ltig durch, da Sie bei der Nutzung\",\"inLanguage\":\"de\",\"potentialAction\":[{\"@type\":\"ReadAction\",\"target\":[\"https:\/\/www.lyachts.com\/de\/privacy-policy\/\"]}]},{\"@type\":\"ImageObject\",\"inLanguage\":\"de\",\"@id\":\"https:\/\/www.lyachts.com\/de\/privacy-policy\/#primaryimage\",\"url\":\"https:\/\/www.lyachts.com\/wp-content\/uploads\/2021\/02\/privacy-policy.jpg\",\"contentUrl\":\"https:\/\/www.lyachts.com\/wp-content\/uploads\/2021\/02\/privacy-policy.jpg\",\"width\":1400,\"height\":933},{\"@type\":\"WebSite\",\"@id\":\"https:\/\/www.lyachts.com\/en\/#website\",\"url\":\"https:\/\/www.lyachts.com\/en\/\",\"name\":\"LYachts\",\"description\":\"One goal, one passion - Lyachts services.\",\"potentialAction\":[{\"@type\":\"SearchAction\",\"target\":{\"@type\":\"EntryPoint\",\"urlTemplate\":\"https:\/\/www.lyachts.com\/en\/?s={search_term_string}\"},\"query-input\":{\"@type\":\"PropertyValueSpecification\",\"valueRequired\":true,\"valueName\":\"search_term_string\"}}],\"inLanguage\":\"de\"}]}<\/script>\n<!-- \/ Yoast SEO plugin. -->","yoast_head_json":{"title":"Datenschutzbestimmungen - LYachts","description":"In diesem Dokument werden Ihre Rechte und Pflichten auf der Website von lyachts.com erl\u00e4utert. Bitte lesen Sie es sorgf\u00e4ltig durch, da Sie bei der Nutzung","robots":{"index":"index","follow":"follow","max-snippet":"max-snippet:-1","max-image-preview":"max-image-preview:large","max-video-preview":"max-video-preview:-1"},"canonical":"https:\/\/www.lyachts.com\/de\/privacy-policy\/","og_locale":"de_DE","og_type":"article","og_title":"Datenschutzbestimmungen - LYachts","og_description":"In diesem Dokument werden Ihre Rechte und Pflichten auf der Website von lyachts.com erl\u00e4utert. Bitte lesen Sie es sorgf\u00e4ltig durch, da Sie bei der Nutzung","og_url":"https:\/\/www.lyachts.com\/de\/privacy-policy\/","og_site_name":"LYachts","article_publisher":"https:\/\/www.facebook.com\/Lyachts\/","article_modified_time":"2021-02-17T00:24:13+00:00","og_image":[{"width":1400,"height":933,"url":"https:\/\/www.lyachts.com\/wp-content\/uploads\/2021\/02\/privacy-policy.jpg","type":"image\/jpeg"}],"twitter_card":"summary_large_image","twitter_site":"@Lyachts2","twitter_misc":{"Gesch\u00e4tzte Lesezeit":"2\u00a0Minuten"},"schema":{"@context":"https:\/\/schema.org","@graph":[{"@type":"WebPage","@id":"https:\/\/www.lyachts.com\/de\/privacy-policy\/","url":"https:\/\/www.lyachts.com\/de\/privacy-policy\/","name":"Datenschutzbestimmungen - LYachts","isPartOf":{"@id":"https:\/\/www.lyachts.com\/en\/#website"},"primaryImageOfPage":{"@id":"https:\/\/www.lyachts.com\/de\/privacy-policy\/#primaryimage"},"image":{"@id":"https:\/\/www.lyachts.com\/de\/privacy-policy\/#primaryimage"},"thumbnailUrl":"https:\/\/www.lyachts.com\/wp-content\/uploads\/2021\/02\/privacy-policy.jpg","datePublished":"2018-06-22T07:46:50+00:00","dateModified":"2021-02-17T00:24:13+00:00","description":"In diesem Dokument werden Ihre Rechte und Pflichten auf der Website von lyachts.com erl\u00e4utert. Bitte lesen Sie es sorgf\u00e4ltig durch, da Sie bei der Nutzung","inLanguage":"de","potentialAction":[{"@type":"ReadAction","target":["https:\/\/www.lyachts.com\/de\/privacy-policy\/"]}]},{"@type":"ImageObject","inLanguage":"de","@id":"https:\/\/www.lyachts.com\/de\/privacy-policy\/#primaryimage","url":"https:\/\/www.lyachts.com\/wp-content\/uploads\/2021\/02\/privacy-policy.jpg","contentUrl":"https:\/\/www.lyachts.com\/wp-content\/uploads\/2021\/02\/privacy-policy.jpg","width":1400,"height":933},{"@type":"WebSite","@id":"https:\/\/www.lyachts.com\/en\/#website","url":"https:\/\/www.lyachts.com\/en\/","name":"LYachts","description":"One goal, one passion - Lyachts services.","potentialAction":[{"@type":"SearchAction","target":{"@type":"EntryPoint","urlTemplate":"https:\/\/www.lyachts.com\/en\/?s={search_term_string}"},"query-input":{"@type":"PropertyValueSpecification","valueRequired":true,"valueName":"search_term_string"}}],"inLanguage":"de"}]}},"_links":{"self":[{"href":"https:\/\/www.lyachts.com\/de\/wp-json\/wp\/v2\/pages\/302","targetHints":{"allow":["GET"]}}],"collection":[{"href":"https:\/\/www.lyachts.com\/de\/wp-json\/wp\/v2\/pages"}],"about":[{"href":"https:\/\/www.lyachts.com\/de\/wp-json\/wp\/v2\/types\/page"}],"author":[{"embeddable":true,"href":"https:\/\/www.lyachts.com\/de\/wp-json\/wp\/v2\/users\/1"}],"replies":[{"embeddable":true,"href":"https:\/\/www.lyachts.com\/de\/wp-json\/wp\/v2\/comments?post=302"}],"version-history":[{"count":1,"href":"https:\/\/www.lyachts.com\/de\/wp-json\/wp\/v2\/pages\/302\/revisions"}],"predecessor-version":[{"id":303,"href":"https:\/\/www.lyachts.com\/de\/wp-json\/wp\/v2\/pages\/302\/revisions\/303"}],"wp:featuredmedia":[{"embeddable":true,"href":"https:\/\/www.lyachts.com\/de\/wp-json\/wp\/v2\/media\/297"}],"wp:attachment":[{"href":"https:\/\/www.lyachts.com\/de\/wp-json\/wp\/v2\/media?parent=302"}],"wp:term":[{"taxonomy":"category","embeddable":true,"href":"https:\/\/www.lyachts.com\/de\/wp-json\/wp\/v2\/categories?post=302"},{"taxonomy":"post_tag","embeddable":true,"href":"https:\/\/www.lyachts.com\/de\/wp-json\/wp\/v2\/tags?post=302"}],"curies":[{"name":"wp","href":"https:\/\/api.w.org\/{rel}","templated":true}]}}