{"id":309,"date":"2018-07-29T11:02:52","date_gmt":"2018-07-29T08:02:52","guid":{"rendered":"https:\/\/www.lyachts.com\/cookie-policy\/"},"modified":"2021-02-17T03:29:26","modified_gmt":"2021-02-17T00:29:26","slug":"cookie-policy","status":"publish","type":"page","link":"https:\/\/www.lyachts.com\/de\/cookie-policy\/","title":{"rendered":"Cookie Richtlinien"},"content":{"rendered":"<p><strong>1. Was sind Cookies?<\/strong><br \/>\nCookies sind kleine Teile von Textdateien, die beim Besuch einer Site im Browser des Benutzers gespeichert werden. Die auf dem Computer des Benutzers gespeicherten Informationen k\u00f6nnen<br \/>\nInformationen, wie die vom Benutzer besuchten Seiten, das Datum und die Uhrzeit des Besuchs, sowie eine zuf\u00e4llige und eindeutige Benutzer-ID-Nummer enthalten. Durch die Nutzung dieser Site kann die Site n\u00fctzliche Informationen f\u00fcr das Browsen des Benutzers auf der Site speichern und diese Informationen lesen, um dem Benutzer ein einheitliches Browsing-Erlebnis zu bieten.<\/p>\n<p><strong>2. Welche Cookies verwenden wir auf unserer Website?<\/strong><br \/>\nWir verwenden Cookies auf unseren Websites, um Internetsitzungen zu verwalten, personalisierte Webseiten bereitzustellen und Werbe- und andere Inhalte an Ihre speziellen Bed\u00fcrfnisse und Interessen anzupassen. Cookies k\u00f6nnen auch verwendet werden, um anonyme aggregierte Statistiken zu erstellen, die es uns erm\u00f6glichen zu verstehen, wie die \u00d6ffentlichkeit unsere Websites nutzt, und dabei helfen, ihre Struktur und ihren Inhalt zu verbessern. Wir k\u00f6nnen Ihre pers\u00f6nliche Identit\u00e4t anhand dieser Informationen nicht \u00fcberpr\u00fcfen. Sie k\u00f6nnen die Browsereinstellungen so \u00e4ndern, dass einige oder alle Cookies au\u00dfer dem, was unbedingt erforderlich ist, gel\u00f6scht werden. Sie sollten sich bewusst sein, dass einige Funktionen nur durch die Verwendung von Cookies verf\u00fcgbar sind. Wenn Sie Cookies deaktivieren m\u00f6chten, sind diese Funktionen m\u00f6glicherweise nicht verf\u00fcgbar. Im Allgemeinen werden die folgenden Kategorien von Cookies in unseren Websites verwendet.<\/p>\n<p><strong>Notwendige Cookies<\/strong><br \/>\nDie notwendigen, ansonsten unbedingt notwendigen Cookies sind f\u00fcr den ordnungsgem\u00e4\u00dfen Betrieb unserer Seiten unerl\u00e4sslich, erm\u00f6glichen Ihnen das Durchsuchen und die Nutzung ihrer Funktionen, wie z. B. den Zugang zu gesicherten Bereichen oder die Nutzung des Warenkorbes. Diese Cookies erkennen Ihre individuelle Identit\u00e4t nicht an. Ohne diese Cookies k\u00f6nnen wir keinen effizienten Betrieb unserer Sites gew\u00e4hrleisten.<\/p>\n<p><strong>Funktionalit\u00e4t Cookies (Einstellungen)<\/strong><br \/>\nDiese Cookies erm\u00f6glichen Websites, sich Benutzeroptionen wie Benutzername, Sprache oder Region zu merken, um verbesserte und personalisierte Funktionen bereitzustellen. Sie k\u00f6nnen auch verwendet werden, um Dienste bereitzustellen, die vom Benutzer angefordert wurden, z. B. das Anzeigen von, Videos oder die Verwendung von sozialen Medien. Die Informationen, die diese Cookies sammeln, k\u00f6nnen anonym sein, und es ist nicht m\u00f6glich, die Aktivit\u00e4ten beim Durchsuchen anderer Websites zu verfolgen. Wenn Sie diese Cookies nicht akzeptieren, k\u00f6nnen die Leistung und Funktionalit\u00e4t der Websites beeintr\u00e4chtigt sein und Ihr Zugriff auf den Inhalt eingeschr\u00e4nkt sein.<\/p>\n<p><strong>Leistungscookies (Statistiken)<\/strong><br \/>\nDiese Cookies sammeln Informationen dar\u00fcber, wie Besucher unsere Websites nutzen, zum Beispiel welche Seiten sie h\u00e4ufiger besuchen und ob sie Fehlermeldungen von Webseiten erhalten. Diese Cookies sammeln aggregierte, anonyme Informationen, die keinen Besucher identifizieren. Sie dienen ausschlie\u00dflich dazu, die Leistung einer Website zu verbessern.<\/p>\n<p><strong>Marketing-Cookies<\/strong><br \/>\nDiese Cookies werden verwendet, um Inhalte bereitzustellen, die am besten zu Ihnen und Ihren Interessen passen. Sie k\u00f6nnen zum Senden von gezielten Anzeigen \/ Geboten, zum Einschr\u00e4nken von Anzeigenimpressionen oder zum Messen der Effektivit\u00e4t einer Anzeigenkampagne verwendet werden. Diese Cookies k\u00f6nnen verwendet werden, um sich an die von Ihnen besuchten Websites zu erinnern, um festzustellen, welche Online-Marketing-Kan\u00e4le am effektivsten sind, und um es uns zu erm\u00f6glichen, externe Websites und Partner zu belohnen, die Sie zu uns bef\u00f6rdert haben.<\/p>\n<p><strong>Cookies von Drittanbietern<\/strong><br \/>\nDiese Cookies werden von unseren Partnern in unserem Auftrag platziert. Mit diesen Cookies sammeln sie Daten \u00fcber Ihre Anzeigenleistung und Interaktion mit unseren Websites. Diese Daten k\u00f6nnen von unseren Partnern verwendet werden, um statistische Schlussfolgerungen zu ziehen und Ihre Werbeerfahrung als Besucher zu verbessern.<\/p>\n<p><strong>3. Wie \u00fcberpr\u00fcfe ich Cookies?<\/strong><br \/>\nSie k\u00f6nnen Ihre Zustimmung jederzeit widerrufen oder die Verwendung von Cookies auf Ihrem Computer oder Ger\u00e4t widerrufen, um Cookies zu \u00fcberpr\u00fcfen und \/ oder zu l\u00f6schen.<\/p>\n<p><strong>4. Was sind deine Rechte?<\/strong><br \/>\nSie haben die Rechte:<\/p>\n<ul>\n<li>Greifen Sie auf Ihre Daten zu<\/li>\n<li>Korrigieren oder L\u00f6schen Ihrer Daten<\/li>\n<li>Portabilit\u00e4t Ihrer Daten<\/li>\n<li>Beschr\u00e4nken Sie Ihre Datenverarbeitung<\/li>\n<li>Ablehnung Ihrer Datenverarbeitung<\/li>\n<li>Verzicht auf Ihre Zustimmung zur Verwendung einiger oder aller Cookies und damit zur Verarbeitung Ihrer Daten.<\/li>\n<\/ul>\n<p>Um diese Rechte auszu\u00fcben, k\u00f6nnen Sie Ihre Anfrage an info@lyachts.com senden und einreichen, falls Sie der Meinung sind, dass Ihre Verarbeitung Ihrer pers\u00f6nlichen Daten gegen geltendes Recht zum Schutz personenbezogener Daten verst\u00f6\u00dft, Datenschutzbeh\u00f6rde (Post B\u00fcro Kifisias 1-3, PC 115 23, Athen, Tel. 210 6475600, E-Mail-Adresse contact@dpa.gr). Wenn Sie Fragen bez\u00fcglich der Verarbeitung Ihrer personenbezogenen Daten und der Aus\u00fcbung Ihrer Rechte haben, k\u00f6nnen Sie sich an die E-Mail-Adresse info@lyachts.com wenden<\/p>\n<p><strong>5. Wo finden Sie weitere Informationen zum Schutz personenbezogener Daten, die durch Cookies <\/strong><strong>gesammelt werden?<\/strong><br \/>\nInformationen zum Schutz Ihrer pers\u00f6nlichen Daten und zu Ihren Rechten finden Sie in der Datenschutzerkl\u00e4rung hier.<\/p>\n<p><strong>6. Wo finden Sie weitere Informationen zur allgemeinen Cookie-Nutzung?<\/strong><br \/>\nWeitere Informationen zur allgemeinen Verwendung von Cookies und deren Ausschluss- oder Einschr\u00e4nkungsmethoden finden Sie unter \/\/cookiepedia.co.uk\/all-about-cookies und \/\/www.allaboutcookies.org\/.<\/p>\n<p><strong>7. \u00c4nderungen an den Richtlinien-Cookies<\/strong><br \/>\nDiese Cookie-Richtlinie kann jederzeit ge\u00e4ndert werden. Aus diesem Grund halten wir es f\u00fcr angebracht, regelm\u00e4\u00dfig auf diese Richtlinie zu verweisen. Dies trat am 23. Mai 2018 in Kraft. Wenn es ge\u00e4ndert wird,wird es die Daten anzeigen.<\/p>\n","protected":false},"excerpt":{"rendered":"<p>1. Was sind Cookies? Cookies sind kleine Teile von Textdateien, die beim Besuch einer Site im Browser des Benutzers gespeichert werden. Die auf dem Computer des Benutzers gespeicherten Informationen k\u00f6nnen Informationen, wie die vom Benutzer besuchten Seiten, das Datum und die Uhrzeit des Besuchs, sowie eine zuf\u00e4llige und eindeutige Benutzer-ID-Nummer enthalten. Durch die Nutzung dieser Site kann die Site n\u00fctzliche Informationen f\u00fcr das Browsen des Benutzers auf der Site speichern und diese Informationen lesen, um dem Benutzer ein einheitliches Browsing-Erlebnis [&hellip;]<\/p>\n","protected":false},"author":1,"featured_media":79,"parent":0,"menu_order":0,"comment_status":"closed","ping_status":"closed","template":"","meta":{"footnotes":""},"categories":[],"tags":[],"class_list":["post-309","page","type-page","status-publish","has-post-thumbnail","hentry"],"yoast_head":"<!-- This site is optimized with the Yoast SEO plugin v26.2 - https:\/\/yoast.com\/wordpress\/plugins\/seo\/ -->\n<title>Cookie Richtlinien - LYachts<\/title>\n<meta name=\"description\" content=\"1. Was sind Cookies? Cookies sind kleine Teile von Textdateien, die beim Besuch einer Site im Browser des Benutzers gespeichert werden. Die auf dem\" \/>\n<meta name=\"robots\" content=\"index, follow, max-snippet:-1, max-image-preview:large, max-video-preview:-1\" \/>\n<link rel=\"canonical\" href=\"https:\/\/www.lyachts.com\/de\/cookie-policy\/\" \/>\n<meta property=\"og:locale\" content=\"de_DE\" \/>\n<meta property=\"og:type\" content=\"article\" \/>\n<meta property=\"og:title\" content=\"Cookie Richtlinien - LYachts\" \/>\n<meta property=\"og:description\" content=\"1. Was sind Cookies? Cookies sind kleine Teile von Textdateien, die beim Besuch einer Site im Browser des Benutzers gespeichert werden. Die auf dem\" \/>\n<meta property=\"og:url\" content=\"https:\/\/www.lyachts.com\/de\/cookie-policy\/\" \/>\n<meta property=\"og:site_name\" content=\"LYachts\" \/>\n<meta property=\"article:publisher\" content=\"https:\/\/www.facebook.com\/Lyachts\/\" \/>\n<meta property=\"article:modified_time\" content=\"2021-02-17T00:29:26+00:00\" \/>\n<meta property=\"og:image\" content=\"https:\/\/www.lyachts.com\/wp-content\/uploads\/2021\/02\/cookie-policy.jpg\" \/>\n\t<meta property=\"og:image:width\" content=\"1400\" \/>\n\t<meta property=\"og:image:height\" content=\"933\" \/>\n\t<meta property=\"og:image:type\" content=\"image\/jpeg\" \/>\n<meta name=\"twitter:card\" content=\"summary_large_image\" \/>\n<meta name=\"twitter:site\" content=\"@Lyachts2\" \/>\n<meta name=\"twitter:label1\" content=\"Gesch\u00e4tzte Lesezeit\" \/>\n\t<meta name=\"twitter:data1\" content=\"4\u00a0Minuten\" \/>\n<script type=\"application\/ld+json\" class=\"yoast-schema-graph\">{\"@context\":\"https:\/\/schema.org\",\"@graph\":[{\"@type\":\"WebPage\",\"@id\":\"https:\/\/www.lyachts.com\/de\/cookie-policy\/\",\"url\":\"https:\/\/www.lyachts.com\/de\/cookie-policy\/\",\"name\":\"Cookie Richtlinien - LYachts\",\"isPartOf\":{\"@id\":\"https:\/\/www.lyachts.com\/en\/#website\"},\"primaryImageOfPage\":{\"@id\":\"https:\/\/www.lyachts.com\/de\/cookie-policy\/#primaryimage\"},\"image\":{\"@id\":\"https:\/\/www.lyachts.com\/de\/cookie-policy\/#primaryimage\"},\"thumbnailUrl\":\"https:\/\/www.lyachts.com\/wp-content\/uploads\/2021\/02\/cookie-policy.jpg\",\"datePublished\":\"2018-07-29T08:02:52+00:00\",\"dateModified\":\"2021-02-17T00:29:26+00:00\",\"description\":\"1. Was sind Cookies? Cookies sind kleine Teile von Textdateien, die beim Besuch einer Site im Browser des Benutzers gespeichert werden. Die auf dem\",\"inLanguage\":\"de\",\"potentialAction\":[{\"@type\":\"ReadAction\",\"target\":[\"https:\/\/www.lyachts.com\/de\/cookie-policy\/\"]}]},{\"@type\":\"ImageObject\",\"inLanguage\":\"de\",\"@id\":\"https:\/\/www.lyachts.com\/de\/cookie-policy\/#primaryimage\",\"url\":\"https:\/\/www.lyachts.com\/wp-content\/uploads\/2021\/02\/cookie-policy.jpg\",\"contentUrl\":\"https:\/\/www.lyachts.com\/wp-content\/uploads\/2021\/02\/cookie-policy.jpg\",\"width\":1400,\"height\":933},{\"@type\":\"WebSite\",\"@id\":\"https:\/\/www.lyachts.com\/en\/#website\",\"url\":\"https:\/\/www.lyachts.com\/en\/\",\"name\":\"LYachts\",\"description\":\"One goal, one passion - Lyachts services.\",\"potentialAction\":[{\"@type\":\"SearchAction\",\"target\":{\"@type\":\"EntryPoint\",\"urlTemplate\":\"https:\/\/www.lyachts.com\/en\/?s={search_term_string}\"},\"query-input\":{\"@type\":\"PropertyValueSpecification\",\"valueRequired\":true,\"valueName\":\"search_term_string\"}}],\"inLanguage\":\"de\"}]}<\/script>\n<!-- \/ Yoast SEO plugin. -->","yoast_head_json":{"title":"Cookie Richtlinien - LYachts","description":"1. Was sind Cookies? Cookies sind kleine Teile von Textdateien, die beim Besuch einer Site im Browser des Benutzers gespeichert werden. Die auf dem","robots":{"index":"index","follow":"follow","max-snippet":"max-snippet:-1","max-image-preview":"max-image-preview:large","max-video-preview":"max-video-preview:-1"},"canonical":"https:\/\/www.lyachts.com\/de\/cookie-policy\/","og_locale":"de_DE","og_type":"article","og_title":"Cookie Richtlinien - LYachts","og_description":"1. Was sind Cookies? Cookies sind kleine Teile von Textdateien, die beim Besuch einer Site im Browser des Benutzers gespeichert werden. Die auf dem","og_url":"https:\/\/www.lyachts.com\/de\/cookie-policy\/","og_site_name":"LYachts","article_publisher":"https:\/\/www.facebook.com\/Lyachts\/","article_modified_time":"2021-02-17T00:29:26+00:00","og_image":[{"width":1400,"height":933,"url":"https:\/\/www.lyachts.com\/wp-content\/uploads\/2021\/02\/cookie-policy.jpg","type":"image\/jpeg"}],"twitter_card":"summary_large_image","twitter_site":"@Lyachts2","twitter_misc":{"Gesch\u00e4tzte Lesezeit":"4\u00a0Minuten"},"schema":{"@context":"https:\/\/schema.org","@graph":[{"@type":"WebPage","@id":"https:\/\/www.lyachts.com\/de\/cookie-policy\/","url":"https:\/\/www.lyachts.com\/de\/cookie-policy\/","name":"Cookie Richtlinien - LYachts","isPartOf":{"@id":"https:\/\/www.lyachts.com\/en\/#website"},"primaryImageOfPage":{"@id":"https:\/\/www.lyachts.com\/de\/cookie-policy\/#primaryimage"},"image":{"@id":"https:\/\/www.lyachts.com\/de\/cookie-policy\/#primaryimage"},"thumbnailUrl":"https:\/\/www.lyachts.com\/wp-content\/uploads\/2021\/02\/cookie-policy.jpg","datePublished":"2018-07-29T08:02:52+00:00","dateModified":"2021-02-17T00:29:26+00:00","description":"1. Was sind Cookies? Cookies sind kleine Teile von Textdateien, die beim Besuch einer Site im Browser des Benutzers gespeichert werden. Die auf dem","inLanguage":"de","potentialAction":[{"@type":"ReadAction","target":["https:\/\/www.lyachts.com\/de\/cookie-policy\/"]}]},{"@type":"ImageObject","inLanguage":"de","@id":"https:\/\/www.lyachts.com\/de\/cookie-policy\/#primaryimage","url":"https:\/\/www.lyachts.com\/wp-content\/uploads\/2021\/02\/cookie-policy.jpg","contentUrl":"https:\/\/www.lyachts.com\/wp-content\/uploads\/2021\/02\/cookie-policy.jpg","width":1400,"height":933},{"@type":"WebSite","@id":"https:\/\/www.lyachts.com\/en\/#website","url":"https:\/\/www.lyachts.com\/en\/","name":"LYachts","description":"One goal, one passion - Lyachts services.","potentialAction":[{"@type":"SearchAction","target":{"@type":"EntryPoint","urlTemplate":"https:\/\/www.lyachts.com\/en\/?s={search_term_string}"},"query-input":{"@type":"PropertyValueSpecification","valueRequired":true,"valueName":"search_term_string"}}],"inLanguage":"de"}]}},"_links":{"self":[{"href":"https:\/\/www.lyachts.com\/de\/wp-json\/wp\/v2\/pages\/309","targetHints":{"allow":["GET"]}}],"collection":[{"href":"https:\/\/www.lyachts.com\/de\/wp-json\/wp\/v2\/pages"}],"about":[{"href":"https:\/\/www.lyachts.com\/de\/wp-json\/wp\/v2\/types\/page"}],"author":[{"embeddable":true,"href":"https:\/\/www.lyachts.com\/de\/wp-json\/wp\/v2\/users\/1"}],"replies":[{"embeddable":true,"href":"https:\/\/www.lyachts.com\/de\/wp-json\/wp\/v2\/comments?post=309"}],"version-history":[{"count":1,"href":"https:\/\/www.lyachts.com\/de\/wp-json\/wp\/v2\/pages\/309\/revisions"}],"predecessor-version":[{"id":310,"href":"https:\/\/www.lyachts.com\/de\/wp-json\/wp\/v2\/pages\/309\/revisions\/310"}],"wp:featuredmedia":[{"embeddable":true,"href":"https:\/\/www.lyachts.com\/de\/wp-json\/wp\/v2\/media\/79"}],"wp:attachment":[{"href":"https:\/\/www.lyachts.com\/de\/wp-json\/wp\/v2\/media?parent=309"}],"wp:term":[{"taxonomy":"category","embeddable":true,"href":"https:\/\/www.lyachts.com\/de\/wp-json\/wp\/v2\/categories?post=309"},{"taxonomy":"post_tag","embeddable":true,"href":"https:\/\/www.lyachts.com\/de\/wp-json\/wp\/v2\/tags?post=309"}],"curies":[{"name":"wp","href":"https:\/\/api.w.org\/{rel}","templated":true}]}}