{"id":321,"date":"2018-08-05T03:34:15","date_gmt":"2018-08-05T00:34:15","guid":{"rendered":"https:\/\/www.lyachts.com\/terms-of-use\/"},"modified":"2021-02-17T03:38:38","modified_gmt":"2021-02-17T00:38:38","slug":"terms-of-use","status":"publish","type":"page","link":"https:\/\/www.lyachts.com\/de\/terms-of-use\/","title":{"rendered":"Nutzungsbedingungen"},"content":{"rendered":"<p>Lyachts betreibt diese Website, um Online-Zugang zu Informationen \u00fcber das Unternehmen und die Produkte, Dienstleistungen und M\u00f6glichkeiten, die wir anbieten (den &#8222;Service&#8220;), bereitzustellen. Indem Sie auf diese Website zugreifen und diese verwenden, stimmen Sie jeder der hier aufgef\u00fchrten Bedingungen (&#8222;Nutzungsbedingungen&#8220;) zu. Zus\u00e4tzliche Bedingungen f\u00fcr bestimmte Bereiche dieser Website oder f\u00fcr bestimmte Inhalte oder Transaktionen werden ebenfalls in bestimmten Bereichen der Website ver\u00f6ffentlicht und regeln zusammen mit diesen Nutzungsbedingungen Ihre Nutzung dieser Bereiche, Inhalte oder Transaktionen. Diese Nutzungsbedingungen werden zusammen mit den anwendbaren zus\u00e4tzlichen Gesch\u00e4ftsbedingungen als diese &#8222;Vereinbarung&#8220; bezeichnet.Lyachts beh\u00e4lt sich das Recht vor, diese Vereinbarung jederzeit ohne vorherige Ank\u00fcndigung zu \u00e4ndern. Ihre Nutzung der Website im Anschluss an eine solche \u00c4nderung stellt Ihre Zustimmung zur Einhaltung und Bindung der Vereinbarung in der ge\u00e4nderten Fassung dar. Das letzte Datum, an dem diese Nutzungsbedingungen \u00fcberarbeitet wurden, ist nachstehend aufgef\u00fchrt.<\/p>\n<p>1. Nutzung der Website<br \/>\nSie d\u00fcrfen den Service, die Seite und die Informationen, Schriften, Bilder und \/ oder andere Werke, die Sie auf der Seite sehen, h\u00f6ren oder auf andere Weise (einzeln oder zusammen, den &#8222;Inhalt&#8220;) ausschlie\u00dflich f\u00fcr Ihre nichtkommerziellen, pers\u00f6nlichen Zwecke nutzen und \/ oder um etwas \u00fcber Lyachts Dienstleistungen zu erfahren. Kein Recht, Titel oder Interesse an einem Inhalt wird Ihnen \u00fcbertragen, sei es als Folge des Herunterladens von Inhalten oder anderweitig. Lyachts beh\u00e4lt sich den vollst\u00e4ndigen Eigentums- und vollst\u00e4ndigen Schutz des geistigen Eigentums an allen Inhalten vor. Au\u00dfer als ausdr\u00fccklich in dieser Vereinbarung genehmigt, d\u00fcrfen Sie keine anderen Arbeiten von Inhalten verwenden, ver\u00e4ndern, kopieren, verteilen, \u00fcbertragen oder ableiten, die von der Website oder dem Dienst stammen, au\u00dfer wie in den Nutzungsbedingungen ausdr\u00fccklich erlaubt ist.<\/p>\n<p>2. Urheberrecht<br \/>\nDie Website und der Inhalt sind durch die entsprechenden Urheberrechtsgesetze gesch\u00fctzt und geh\u00f6ren Lyachts oder seinen Partnern, Mitgliedsorganisationen, Mitwirkenden oder Dritten. Die Urheberrechte an dem Inhalt liegen bei Lyachts oder anderen Urheberrechtsinhabern, die ihre Verwendung auf der Website autorisiert haben. Sie d\u00fcrfen Inhalte nur f\u00fcr nicht-kommerzielle, nicht-\u00f6ffentliche, pers\u00f6nliche Zwecke herunterladen und erneut drucken. (Wenn Sie diese Website als Mitarbeiter oder Mitglied eines Unternehmens oder einer Organisation besuchen, k\u00f6nnen Sie Inhalte nur f\u00fcr Bildungs- oder andere nichtkommerzielle Zwecke in Ihrem Unternehmen oder Ihrer Organisation herunterladen und erneut ausdrucken, sofern nicht anders von Lyachts gestattet, z.B. passwortgesch\u00fctzte Bereiche der Seite). Mit Ausnahme der Beispielbilder d\u00fcrfen Sie Bilder oder andere Inhalte auf der Website in keiner Weise manipulieren oder ver\u00e4ndern.<\/p>\n<p>2.1 Beispielbilder<br \/>\nLyachts hat auf bestimmten Seiten der Website Beispielbilder eingef\u00fcgt. Sie k\u00f6nnen die Beispielbilder f\u00fcr diesen Zweck herunterladen, neu drucken und bearbeiten, aber Sie d\u00fcrfen die Bildkomposition nicht zuschneiden oder \u00e4ndern oder das Bild f\u00fcr kommerzielle Zwecke verwenden.<\/p>\n<p>3. Warenzeichen<br \/>\nEs ist Ihnen untersagt, Warenzeichen oder Logos, die auf der Website erscheinen, ohne Genehmigung des Markeninhabers zu verwenden, sofern dies nicht gesetzlich zul\u00e4ssig ist.<\/p>\n<p>4. Links zu Websites von Drittanbietern<br \/>\nLinks auf der Website zu Websites Dritter oder Informationen werden nur als Annehmlichkeit f\u00fcr Sie zur Verf\u00fcgung gestellt. Wenn Sie diese Links verwenden, verlassen Sie die Seite. Solche Links stellen keine Billigung, Sponsoring oder Empfehlung von Lyachts des Dritten, der Website des Drittanbieters oder der darin enthaltenen Informationen dar oder implizieren diese. Lyachts ist nicht verantwortlich f\u00fcr die Verf\u00fcgbarkeit solcher Websites. Lyachts ist nicht verantwortlich oder haftbar f\u00fcr eine solche Website oder deren Inhalte. Wenn Sie die Links zu den Websites von Lyachts-Tochtergesellschaften oder Service-Providern verwenden, verlassen Sie die Website und unterliegen den Nutzungsbedingungen und Datenschutzrichtlinien, die f\u00fcr diese Websites gelten.<\/p>\n<p>5. Verlinkung zu dieser Seite<br \/>\nWenn Sie sich auf die Website verlinken m\u00f6chten, m\u00fcssen Sie den Linkrichtlinien von Lyachts.com folgen. Sofern Sie nicht ausdr\u00fccklich von Lyachts autorisiert wurden, d\u00fcrfen Sie keine &#8222;Deep Links&#8220; zur Seite herstellen, d. H. Links zu dieser Seite erstellen, die die Homepage oder andere Teile der Seite umgehen. Sie d\u00fcrfen die Homepage oder andere Seiten dieser Seite auf keiner anderen Website oder Webseite spiegeln oder gestalten.<\/p>\n<p>6. Herunterladen von Dateien<br \/>\nLyachts kann nicht garantieren und garantiert nicht, dass Dateien, die \u00fcber die Website heruntergeladen werden k\u00f6nnen, frei von Infektionen durch Software-Viren oder anderen sch\u00e4dlichen Computercodes, Dateien oder Programmen sind.<\/p>\n<p>7. Software<br \/>\nJede Software, die \u00fcber die Website heruntergeladen werden kann, ist urheberrechtlich gesch\u00fctztes Werk von Lyachts und \/ oder seinen Lizenzgebern. Die Verwendung solcher Software unterliegt den Bestimmungen der Endbenutzer-Lizenzvereinbarung, die der Software beiliegt oder in der Software enthalten ist. Durch das Herunterladen, Installieren und \/ oder Verwenden einer solchen Software erkl\u00e4ren Sie sich mit den Bedingungen der Endbenutzer-Lizenzvereinbarung einverstanden.<\/p>\n<p>8. Gew\u00e4hrleistungsausschluss<br \/>\nLyachts gibt keine ausdr\u00fccklichen oder stillschweigenden Garantien, Zusicherungen oder Empfehlungen in Bezug auf die Website, den Service oder den Inhalt. Lyachts lehnt ausdr\u00fccklich alle Gew\u00e4hrleistungen jeglicher Art, ausdr\u00fccklich, stillschweigend, gesetzlich oder anderweitig ab, einschlie\u00dflich, aber nicht beschr\u00e4nkt auf stillschweigende Gew\u00e4hrleistungen der Marktg\u00e4ngigkeit, Eignung f\u00fcr einen bestimmten Zweck, Titel und Nichtverletzung, in Bezug auf die Website, die Dienstleistung, den Inhalt und alle Produkte oder Dienstleistungen, die \u00fcber die Website bereitgestellt werden oder bereitzustellen sind. Lyachts garantiert nicht, dass der Service ununterbrochen, zeitgerecht, sicher oder fehlerfrei ist oder dass Fehler in der Seite oder im Service behoben werden. Lyachts \u00fcbernimmt keine Garantie f\u00fcr die Richtigkeit oder Vollst\u00e4ndigkeit des Inhalts oder f\u00fcr die Korrektur von Fehlern im Inhalt. Die Website, der Dienst und der Inhalt werden auf der Basis &#8222;wie vorhanden&#8220; und &#8222;wie verf\u00fcgbar&#8220; zur Verf\u00fcgung gestellt.<\/p>\n<p>9. Haftungsbeschr\u00e4nkung<br \/>\nIn keinem Fall haftet Lyachts f\u00fcr irgendwelche Sch\u00e4den, einschlie\u00dflich, aber nicht beschr\u00e4nkt auf direkte, zuf\u00e4llige, Folge-, spezielle, beispielhafte oder andere indirekte Sch\u00e4den, die sich aus (i) der Nutzung oder der Unf\u00e4higkeit zur Nutzung der Website, der Dienstleistung, ergeben oder der Inhalt, (ii) jede Transaktion, die durch die Website durchgef\u00fchrt oder erleichtert wird; (iii) jegliche Anspr\u00fcche, die auf Fehler, Auslassungen oder andere Ungenauigkeiten in der Seite, dem Service und \/ oder dem Inhalt zur\u00fcckzuf\u00fchren sind, (iv) unbefugter Zugriff auf oder \u00c4nderung Ihrer \u00dcbertragungen oder Daten oder (v) jegliche andere Angelegenheit in Bezug auf die Website, der Service oder der Inhalt, auch wenn Lyachts auf die M\u00f6glichkeit solcher Sch\u00e4den hingewiesen wurde. Wenn Sie mit der Website, dem Dienst, dem Inhalt oder den Nutzungsbedingungen unzufrieden sind, besteht Ihr einziges und ausschlie\u00dfliches Rechtsmittel darin, die Nutzung der Website einzustellen.<\/p>\n<p>10. Entsch\u00e4digung<br \/>\nSie verstehen und stimmen zu, dass Sie pers\u00f6nlich f\u00fcr Ihr Verhalten auf der Website verantwortlich sind. Sie verpflichten sich, Lyachts, seine Muttergesellschaften, Tochtergesellschaften, verbundenen Unternehmen, Joint-Venture-Partner, Gesch\u00e4ftspartner, Lizenzgeber, Mitarbeiter, Vertreter und alle anderen Informationsanbieter von allen Anspr\u00fcchen, Verlusten und Sch\u00e4den freizustellen und zu sch\u00fctzen. Auslagen, Sch\u00e4den und Kosten (einschlie\u00dflich, aber nicht beschr\u00e4nkt auf direkte, zuf\u00e4llige, Folge-, exemplarische und indirekte Sch\u00e4den) und angemessene Anwaltskosten, die sich aus Ihrer Nutzung, Missbrauch oder Unf\u00e4higkeit zur Nutzung der Website ergeben oder daraus entstehen, Service oder der Inhalt oder ein Versto\u00df gegen diese Vereinbarung durch Sie.<\/p>\n<p>11. Privatsph\u00e4re<br \/>\nKlicken Sie hier, um die Datenschutzerkl\u00e4rung von Lyachts einzusehen.<\/p>\n<p>12. Verhalten des Benutzers<br \/>\nSie stimmen zu, die Website nur f\u00fcr rechtm\u00e4\u00dfige Zwecke zu nutzen. Sie stimmen zu, keine Ma\u00dfnahmen zu ergreifen, die die Sicherheit der Seite gef\u00e4hrden, die Seite f\u00fcr andere unzug\u00e4nglich machen oder anderweitig die Seite oder den Inhalt besch\u00e4digen k\u00f6nnten. Sie erkl\u00e4ren sich damit einverstanden, den Inhalt nicht zu erg\u00e4nzen, zu subtrahieren oder anderweitig zu \u00e4ndern oder zu versuchen, auf Inhalte zuzugreifen, die nicht f\u00fcr Sie bestimmt sind. Sie stimmen zu, die Website in keiner Weise zu nutzen, die die Rechte Dritter beeintr\u00e4chtigen k\u00f6nnte.<\/p>\n<p>13. Vom Benutzer bereitgestellte Informationen<br \/>\nLyachts m\u00f6chte keine vertraulichen oder gesch\u00fctzten Informationen von Ihnen \u00fcber die Website erhalten. Sie stimmen zu, dass alle Materialien, Informationen oder Daten, die Sie uns \u00fcbermitteln oder auf der Website ver\u00f6ffentlichen (jeweils eine &#8222;Einreichung&#8220; oder gemeinsam &#8222;Einsendungen&#8220;), als nicht vertraulich und nicht urheberrechtlich gesch\u00fctzt gelten. F\u00fcr alle Einsendungen (1) garantieren Sie uns, dass Sie das Recht haben, die Einreichung zu ver\u00f6ffentlichen, und dass es nicht gegen ein Gesetz oder die Rechte einer Person oder Organisation verst\u00f6\u00dft, und (2) Sie Lyachts die Lizenzgeb\u00fchr geben, unwiderrufliches, unbefristetes, weltweites Recht zur Nutzung, Verbreitung, Zurschaustellung und Erstellung abgeleiteter Werke aus der Einreichung in allen Medien, in jeglicher Art und Weise, ganz oder teilweise, ohne jegliche Einschr\u00e4nkung oder Verantwortung gegen\u00fcber Ihnen.<\/p>\n<p>14. Passwort Sicherheit<br \/>\nWenn Sie sich als Mitglied von Lyachts.com registrieren, sind Sie daf\u00fcr verantwortlich, die Vertraulichkeit Ihrer Mitgliedsidentifikation und Ihres Passwortes zu wahren und den Zugang zu Ihrem Computer einzuschr\u00e4nken. Sie stimmen zu, die Verantwortung f\u00fcr alle Aktivit\u00e4ten zu \u00fcbernehmen, die unter Ihrer Mitgliedskennung und Ihrem Passwort stattfinden.<\/p>\n<p>15. Allgemeine Bestimmungen<br \/>\n<strong>a. Gesamte Vereinbarung \/ Keine Verzichtserkl\u00e4rung.<\/strong><br \/>\nDiese Nutzungsbedingungen stellen die gesamte Vereinbarung der Parteien in Bezug auf den Vertragsgegenstand dar. Ein Verzicht von Lyachts auf eine Verletzung oder einen Verzug hierunter gilt nicht als Verzicht auf eine fr\u00fchere oder nachfolgende Verletzung oder Nichterf\u00fcllung.<\/p>\n<p><strong>b. Korrektur von Fehlern und Ungenauigkeiten.<\/strong><br \/>\nDer Inhalt kann typografische Fehler oder andere Fehler oder Ungenauigkeiten enthalten und ist m\u00f6glicherweise nicht vollst\u00e4ndig oder aktuell. Lyachts beh\u00e4lt sich daher das Recht vor, Fehler, Ungenauigkeiten oder Auslassungen zu korrigieren und den Inhalt jederzeit ohne vorherige Ank\u00fcndigung zu \u00e4ndern oder zu aktualisieren. Lyachts garantiert jedoch nicht, dass Fehler, Ungenauigkeiten oder Auslassungen korrigiert werden.<\/p>\n<p><strong>c. Durchsetzung \/ Rechtswahl \/ Wahl des Forums.<\/strong><br \/>\nWenn ein Teil dieser Vereinbarung von einem zust\u00e4ndigen Gericht f\u00fcr ung\u00fcltig oder nicht durchsetzbar erkl\u00e4rt wird, hat dies keine Auswirkungen auf andere Bestimmungen dieser Vereinbarung, die alle in Kraft bleiben. Alle Streitigkeiten im Zusammenhang mit dieser Vereinbarung, der Datenschutzrichtlinien von Lyachts, Ihrer Nutzung der Website, des Dienstes oder des Inhalts unterliegen den Gesetzen der Griechenland und werden in \u00dcbereinstimmung mit diesen ausgelegt, ohne dass dies den Bestimmungen des Kollisionsrechts unterliegt.<\/p>\n","protected":false},"excerpt":{"rendered":"<p>Lyachts betreibt diese Website, um Online-Zugang zu Informationen \u00fcber das Unternehmen und die Produkte, Dienstleistungen und M\u00f6glichkeiten, die wir anbieten (den &#8222;Service&#8220;), bereitzustellen. Indem Sie auf diese Website zugreifen und diese verwenden, stimmen Sie jeder der hier aufgef\u00fchrten Bedingungen (&#8222;Nutzungsbedingungen&#8220;) zu. Zus\u00e4tzliche Bedingungen f\u00fcr bestimmte Bereiche dieser Website oder f\u00fcr bestimmte Inhalte oder Transaktionen werden ebenfalls in bestimmten Bereichen der Website ver\u00f6ffentlicht und regeln zusammen mit diesen Nutzungsbedingungen Ihre Nutzung dieser Bereiche, Inhalte oder Transaktionen. Diese Nutzungsbedingungen werden zusammen mit [&hellip;]<\/p>\n","protected":false},"author":1,"featured_media":316,"parent":0,"menu_order":0,"comment_status":"closed","ping_status":"closed","template":"","meta":{"footnotes":""},"categories":[],"tags":[],"class_list":["post-321","page","type-page","status-publish","has-post-thumbnail","hentry"],"yoast_head":"<!-- This site is optimized with the Yoast SEO plugin v26.2 - https:\/\/yoast.com\/wordpress\/plugins\/seo\/ -->\n<title>Nutzungsbedingungen - LYachts<\/title>\n<meta name=\"description\" content=\"Lyachts betreibt diese Website, um Online-Zugang zu Informationen \u00fcber das Unternehmen und die Produkte, Dienstleistungen und M\u00f6glichkeiten, die wir\" \/>\n<meta name=\"robots\" content=\"index, follow, max-snippet:-1, max-image-preview:large, max-video-preview:-1\" \/>\n<link rel=\"canonical\" href=\"https:\/\/www.lyachts.com\/de\/terms-of-use\/\" \/>\n<meta property=\"og:locale\" content=\"de_DE\" \/>\n<meta property=\"og:type\" content=\"article\" \/>\n<meta property=\"og:title\" content=\"Nutzungsbedingungen - LYachts\" \/>\n<meta property=\"og:description\" content=\"Lyachts betreibt diese Website, um Online-Zugang zu Informationen \u00fcber das Unternehmen und die Produkte, Dienstleistungen und M\u00f6glichkeiten, die wir\" \/>\n<meta property=\"og:url\" content=\"https:\/\/www.lyachts.com\/de\/terms-of-use\/\" \/>\n<meta property=\"og:site_name\" content=\"LYachts\" \/>\n<meta property=\"article:publisher\" content=\"https:\/\/www.facebook.com\/Lyachts\/\" \/>\n<meta property=\"article:modified_time\" content=\"2021-02-17T00:38:38+00:00\" \/>\n<meta property=\"og:image\" content=\"https:\/\/www.lyachts.com\/wp-content\/uploads\/2021\/02\/terms-of-use.jpg\" \/>\n\t<meta property=\"og:image:width\" content=\"1400\" \/>\n\t<meta property=\"og:image:height\" content=\"933\" \/>\n\t<meta property=\"og:image:type\" content=\"image\/jpeg\" \/>\n<meta name=\"twitter:card\" content=\"summary_large_image\" \/>\n<meta name=\"twitter:site\" content=\"@Lyachts2\" \/>\n<meta name=\"twitter:label1\" content=\"Gesch\u00e4tzte Lesezeit\" \/>\n\t<meta name=\"twitter:data1\" content=\"8\u00a0Minuten\" \/>\n<script type=\"application\/ld+json\" class=\"yoast-schema-graph\">{\"@context\":\"https:\/\/schema.org\",\"@graph\":[{\"@type\":\"WebPage\",\"@id\":\"https:\/\/www.lyachts.com\/de\/terms-of-use\/\",\"url\":\"https:\/\/www.lyachts.com\/de\/terms-of-use\/\",\"name\":\"Nutzungsbedingungen - LYachts\",\"isPartOf\":{\"@id\":\"https:\/\/www.lyachts.com\/en\/#website\"},\"primaryImageOfPage\":{\"@id\":\"https:\/\/www.lyachts.com\/de\/terms-of-use\/#primaryimage\"},\"image\":{\"@id\":\"https:\/\/www.lyachts.com\/de\/terms-of-use\/#primaryimage\"},\"thumbnailUrl\":\"https:\/\/www.lyachts.com\/wp-content\/uploads\/2021\/02\/terms-of-use.jpg\",\"datePublished\":\"2018-08-05T00:34:15+00:00\",\"dateModified\":\"2021-02-17T00:38:38+00:00\",\"description\":\"Lyachts betreibt diese Website, um Online-Zugang zu Informationen \u00fcber das Unternehmen und die Produkte, Dienstleistungen und M\u00f6glichkeiten, die wir\",\"inLanguage\":\"de\",\"potentialAction\":[{\"@type\":\"ReadAction\",\"target\":[\"https:\/\/www.lyachts.com\/de\/terms-of-use\/\"]}]},{\"@type\":\"ImageObject\",\"inLanguage\":\"de\",\"@id\":\"https:\/\/www.lyachts.com\/de\/terms-of-use\/#primaryimage\",\"url\":\"https:\/\/www.lyachts.com\/wp-content\/uploads\/2021\/02\/terms-of-use.jpg\",\"contentUrl\":\"https:\/\/www.lyachts.com\/wp-content\/uploads\/2021\/02\/terms-of-use.jpg\",\"width\":1400,\"height\":933},{\"@type\":\"WebSite\",\"@id\":\"https:\/\/www.lyachts.com\/en\/#website\",\"url\":\"https:\/\/www.lyachts.com\/en\/\",\"name\":\"LYachts\",\"description\":\"One goal, one passion - Lyachts services.\",\"potentialAction\":[{\"@type\":\"SearchAction\",\"target\":{\"@type\":\"EntryPoint\",\"urlTemplate\":\"https:\/\/www.lyachts.com\/en\/?s={search_term_string}\"},\"query-input\":{\"@type\":\"PropertyValueSpecification\",\"valueRequired\":true,\"valueName\":\"search_term_string\"}}],\"inLanguage\":\"de\"}]}<\/script>\n<!-- \/ Yoast SEO plugin. -->","yoast_head_json":{"title":"Nutzungsbedingungen - LYachts","description":"Lyachts betreibt diese Website, um Online-Zugang zu Informationen \u00fcber das Unternehmen und die Produkte, Dienstleistungen und M\u00f6glichkeiten, die wir","robots":{"index":"index","follow":"follow","max-snippet":"max-snippet:-1","max-image-preview":"max-image-preview:large","max-video-preview":"max-video-preview:-1"},"canonical":"https:\/\/www.lyachts.com\/de\/terms-of-use\/","og_locale":"de_DE","og_type":"article","og_title":"Nutzungsbedingungen - LYachts","og_description":"Lyachts betreibt diese Website, um Online-Zugang zu Informationen \u00fcber das Unternehmen und die Produkte, Dienstleistungen und M\u00f6glichkeiten, die wir","og_url":"https:\/\/www.lyachts.com\/de\/terms-of-use\/","og_site_name":"LYachts","article_publisher":"https:\/\/www.facebook.com\/Lyachts\/","article_modified_time":"2021-02-17T00:38:38+00:00","og_image":[{"width":1400,"height":933,"url":"https:\/\/www.lyachts.com\/wp-content\/uploads\/2021\/02\/terms-of-use.jpg","type":"image\/jpeg"}],"twitter_card":"summary_large_image","twitter_site":"@Lyachts2","twitter_misc":{"Gesch\u00e4tzte Lesezeit":"8\u00a0Minuten"},"schema":{"@context":"https:\/\/schema.org","@graph":[{"@type":"WebPage","@id":"https:\/\/www.lyachts.com\/de\/terms-of-use\/","url":"https:\/\/www.lyachts.com\/de\/terms-of-use\/","name":"Nutzungsbedingungen - LYachts","isPartOf":{"@id":"https:\/\/www.lyachts.com\/en\/#website"},"primaryImageOfPage":{"@id":"https:\/\/www.lyachts.com\/de\/terms-of-use\/#primaryimage"},"image":{"@id":"https:\/\/www.lyachts.com\/de\/terms-of-use\/#primaryimage"},"thumbnailUrl":"https:\/\/www.lyachts.com\/wp-content\/uploads\/2021\/02\/terms-of-use.jpg","datePublished":"2018-08-05T00:34:15+00:00","dateModified":"2021-02-17T00:38:38+00:00","description":"Lyachts betreibt diese Website, um Online-Zugang zu Informationen \u00fcber das Unternehmen und die Produkte, Dienstleistungen und M\u00f6glichkeiten, die wir","inLanguage":"de","potentialAction":[{"@type":"ReadAction","target":["https:\/\/www.lyachts.com\/de\/terms-of-use\/"]}]},{"@type":"ImageObject","inLanguage":"de","@id":"https:\/\/www.lyachts.com\/de\/terms-of-use\/#primaryimage","url":"https:\/\/www.lyachts.com\/wp-content\/uploads\/2021\/02\/terms-of-use.jpg","contentUrl":"https:\/\/www.lyachts.com\/wp-content\/uploads\/2021\/02\/terms-of-use.jpg","width":1400,"height":933},{"@type":"WebSite","@id":"https:\/\/www.lyachts.com\/en\/#website","url":"https:\/\/www.lyachts.com\/en\/","name":"LYachts","description":"One goal, one passion - Lyachts services.","potentialAction":[{"@type":"SearchAction","target":{"@type":"EntryPoint","urlTemplate":"https:\/\/www.lyachts.com\/en\/?s={search_term_string}"},"query-input":{"@type":"PropertyValueSpecification","valueRequired":true,"valueName":"search_term_string"}}],"inLanguage":"de"}]}},"_links":{"self":[{"href":"https:\/\/www.lyachts.com\/de\/wp-json\/wp\/v2\/pages\/321","targetHints":{"allow":["GET"]}}],"collection":[{"href":"https:\/\/www.lyachts.com\/de\/wp-json\/wp\/v2\/pages"}],"about":[{"href":"https:\/\/www.lyachts.com\/de\/wp-json\/wp\/v2\/types\/page"}],"author":[{"embeddable":true,"href":"https:\/\/www.lyachts.com\/de\/wp-json\/wp\/v2\/users\/1"}],"replies":[{"embeddable":true,"href":"https:\/\/www.lyachts.com\/de\/wp-json\/wp\/v2\/comments?post=321"}],"version-history":[{"count":1,"href":"https:\/\/www.lyachts.com\/de\/wp-json\/wp\/v2\/pages\/321\/revisions"}],"predecessor-version":[{"id":322,"href":"https:\/\/www.lyachts.com\/de\/wp-json\/wp\/v2\/pages\/321\/revisions\/322"}],"wp:featuredmedia":[{"embeddable":true,"href":"https:\/\/www.lyachts.com\/de\/wp-json\/wp\/v2\/media\/316"}],"wp:attachment":[{"href":"https:\/\/www.lyachts.com\/de\/wp-json\/wp\/v2\/media?parent=321"}],"wp:term":[{"taxonomy":"category","embeddable":true,"href":"https:\/\/www.lyachts.com\/de\/wp-json\/wp\/v2\/categories?post=321"},{"taxonomy":"post_tag","embeddable":true,"href":"https:\/\/www.lyachts.com\/de\/wp-json\/wp\/v2\/tags?post=321"}],"curies":[{"name":"wp","href":"https:\/\/api.w.org\/{rel}","templated":true}]}}