{"id":3548,"date":"2018-12-09T19:22:46","date_gmt":"2018-12-09T17:22:46","guid":{"rendered":"https:\/\/www.lyachts.com\/eleftheria\/"},"modified":"2021-11-06T00:41:36","modified_gmt":"2021-11-05T22:41:36","slug":"eleftheria","status":"publish","type":"page","link":"https:\/\/www.lyachts.com\/de\/eleftheria\/","title":{"rendered":"Eleftheria"},"content":{"rendered":"\n<div class=\"section-heading headingstyle-compact section-align-left\" style=\"padding-top:152px;padding-bottom:0;margin-bottom:0px;\"><h1 class=\"animation-standby animated fadeInUpSlight entry-title section-title\" style=\"font-weight:400;\">Eleftheria<\/h1><\/div>\n<div class=\"section-heading headingstyle-default section-align-left\" style=\"padding-top:50px;padding-bottom:0;margin-bottom:px;\"><h4 class=\"animation-standby animated fadeInUpSlight entry-title section-title\" >Unterkunft<\/h4><\/div>\n<div class=\"animation-standby animated fadeInUpSlight\">\n<p><p>ELEFTHERIA, ein au\u00dfergew\u00f6hnlicher klassischer Motorsegler, der in der Mavrikos-Werft auf der Insel Syros gebaut wurde, vereint beeindruckende Anmut und Charakter, Ambiente, Atmosph\u00e4re und maximalen Komfort mit 3 Doppelbetten. Unter dem Segeln ist Sie leistungsf\u00e4hig, wobei Sie sie unter anderem bequem und schnell \u00fcberall mit 10 Knoten hinfahren kann. ELEFTHERIA wurde daf\u00fcr designt, damit Sie das kristallklare Wasser der \u00c4g\u00e4is und romantische Momente unter den Sternen genie\u00dfen k\u00f6nnen.<\/p>\n<\/p>\n<\/div>\n<div class=\"section-heading headingstyle-default section-align-left\" style=\"padding-top:20px;padding-bottom:0;margin-bottom:0px;\"><h4 class=\"animation-standby animated fadeInUpSlight entry-title section-title\" >Unterhaltung<\/h4><\/div>\n<div class=\"animation-standby animated fadeInUpSlight\">\n<p><p>Vollst\u00e4ndige Navigation und elektronische Ausr\u00fcstung<br \/>\nStereo-Musiksystem<br \/>\nTV im Wohnzimmer<br \/>\nWireless Internet<\/p>\n<\/p>\n<\/div>\n<div class=\"section-heading headingstyle-default section-align-left\" style=\"padding-top:20px;padding-bottom:0;margin-bottom:0px;\"><h4 class=\"animation-standby animated fadeInUpSlight entry-title section-title\" >Tender & Wasserspielzeuge<\/h4><\/div>\n<div class=\"animation-standby animated fadeInUpSlight\">\n<p><p>Tender Zodiac 3,80m mit neuem Au\u00dfenborder Yamaha 40 PS<br \/>\nWasserski<br \/>\nKanu<br \/>\nSchnorchel Ausr\u00fcstung<br \/>\nAngelausr\u00fcstung<br \/>\nBadeleiter<\/p>\n<\/p>\n<\/div>\n<div class=\"clearfix divider-common default-divider  divider-blank\" style=\"padding-top:50px;\"><\/div>\n<div class=\"pricing-table pricing-table-service clearfix\"><div style=\"background-color:#000000;\" class=\"pricing-column-target animation-standby animated fadeInUpSlight column1 \"><div class=\"pricing-column-type-1 pricing-column\"><ul><li class=\"pricing-title\"><h2>Einzelheiten<\/h2><\/li><p><!--<li class=\"pricing-section\"><div class=\"pricing-wrap\"><div class=\"pricing-cell\"><span class=\"pricing-currency\">M<\/span>39<span class=\"pricing-suffix\">32<\/span><\/div><div class=\"pricing-duration\">{:el}{:en}Length{:de}{:}<\/div><\/div><\/li>--> <li class=\"pricing-service\"><p> <b>L\u00e4nge:<\/b> 63 ft. \/ 19,18 m.<\/p>\n<p><b>Baujahr \/ Renovierung:<\/b><\/p>\n<p><b>Hersteller:<\/b> Mayrikos Shipyard<\/p>\n<p><b>Kabinen:<\/b> 3<\/p>\n<p><b>Kabinenkonfiguration:<\/b> 3 Double<\/p>\n<p><b>G\u00e4ste:<\/b> 6<\/p>\n<p><b>Crew:<\/b> 2<\/p>\n<p><b>Geschwindigkeit:<\/b> 10 KN<\/p>\n<p><b>Nebensaison Tagespreis:<\/b> 1.070 \u20ac<\/p>\n<p><b>Hochsaison Tagespreis:<\/b> 1.200 \u20ac<\/p>\n<p><b>Nebensaison Wochenpreis:<\/b> 7.500 \u20ac<\/p>\n<p><b>Hochsaison Wochenpreis:<\/b> 8.400 \u20ac <\/p>\n<\/li> <li class=\"pricing-footer\"><div class=\"button-shortcode button-shortcode-69ef9211adb76\"><a href=\"https:\/\/www.lyachts.com\/de\/contact-us\/\" ><div  class=\"mtheme-button\">Angebotsanfrage Yacht<\/div><\/a><\/div><\/li><\/p>\n<\/ul><\/div><\/div><\/div>\n<div class=\"section-heading headingstyle-default section-align-left\" style=\"padding-top:100px;padding-bottom:;margin-bottom:30px;\"><h4 class=\"animation-standby animated fadeInUpSlight entry-title section-title\" >Am Bord Eleftheria<\/h4><\/div>\n<div class=\"thumbnails-shortcode gridblock-columns-wrap grid-style-wall-spaced-wrap clearfix\"><div class=\"thumbnails-grid-container grid-style-wall-spaced thumbnail-gutter-spaced gridblock-masonary no-title-no-desc gridblock-four  has-effect-zoom\"  data-columns=\"4\"><div class=\"gridblock-element  grid-animate-display-all isotope-displayed gridblock-thumbnail-id-2493 gridblock-col-1\"><div class=\"gridblock-ajax gridblock-grid-element gridblock-element-inner\" data-rel=\"3548\"><div class=\"gridblock-background-hover\"><a data-exthumbimage=\"https:\/\/www.lyachts.com\/wp-content\/uploads\/2021\/02\/eleftheria-main-1-160x160.jpg\" class=\"lightbox-active lightbox-image gridblock-sole-link\" data-sub-html=\"&lt;div class=&quot;lightbox-text-wrap &quot;&gt;&lt;h4 class=&quot;lightbox-text&quot;&gt;eleftheria-main-1&lt;\/h4&gt;&lt;\/div&gt;\" href=\"https:\/\/www.lyachts.com\/wp-content\/uploads\/2021\/02\/eleftheria-main-1.jpg\" data-src=\"https:\/\/www.lyachts.com\/wp-content\/uploads\/2021\/02\/eleftheria-main-1.jpg\"><div class=\"gridblock-links-wrap\"><span class=\"column-gridblock-icon\"><span class=\"hover-icon-effect\"><i class=\"ion-ios-search\"><\/i><\/span><\/span><\/div><\/a><\/div><img decoding=\"async\" class=\"preload-image displayed-image\" src=\"https:\/\/www.lyachts.com\/wp-content\/uploads\/2021\/02\/eleftheria-main-1-800x533.jpg\" alt=\"\"><\/div><\/div><div class=\"gridblock-element  grid-animate-display-all isotope-displayed gridblock-thumbnail-id-2529 gridblock-col-2\"><div class=\"gridblock-ajax gridblock-grid-element gridblock-element-inner\" data-rel=\"3548\"><div class=\"gridblock-background-hover\"><a data-exthumbimage=\"https:\/\/www.lyachts.com\/wp-content\/uploads\/2021\/02\/eleftheria-1-160x160.jpg\" class=\"lightbox-active lightbox-image gridblock-sole-link\" data-sub-html=\"&lt;div class=&quot;lightbox-text-wrap &quot;&gt;&lt;h4 class=&quot;lightbox-text&quot;&gt;eleftheria-1&lt;\/h4&gt;&lt;\/div&gt;\" href=\"https:\/\/www.lyachts.com\/wp-content\/uploads\/2021\/02\/eleftheria-1.jpg\" data-src=\"https:\/\/www.lyachts.com\/wp-content\/uploads\/2021\/02\/eleftheria-1.jpg\"><div class=\"gridblock-links-wrap\"><span class=\"column-gridblock-icon\"><span class=\"hover-icon-effect\"><i class=\"ion-ios-search\"><\/i><\/span><\/span><\/div><\/a><\/div><img decoding=\"async\" class=\"preload-image displayed-image\" src=\"https:\/\/www.lyachts.com\/wp-content\/uploads\/2021\/02\/eleftheria-1.jpg\" alt=\"\"><\/div><\/div><div class=\"gridblock-element  grid-animate-display-all isotope-displayed gridblock-thumbnail-id-2497 gridblock-col-3\"><div class=\"gridblock-ajax gridblock-grid-element gridblock-element-inner\" data-rel=\"3548\"><div class=\"gridblock-background-hover\"><a data-exthumbimage=\"https:\/\/www.lyachts.com\/wp-content\/uploads\/2021\/02\/eleftheria-2-160x160.jpg\" class=\"lightbox-active lightbox-image gridblock-sole-link\" data-sub-html=\"&lt;div class=&quot;lightbox-text-wrap &quot;&gt;&lt;h4 class=&quot;lightbox-text&quot;&gt;eleftheria-2&lt;\/h4&gt;&lt;\/div&gt;\" href=\"https:\/\/www.lyachts.com\/wp-content\/uploads\/2021\/02\/eleftheria-2.jpg\" data-src=\"https:\/\/www.lyachts.com\/wp-content\/uploads\/2021\/02\/eleftheria-2.jpg\"><div class=\"gridblock-links-wrap\"><span class=\"column-gridblock-icon\"><span class=\"hover-icon-effect\"><i class=\"ion-ios-search\"><\/i><\/span><\/span><\/div><\/a><\/div><img decoding=\"async\" class=\"preload-image displayed-image\" src=\"https:\/\/www.lyachts.com\/wp-content\/uploads\/2021\/02\/eleftheria-2-800x533.jpg\" alt=\"\"><\/div><\/div><div class=\"gridblock-element  grid-animate-display-all isotope-displayed gridblock-thumbnail-id-2501 gridblock-col-4\"><div class=\"gridblock-ajax gridblock-grid-element gridblock-element-inner\" data-rel=\"3548\"><div class=\"gridblock-background-hover\"><a data-exthumbimage=\"https:\/\/www.lyachts.com\/wp-content\/uploads\/2021\/02\/eleftheria-3-160x160.jpg\" class=\"lightbox-active lightbox-image gridblock-sole-link\" data-sub-html=\"&lt;div class=&quot;lightbox-text-wrap &quot;&gt;&lt;h4 class=&quot;lightbox-text&quot;&gt;eleftheria-3&lt;\/h4&gt;&lt;\/div&gt;\" href=\"https:\/\/www.lyachts.com\/wp-content\/uploads\/2021\/02\/eleftheria-3.jpg\" data-src=\"https:\/\/www.lyachts.com\/wp-content\/uploads\/2021\/02\/eleftheria-3.jpg\"><div class=\"gridblock-links-wrap\"><span class=\"column-gridblock-icon\"><span class=\"hover-icon-effect\"><i class=\"ion-ios-search\"><\/i><\/span><\/span><\/div><\/a><\/div><img decoding=\"async\" class=\"preload-image displayed-image\" src=\"https:\/\/www.lyachts.com\/wp-content\/uploads\/2021\/02\/eleftheria-3.jpg\" alt=\"\"><\/div><\/div><div class=\"gridblock-element  grid-animate-display-all isotope-displayed gridblock-thumbnail-id-2505 gridblock-col-1\"><div class=\"gridblock-ajax gridblock-grid-element gridblock-element-inner\" data-rel=\"3548\"><div class=\"gridblock-background-hover\"><a data-exthumbimage=\"https:\/\/www.lyachts.com\/wp-content\/uploads\/2021\/02\/eleftheria-4-160x160.jpg\" class=\"lightbox-active lightbox-image gridblock-sole-link\" data-sub-html=\"&lt;div class=&quot;lightbox-text-wrap &quot;&gt;&lt;h4 class=&quot;lightbox-text&quot;&gt;eleftheria-4&lt;\/h4&gt;&lt;\/div&gt;\" href=\"https:\/\/www.lyachts.com\/wp-content\/uploads\/2021\/02\/eleftheria-4.jpg\" data-src=\"https:\/\/www.lyachts.com\/wp-content\/uploads\/2021\/02\/eleftheria-4.jpg\"><div class=\"gridblock-links-wrap\"><span class=\"column-gridblock-icon\"><span class=\"hover-icon-effect\"><i class=\"ion-ios-search\"><\/i><\/span><\/span><\/div><\/a><\/div><img decoding=\"async\" class=\"preload-image displayed-image\" src=\"https:\/\/www.lyachts.com\/wp-content\/uploads\/2021\/02\/eleftheria-4-800x533.jpg\" alt=\"\"><\/div><\/div><div class=\"gridblock-element  grid-animate-display-all isotope-displayed gridblock-thumbnail-id-2509 gridblock-col-2\"><div class=\"gridblock-ajax gridblock-grid-element gridblock-element-inner\" data-rel=\"3548\"><div class=\"gridblock-background-hover\"><a data-exthumbimage=\"https:\/\/www.lyachts.com\/wp-content\/uploads\/2021\/02\/eleftheria-5-160x160.jpg\" class=\"lightbox-active lightbox-image gridblock-sole-link\" data-sub-html=\"&lt;div class=&quot;lightbox-text-wrap &quot;&gt;&lt;h4 class=&quot;lightbox-text&quot;&gt;eleftheria-5&lt;\/h4&gt;&lt;\/div&gt;\" href=\"https:\/\/www.lyachts.com\/wp-content\/uploads\/2021\/02\/eleftheria-5.jpg\" data-src=\"https:\/\/www.lyachts.com\/wp-content\/uploads\/2021\/02\/eleftheria-5.jpg\"><div class=\"gridblock-links-wrap\"><span class=\"column-gridblock-icon\"><span class=\"hover-icon-effect\"><i class=\"ion-ios-search\"><\/i><\/span><\/span><\/div><\/a><\/div><img decoding=\"async\" class=\"preload-image displayed-image\" src=\"https:\/\/www.lyachts.com\/wp-content\/uploads\/2021\/02\/eleftheria-5-800x533.jpg\" alt=\"\"><\/div><\/div><div class=\"gridblock-element  grid-animate-display-all isotope-displayed gridblock-thumbnail-id-2513 gridblock-col-3\"><div class=\"gridblock-ajax gridblock-grid-element gridblock-element-inner\" data-rel=\"3548\"><div class=\"gridblock-background-hover\"><a data-exthumbimage=\"https:\/\/www.lyachts.com\/wp-content\/uploads\/2021\/02\/eleftheria-6-160x160.jpg\" class=\"lightbox-active lightbox-image gridblock-sole-link\" data-sub-html=\"&lt;div class=&quot;lightbox-text-wrap &quot;&gt;&lt;h4 class=&quot;lightbox-text&quot;&gt;eleftheria-6&lt;\/h4&gt;&lt;\/div&gt;\" href=\"https:\/\/www.lyachts.com\/wp-content\/uploads\/2021\/02\/eleftheria-6.jpg\" data-src=\"https:\/\/www.lyachts.com\/wp-content\/uploads\/2021\/02\/eleftheria-6.jpg\"><div class=\"gridblock-links-wrap\"><span class=\"column-gridblock-icon\"><span class=\"hover-icon-effect\"><i class=\"ion-ios-search\"><\/i><\/span><\/span><\/div><\/a><\/div><img decoding=\"async\" class=\"preload-image displayed-image\" src=\"https:\/\/www.lyachts.com\/wp-content\/uploads\/2021\/02\/eleftheria-6-800x533.jpg\" alt=\"\"><\/div><\/div><div class=\"gridblock-element  grid-animate-display-all isotope-displayed gridblock-thumbnail-id-2517 gridblock-col-4\"><div class=\"gridblock-ajax gridblock-grid-element gridblock-element-inner\" data-rel=\"3548\"><div class=\"gridblock-background-hover\"><a data-exthumbimage=\"https:\/\/www.lyachts.com\/wp-content\/uploads\/2021\/02\/eleftheria-7-160x160.jpg\" class=\"lightbox-active lightbox-image gridblock-sole-link\" data-sub-html=\"&lt;div class=&quot;lightbox-text-wrap &quot;&gt;&lt;h4 class=&quot;lightbox-text&quot;&gt;eleftheria-7&lt;\/h4&gt;&lt;\/div&gt;\" href=\"https:\/\/www.lyachts.com\/wp-content\/uploads\/2021\/02\/eleftheria-7.jpg\" data-src=\"https:\/\/www.lyachts.com\/wp-content\/uploads\/2021\/02\/eleftheria-7.jpg\"><div class=\"gridblock-links-wrap\"><span class=\"column-gridblock-icon\"><span class=\"hover-icon-effect\"><i class=\"ion-ios-search\"><\/i><\/span><\/span><\/div><\/a><\/div><img decoding=\"async\" class=\"preload-image displayed-image\" src=\"https:\/\/www.lyachts.com\/wp-content\/uploads\/2021\/02\/eleftheria-7-800x533.jpg\" alt=\"\"><\/div><\/div><div class=\"gridblock-element  grid-animate-display-all isotope-displayed gridblock-thumbnail-id-2521 gridblock-col-1\"><div class=\"gridblock-ajax gridblock-grid-element gridblock-element-inner\" data-rel=\"3548\"><div class=\"gridblock-background-hover\"><a data-exthumbimage=\"https:\/\/www.lyachts.com\/wp-content\/uploads\/2021\/02\/eleftheria-main-2-160x160.jpg\" class=\"lightbox-active lightbox-image gridblock-sole-link\" data-sub-html=\"&lt;div class=&quot;lightbox-text-wrap &quot;&gt;&lt;h4 class=&quot;lightbox-text&quot;&gt;eleftheria-main-2&lt;\/h4&gt;&lt;\/div&gt;\" href=\"https:\/\/www.lyachts.com\/wp-content\/uploads\/2021\/02\/eleftheria-main-2.jpg\" data-src=\"https:\/\/www.lyachts.com\/wp-content\/uploads\/2021\/02\/eleftheria-main-2.jpg\"><div class=\"gridblock-links-wrap\"><span class=\"column-gridblock-icon\"><span class=\"hover-icon-effect\"><i class=\"ion-ios-search\"><\/i><\/span><\/span><\/div><\/a><\/div><img decoding=\"async\" class=\"preload-image displayed-image\" src=\"https:\/\/www.lyachts.com\/wp-content\/uploads\/2021\/02\/eleftheria-main-2-800x533.jpg\" alt=\"\"><\/div><\/div><div class=\"gridblock-element  grid-animate-display-all isotope-displayed gridblock-thumbnail-id-2525 gridblock-col-2\"><div class=\"gridblock-ajax gridblock-grid-element gridblock-element-inner\" data-rel=\"3548\"><div class=\"gridblock-background-hover\"><a data-exthumbimage=\"https:\/\/www.lyachts.com\/wp-content\/uploads\/2021\/02\/eleftheria-main-3-160x160.jpg\" class=\"lightbox-active lightbox-image gridblock-sole-link\" data-sub-html=\"&lt;div class=&quot;lightbox-text-wrap &quot;&gt;&lt;h4 class=&quot;lightbox-text&quot;&gt;eleftheria-main-3&lt;\/h4&gt;&lt;\/div&gt;\" href=\"https:\/\/www.lyachts.com\/wp-content\/uploads\/2021\/02\/eleftheria-main-3.jpg\" data-src=\"https:\/\/www.lyachts.com\/wp-content\/uploads\/2021\/02\/eleftheria-main-3.jpg\"><div class=\"gridblock-links-wrap\"><span class=\"column-gridblock-icon\"><span class=\"hover-icon-effect\"><i class=\"ion-ios-search\"><\/i><\/span><\/span><\/div><\/a><\/div><img decoding=\"async\" class=\"preload-image displayed-image\" src=\"https:\/\/www.lyachts.com\/wp-content\/uploads\/2021\/02\/eleftheria-main-3-800x533.jpg\" alt=\"\"><\/div><\/div><\/div><\/div>\n","protected":false},"excerpt":{"rendered":"<p>ELEFTHERIA, ein au\u00dfergew\u00f6hnlicher klassischer Motorsegler, der in der Mavrikos-Werft auf der Insel Syros gebaut wurde, vereint beeindruckende Anmut und Charakter, Ambiente, Atmosph\u00e4re und maximalen Komfort mit 3 Doppelbetten. Unter dem Segeln ist Sie leistungsf\u00e4hig, wobei Sie sie unter anderem bequem und schnell \u00fcberall mit 10 Knoten hinfahren kann. ELEFTHERIA wurde daf\u00fcr designt, damit Sie das kristallklare Wasser der \u00c4g\u00e4is und romantische Momente unter den Sternen genie\u00dfen k\u00f6nnen. Vollst\u00e4ndige Navigation und elektronische Ausr\u00fcstung Stereo-Musiksystem TV im Wohnzimmer Wireless Internet Tender Zodiac [&hellip;]<\/p>\n","protected":false},"author":1,"featured_media":2495,"parent":0,"menu_order":0,"comment_status":"closed","ping_status":"closed","template":"","meta":{"footnotes":""},"categories":[],"tags":[],"class_list":["post-3548","page","type-page","status-publish","has-post-thumbnail","hentry"],"yoast_head":"<!-- This site is optimized with the Yoast SEO plugin v26.2 - https:\/\/yoast.com\/wordpress\/plugins\/seo\/ -->\n<title>Eleftheria - LYachts<\/title>\n<meta name=\"description\" content=\"ELEFTHERIA, ein au\u00dfergew\u00f6hnlicher klassischer Motorsegler, der in der Mavrikos-Werft auf der Insel Syros gebaut wurde, vereint beeindruckende Anmut und\" \/>\n<meta name=\"robots\" content=\"index, follow, max-snippet:-1, max-image-preview:large, max-video-preview:-1\" \/>\n<link rel=\"canonical\" href=\"https:\/\/www.lyachts.com\/de\/eleftheria\/\" \/>\n<meta property=\"og:locale\" content=\"de_DE\" \/>\n<meta property=\"og:type\" content=\"article\" \/>\n<meta property=\"og:title\" content=\"Eleftheria - LYachts\" \/>\n<meta property=\"og:description\" content=\"ELEFTHERIA, ein au\u00dfergew\u00f6hnlicher klassischer Motorsegler, der in der Mavrikos-Werft auf der Insel Syros gebaut wurde, vereint beeindruckende Anmut und\" \/>\n<meta property=\"og:url\" content=\"https:\/\/www.lyachts.com\/de\/eleftheria\/\" \/>\n<meta property=\"og:site_name\" content=\"LYachts\" \/>\n<meta property=\"article:publisher\" content=\"https:\/\/www.facebook.com\/Lyachts\/\" \/>\n<meta property=\"article:modified_time\" content=\"2021-11-05T22:41:36+00:00\" \/>\n<meta property=\"og:image\" content=\"https:\/\/www.lyachts.com\/wp-content\/uploads\/2021\/02\/eleftheria-main-1.jpg\" \/>\n\t<meta property=\"og:image:width\" content=\"1400\" \/>\n\t<meta property=\"og:image:height\" content=\"933\" \/>\n\t<meta property=\"og:image:type\" content=\"image\/jpeg\" \/>\n<meta name=\"twitter:card\" content=\"summary_large_image\" \/>\n<meta name=\"twitter:site\" content=\"@Lyachts2\" \/>\n<meta name=\"twitter:label1\" content=\"Gesch\u00e4tzte Lesezeit\" \/>\n\t<meta name=\"twitter:data1\" content=\"2\u00a0Minuten\" \/>\n<script type=\"application\/ld+json\" class=\"yoast-schema-graph\">{\"@context\":\"https:\/\/schema.org\",\"@graph\":[{\"@type\":\"WebPage\",\"@id\":\"https:\/\/www.lyachts.com\/de\/eleftheria\/\",\"url\":\"https:\/\/www.lyachts.com\/de\/eleftheria\/\",\"name\":\"Eleftheria - LYachts\",\"isPartOf\":{\"@id\":\"https:\/\/www.lyachts.com\/en\/#website\"},\"primaryImageOfPage\":{\"@id\":\"https:\/\/www.lyachts.com\/de\/eleftheria\/#primaryimage\"},\"image\":{\"@id\":\"https:\/\/www.lyachts.com\/de\/eleftheria\/#primaryimage\"},\"thumbnailUrl\":\"https:\/\/www.lyachts.com\/wp-content\/uploads\/2021\/02\/eleftheria-main-1.jpg\",\"datePublished\":\"2018-12-09T17:22:46+00:00\",\"dateModified\":\"2021-11-05T22:41:36+00:00\",\"description\":\"ELEFTHERIA, ein au\u00dfergew\u00f6hnlicher klassischer Motorsegler, der in der Mavrikos-Werft auf der Insel Syros gebaut wurde, vereint beeindruckende Anmut und\",\"inLanguage\":\"de\",\"potentialAction\":[{\"@type\":\"ReadAction\",\"target\":[\"https:\/\/www.lyachts.com\/de\/eleftheria\/\"]}]},{\"@type\":\"ImageObject\",\"inLanguage\":\"de\",\"@id\":\"https:\/\/www.lyachts.com\/de\/eleftheria\/#primaryimage\",\"url\":\"https:\/\/www.lyachts.com\/wp-content\/uploads\/2021\/02\/eleftheria-main-1.jpg\",\"contentUrl\":\"https:\/\/www.lyachts.com\/wp-content\/uploads\/2021\/02\/eleftheria-main-1.jpg\",\"width\":1400,\"height\":933},{\"@type\":\"WebSite\",\"@id\":\"https:\/\/www.lyachts.com\/en\/#website\",\"url\":\"https:\/\/www.lyachts.com\/en\/\",\"name\":\"LYachts\",\"description\":\"One goal, one passion - Lyachts services.\",\"potentialAction\":[{\"@type\":\"SearchAction\",\"target\":{\"@type\":\"EntryPoint\",\"urlTemplate\":\"https:\/\/www.lyachts.com\/en\/?s={search_term_string}\"},\"query-input\":{\"@type\":\"PropertyValueSpecification\",\"valueRequired\":true,\"valueName\":\"search_term_string\"}}],\"inLanguage\":\"de\"}]}<\/script>\n<!-- \/ Yoast SEO plugin. -->","yoast_head_json":{"title":"Eleftheria - LYachts","description":"ELEFTHERIA, ein au\u00dfergew\u00f6hnlicher klassischer Motorsegler, der in der Mavrikos-Werft auf der Insel Syros gebaut wurde, vereint beeindruckende Anmut und","robots":{"index":"index","follow":"follow","max-snippet":"max-snippet:-1","max-image-preview":"max-image-preview:large","max-video-preview":"max-video-preview:-1"},"canonical":"https:\/\/www.lyachts.com\/de\/eleftheria\/","og_locale":"de_DE","og_type":"article","og_title":"Eleftheria - LYachts","og_description":"ELEFTHERIA, ein au\u00dfergew\u00f6hnlicher klassischer Motorsegler, der in der Mavrikos-Werft auf der Insel Syros gebaut wurde, vereint beeindruckende Anmut und","og_url":"https:\/\/www.lyachts.com\/de\/eleftheria\/","og_site_name":"LYachts","article_publisher":"https:\/\/www.facebook.com\/Lyachts\/","article_modified_time":"2021-11-05T22:41:36+00:00","og_image":[{"width":1400,"height":933,"url":"https:\/\/www.lyachts.com\/wp-content\/uploads\/2021\/02\/eleftheria-main-1.jpg","type":"image\/jpeg"}],"twitter_card":"summary_large_image","twitter_site":"@Lyachts2","twitter_misc":{"Gesch\u00e4tzte Lesezeit":"2\u00a0Minuten"},"schema":{"@context":"https:\/\/schema.org","@graph":[{"@type":"WebPage","@id":"https:\/\/www.lyachts.com\/de\/eleftheria\/","url":"https:\/\/www.lyachts.com\/de\/eleftheria\/","name":"Eleftheria - LYachts","isPartOf":{"@id":"https:\/\/www.lyachts.com\/en\/#website"},"primaryImageOfPage":{"@id":"https:\/\/www.lyachts.com\/de\/eleftheria\/#primaryimage"},"image":{"@id":"https:\/\/www.lyachts.com\/de\/eleftheria\/#primaryimage"},"thumbnailUrl":"https:\/\/www.lyachts.com\/wp-content\/uploads\/2021\/02\/eleftheria-main-1.jpg","datePublished":"2018-12-09T17:22:46+00:00","dateModified":"2021-11-05T22:41:36+00:00","description":"ELEFTHERIA, ein au\u00dfergew\u00f6hnlicher klassischer Motorsegler, der in der Mavrikos-Werft auf der Insel Syros gebaut wurde, vereint beeindruckende Anmut und","inLanguage":"de","potentialAction":[{"@type":"ReadAction","target":["https:\/\/www.lyachts.com\/de\/eleftheria\/"]}]},{"@type":"ImageObject","inLanguage":"de","@id":"https:\/\/www.lyachts.com\/de\/eleftheria\/#primaryimage","url":"https:\/\/www.lyachts.com\/wp-content\/uploads\/2021\/02\/eleftheria-main-1.jpg","contentUrl":"https:\/\/www.lyachts.com\/wp-content\/uploads\/2021\/02\/eleftheria-main-1.jpg","width":1400,"height":933},{"@type":"WebSite","@id":"https:\/\/www.lyachts.com\/en\/#website","url":"https:\/\/www.lyachts.com\/en\/","name":"LYachts","description":"One goal, one passion - Lyachts services.","potentialAction":[{"@type":"SearchAction","target":{"@type":"EntryPoint","urlTemplate":"https:\/\/www.lyachts.com\/en\/?s={search_term_string}"},"query-input":{"@type":"PropertyValueSpecification","valueRequired":true,"valueName":"search_term_string"}}],"inLanguage":"de"}]}},"_links":{"self":[{"href":"https:\/\/www.lyachts.com\/de\/wp-json\/wp\/v2\/pages\/3548","targetHints":{"allow":["GET"]}}],"collection":[{"href":"https:\/\/www.lyachts.com\/de\/wp-json\/wp\/v2\/pages"}],"about":[{"href":"https:\/\/www.lyachts.com\/de\/wp-json\/wp\/v2\/types\/page"}],"author":[{"embeddable":true,"href":"https:\/\/www.lyachts.com\/de\/wp-json\/wp\/v2\/users\/1"}],"replies":[{"embeddable":true,"href":"https:\/\/www.lyachts.com\/de\/wp-json\/wp\/v2\/comments?post=3548"}],"version-history":[{"count":4,"href":"https:\/\/www.lyachts.com\/de\/wp-json\/wp\/v2\/pages\/3548\/revisions"}],"predecessor-version":[{"id":6601,"href":"https:\/\/www.lyachts.com\/de\/wp-json\/wp\/v2\/pages\/3548\/revisions\/6601"}],"wp:featuredmedia":[{"embeddable":true,"href":"https:\/\/www.lyachts.com\/de\/wp-json\/wp\/v2\/media\/2495"}],"wp:attachment":[{"href":"https:\/\/www.lyachts.com\/de\/wp-json\/wp\/v2\/media?parent=3548"}],"wp:term":[{"taxonomy":"category","embeddable":true,"href":"https:\/\/www.lyachts.com\/de\/wp-json\/wp\/v2\/categories?post=3548"},{"taxonomy":"post_tag","embeddable":true,"href":"https:\/\/www.lyachts.com\/de\/wp-json\/wp\/v2\/tags?post=3548"}],"curies":[{"name":"wp","href":"https:\/\/api.w.org\/{rel}","templated":true}]}}