{"id":3563,"date":"2018-12-09T20:47:56","date_gmt":"2018-12-09T18:47:56","guid":{"rendered":"https:\/\/www.lyachts.com\/erato\/"},"modified":"2021-11-06T00:43:52","modified_gmt":"2021-11-05T22:43:52","slug":"erato","status":"publish","type":"page","link":"https:\/\/www.lyachts.com\/de\/erato\/","title":{"rendered":"Erato"},"content":{"rendered":"\n<div class=\"section-heading headingstyle-compact section-align-left\" style=\"padding-top:152px;padding-bottom:0;margin-bottom:0px;\"><h1 class=\"animation-standby animated fadeInUpSlight entry-title section-title\" style=\"font-weight:400;\">Erato<\/h1><\/div>\n<div class=\"section-heading headingstyle-default section-align-left\" style=\"padding-top:50px;padding-bottom:0;margin-bottom:px;\"><h4 class=\"animation-standby animated fadeInUpSlight entry-title section-title\" >Unterkunft<\/h4><\/div>\n<div class=\"animation-standby animated fadeInUpSlight\">\n<p><p>In traditioneller Bauweise gebaut, bietet sie Platz f\u00fcr bis zu 19 G\u00e4ste in 7 ger\u00e4umigen, klimatisierten Kabinen, die alle \u00fcber ein eigenes Bad verf\u00fcgen.Erato verf\u00fcgt \u00fcber einen ger\u00e4umigen und komfortablen klimatisierten Salon, der voll ausgestattet ist mit Audio- und visuellen Unterhaltungssystemen und einer gem\u00fctlichen Bar, die geschmackvolle Spirituosen und Weine der Region anbietet.<\/p>\n<\/p>\n<\/div>\n<div class=\"section-heading headingstyle-default section-align-left\" style=\"padding-top:20px;padding-bottom:0;margin-bottom:0px;\"><h4 class=\"animation-standby animated fadeInUpSlight entry-title section-title\" >Unterhaltung<\/h4><\/div>\n<div class=\"animation-standby animated fadeInUpSlight\">\n<p><p>WLAN<br \/>\nIm gesamten Schiff ist kostenloses WLAN verf\u00fcgbar. Um eine Verbindung zum Zugangspunkt herzustellen, muss Ihr Computer mit einem drahtlosen Netzwerk ausgestattet sein.<br \/>\nFernseher<br \/>\nEs gibt einen Satelliten-TV im Yachtsalon mit mehreren nationalen Kan\u00e4len<\/p>\n<\/p>\n<\/div>\n<div class=\"section-heading headingstyle-default section-align-left\" style=\"padding-top:20px;padding-bottom:0;margin-bottom:0px;\"><h4 class=\"animation-standby animated fadeInUpSlight entry-title section-title\" >Tender & Wasserspielzeuge<\/h4><\/div>\n<div class=\"animation-standby animated fadeInUpSlight\">\n<p><p>ERATO verf\u00fcgt \u00fcber ein tender HORIZON 4,5 m mit Au\u00dfenborder SUZUKI 65 PS zum Ein- und Ausschiffen, der Platz f\u00fcr 6 Erwachsene und einen mit Lebensrettungsausr\u00fcstung ausgestatteten Fahrer bietet.<\/p>\n<p>Wasserspielzeug<br \/>\nAn Bord stehen verschiedene Wasserspielzeuge und Wassersportger\u00e4te kostenlos zur Verf\u00fcgung<br \/>\n2 Kanu<br \/>\n1 Windsurf<br \/>\n1 Kniesurf<br \/>\n3 Angelruten<br \/>\n19 Schnorchelsets<\/p>\n<p>Es gibt auch M\u00f6glichkeiten f\u00fcr verschiedene Wassersportarten wie Jetski, Wasserski, Ringo und Bananenboot auf Ihren Wunsch in jeder Insel. Auf mehreren Inseln gibt es ein Tauchzentrum und auf Anfrage kann ein Tauchgang organisiert werden.<\/p>\n<\/p>\n<\/div>\n<div class=\"clearfix divider-common default-divider  divider-blank\" style=\"padding-top:50px;\"><\/div>\n<div class=\"pricing-table pricing-table-service clearfix\"><div style=\"background-color:#000000;\" class=\"pricing-column-target animation-standby animated fadeInUpSlight column1 \"><div class=\"pricing-column-type-1 pricing-column\"><ul><li class=\"pricing-title\"><h2>Einzelheiten<\/h2><\/li><p><!--<li class=\"pricing-section\"><div class=\"pricing-wrap\"><div class=\"pricing-cell\"><span class=\"pricing-currency\">M<\/span>39<span class=\"pricing-suffix\">32<\/span><\/div><div class=\"pricing-duration\">{:el}{:en}Length{:de}{:}<\/div><\/div><\/li>--> <li class=\"pricing-service\"><p> <b>L\u00e4nge:<\/b> 98.5 ft. \/ 30 m.<\/p>\n<p><b>Baujahr \/ Renovierung:<\/b> 2001 \/ 2015<\/p>\n<p><b>Hersteller:<\/b> Piraeus<\/p>\n<p><b>Kabinen:<\/b> 7<\/p>\n<p><b>Kabinenkonfiguration:<\/b> 5 Double + One single, 2 Double bed only<\/p>\n<p><b>G\u00e4ste:<\/b> 19<\/p>\n<p><b>Crew:<\/b> 5<\/p>\n<p><b>Geschwindigkeit:<\/b> 10 KN<\/p>\n<p><b>Nebensaison Tagespreis:<\/b> 4.000 \u20ac<\/p>\n<p><b>Hochsaison Tagespreis:<\/b> 4.000 \u20ac<\/p>\n<p><b>Nebensaison Wochenpreis:<\/b> 28.000 \u20ac<\/p>\n<p><b>Hochsaison Wochenpreis:<\/b> 28.000 \u20ac <\/p>\n<\/li> <li class=\"pricing-footer\"><div class=\"button-shortcode button-shortcode-69ef90f121739\"><a href=\"https:\/\/www.lyachts.com\/de\/contact-us\/\" ><div  class=\"mtheme-button\">Angebotsanfrage Yacht<\/div><\/a><\/div><\/li><\/p>\n<\/ul><\/div><\/div><\/div>\n<div class=\"section-heading headingstyle-default section-align-left\" style=\"padding-top:100px;padding-bottom:;margin-bottom:30px;\"><h4 class=\"animation-standby animated fadeInUpSlight entry-title section-title\" >Am Bord Erato<\/h4><\/div>\n<div class=\"thumbnails-shortcode gridblock-columns-wrap grid-style-wall-spaced-wrap clearfix\"><div class=\"thumbnails-grid-container grid-style-wall-spaced thumbnail-gutter-spaced gridblock-masonary no-title-no-desc gridblock-four  has-effect-zoom\"  data-columns=\"4\"><div class=\"gridblock-element  grid-animate-display-all isotope-displayed gridblock-thumbnail-id-2564 gridblock-col-1\"><div class=\"gridblock-ajax gridblock-grid-element gridblock-element-inner\" data-rel=\"3563\"><div class=\"gridblock-background-hover\"><a data-exthumbimage=\"https:\/\/www.lyachts.com\/wp-content\/uploads\/2021\/02\/erato-main-1-160x160.jpg\" class=\"lightbox-active lightbox-image gridblock-sole-link\" data-sub-html=\"&lt;div class=&quot;lightbox-text-wrap &quot;&gt;&lt;h4 class=&quot;lightbox-text&quot;&gt;erato-main-1&lt;\/h4&gt;&lt;\/div&gt;\" href=\"https:\/\/www.lyachts.com\/wp-content\/uploads\/2021\/02\/erato-main-1.jpg\" data-src=\"https:\/\/www.lyachts.com\/wp-content\/uploads\/2021\/02\/erato-main-1.jpg\"><div class=\"gridblock-links-wrap\"><span class=\"column-gridblock-icon\"><span class=\"hover-icon-effect\"><i class=\"ion-ios-search\"><\/i><\/span><\/span><\/div><\/a><\/div><img decoding=\"async\" class=\"preload-image displayed-image\" src=\"https:\/\/www.lyachts.com\/wp-content\/uploads\/2021\/02\/erato-main-1-800x533.jpg\" alt=\"\"><\/div><\/div><div class=\"gridblock-element  grid-animate-display-all isotope-displayed gridblock-thumbnail-id-2584 gridblock-col-2\"><div class=\"gridblock-ajax gridblock-grid-element gridblock-element-inner\" data-rel=\"3563\"><div class=\"gridblock-background-hover\"><a data-exthumbimage=\"https:\/\/www.lyachts.com\/wp-content\/uploads\/2021\/02\/erato-main-2-160x160.jpg\" class=\"lightbox-active lightbox-image gridblock-sole-link\" data-sub-html=\"&lt;div class=&quot;lightbox-text-wrap &quot;&gt;&lt;h4 class=&quot;lightbox-text&quot;&gt;erato-main-2&lt;\/h4&gt;&lt;\/div&gt;\" href=\"https:\/\/www.lyachts.com\/wp-content\/uploads\/2021\/02\/erato-main-2.jpg\" data-src=\"https:\/\/www.lyachts.com\/wp-content\/uploads\/2021\/02\/erato-main-2.jpg\"><div class=\"gridblock-links-wrap\"><span class=\"column-gridblock-icon\"><span class=\"hover-icon-effect\"><i class=\"ion-ios-search\"><\/i><\/span><\/span><\/div><\/a><\/div><img decoding=\"async\" class=\"preload-image displayed-image\" src=\"https:\/\/www.lyachts.com\/wp-content\/uploads\/2021\/02\/erato-main-2-800x533.jpg\" alt=\"\"><\/div><\/div><div class=\"gridblock-element  grid-animate-display-all isotope-displayed gridblock-thumbnail-id-2588 gridblock-col-3\"><div class=\"gridblock-ajax gridblock-grid-element gridblock-element-inner\" data-rel=\"3563\"><div class=\"gridblock-background-hover\"><a data-exthumbimage=\"https:\/\/www.lyachts.com\/wp-content\/uploads\/2021\/02\/erato-main-3-160x160.jpg\" class=\"lightbox-active lightbox-image gridblock-sole-link\" data-sub-html=\"&lt;div class=&quot;lightbox-text-wrap &quot;&gt;&lt;h4 class=&quot;lightbox-text&quot;&gt;erato-main-3&lt;\/h4&gt;&lt;\/div&gt;\" href=\"https:\/\/www.lyachts.com\/wp-content\/uploads\/2021\/02\/erato-main-3.jpg\" data-src=\"https:\/\/www.lyachts.com\/wp-content\/uploads\/2021\/02\/erato-main-3.jpg\"><div class=\"gridblock-links-wrap\"><span class=\"column-gridblock-icon\"><span class=\"hover-icon-effect\"><i class=\"ion-ios-search\"><\/i><\/span><\/span><\/div><\/a><\/div><img decoding=\"async\" class=\"preload-image displayed-image\" src=\"https:\/\/www.lyachts.com\/wp-content\/uploads\/2021\/02\/erato-main-3-800x533.jpg\" alt=\"\"><\/div><\/div><div class=\"gridblock-element  grid-animate-display-all isotope-displayed gridblock-thumbnail-id-2568 gridblock-col-4\"><div class=\"gridblock-ajax gridblock-grid-element gridblock-element-inner\" data-rel=\"3563\"><div class=\"gridblock-background-hover\"><a data-exthumbimage=\"https:\/\/www.lyachts.com\/wp-content\/uploads\/2021\/02\/erato-1-160x160.jpg\" class=\"lightbox-active lightbox-image gridblock-sole-link\" data-sub-html=\"&lt;div class=&quot;lightbox-text-wrap &quot;&gt;&lt;h4 class=&quot;lightbox-text&quot;&gt;erato-1&lt;\/h4&gt;&lt;\/div&gt;\" href=\"https:\/\/www.lyachts.com\/wp-content\/uploads\/2021\/02\/erato-1.jpg\" data-src=\"https:\/\/www.lyachts.com\/wp-content\/uploads\/2021\/02\/erato-1.jpg\"><div class=\"gridblock-links-wrap\"><span class=\"column-gridblock-icon\"><span class=\"hover-icon-effect\"><i class=\"ion-ios-search\"><\/i><\/span><\/span><\/div><\/a><\/div><img decoding=\"async\" class=\"preload-image displayed-image\" src=\"https:\/\/www.lyachts.com\/wp-content\/uploads\/2021\/02\/erato-1-800x533.jpg\" alt=\"\"><\/div><\/div><div class=\"gridblock-element  grid-animate-display-all isotope-displayed gridblock-thumbnail-id-2572 gridblock-col-1\"><div class=\"gridblock-ajax gridblock-grid-element gridblock-element-inner\" data-rel=\"3563\"><div class=\"gridblock-background-hover\"><a data-exthumbimage=\"https:\/\/www.lyachts.com\/wp-content\/uploads\/2021\/02\/erato-2-160x160.jpg\" class=\"lightbox-active lightbox-image gridblock-sole-link\" data-sub-html=\"&lt;div class=&quot;lightbox-text-wrap &quot;&gt;&lt;h4 class=&quot;lightbox-text&quot;&gt;erato-2&lt;\/h4&gt;&lt;\/div&gt;\" href=\"https:\/\/www.lyachts.com\/wp-content\/uploads\/2021\/02\/erato-2.jpg\" data-src=\"https:\/\/www.lyachts.com\/wp-content\/uploads\/2021\/02\/erato-2.jpg\"><div class=\"gridblock-links-wrap\"><span class=\"column-gridblock-icon\"><span class=\"hover-icon-effect\"><i class=\"ion-ios-search\"><\/i><\/span><\/span><\/div><\/a><\/div><img decoding=\"async\" class=\"preload-image displayed-image\" src=\"https:\/\/www.lyachts.com\/wp-content\/uploads\/2021\/02\/erato-2-800x533.jpg\" alt=\"\"><\/div><\/div><div class=\"gridblock-element  grid-animate-display-all isotope-displayed gridblock-thumbnail-id-2576 gridblock-col-2\"><div class=\"gridblock-ajax gridblock-grid-element gridblock-element-inner\" data-rel=\"3563\"><div class=\"gridblock-background-hover\"><a data-exthumbimage=\"https:\/\/www.lyachts.com\/wp-content\/uploads\/2021\/02\/erato-3-160x160.jpg\" class=\"lightbox-active lightbox-image gridblock-sole-link\" data-sub-html=\"&lt;div class=&quot;lightbox-text-wrap &quot;&gt;&lt;h4 class=&quot;lightbox-text&quot;&gt;erato-3&lt;\/h4&gt;&lt;\/div&gt;\" href=\"https:\/\/www.lyachts.com\/wp-content\/uploads\/2021\/02\/erato-3.jpg\" data-src=\"https:\/\/www.lyachts.com\/wp-content\/uploads\/2021\/02\/erato-3.jpg\"><div class=\"gridblock-links-wrap\"><span class=\"column-gridblock-icon\"><span class=\"hover-icon-effect\"><i class=\"ion-ios-search\"><\/i><\/span><\/span><\/div><\/a><\/div><img decoding=\"async\" class=\"preload-image displayed-image\" src=\"https:\/\/www.lyachts.com\/wp-content\/uploads\/2021\/02\/erato-3-800x533.jpg\" alt=\"\"><\/div><\/div><div class=\"gridblock-element  grid-animate-display-all isotope-displayed gridblock-thumbnail-id-2580 gridblock-col-3\"><div class=\"gridblock-ajax gridblock-grid-element gridblock-element-inner\" data-rel=\"3563\"><div class=\"gridblock-background-hover\"><a data-exthumbimage=\"https:\/\/www.lyachts.com\/wp-content\/uploads\/2021\/02\/erato-4-160x160.jpg\" class=\"lightbox-active lightbox-image gridblock-sole-link\" data-sub-html=\"&lt;div class=&quot;lightbox-text-wrap &quot;&gt;&lt;h4 class=&quot;lightbox-text&quot;&gt;erato-4&lt;\/h4&gt;&lt;\/div&gt;\" href=\"https:\/\/www.lyachts.com\/wp-content\/uploads\/2021\/02\/erato-4.jpg\" data-src=\"https:\/\/www.lyachts.com\/wp-content\/uploads\/2021\/02\/erato-4.jpg\"><div class=\"gridblock-links-wrap\"><span class=\"column-gridblock-icon\"><span class=\"hover-icon-effect\"><i class=\"ion-ios-search\"><\/i><\/span><\/span><\/div><\/a><\/div><img decoding=\"async\" class=\"preload-image displayed-image\" src=\"https:\/\/www.lyachts.com\/wp-content\/uploads\/2021\/02\/erato-4-800x533.jpg\" alt=\"\"><\/div><\/div><\/div><\/div>\n","protected":false},"excerpt":{"rendered":"<p>In traditioneller Bauweise gebaut, bietet sie Platz f\u00fcr bis zu 19 G\u00e4ste in 7 ger\u00e4umigen, klimatisierten Kabinen, die alle \u00fcber ein eigenes Bad verf\u00fcgen.Erato verf\u00fcgt \u00fcber einen ger\u00e4umigen und komfortablen klimatisierten Salon, der voll ausgestattet ist mit Audio- und visuellen Unterhaltungssystemen und einer gem\u00fctlichen Bar, die geschmackvolle Spirituosen und Weine der Region anbietet. WLAN Im gesamten Schiff ist kostenloses WLAN verf\u00fcgbar. Um eine Verbindung zum Zugangspunkt herzustellen, muss Ihr Computer mit einem drahtlosen Netzwerk ausgestattet sein. Fernseher Es gibt einen [&hellip;]<\/p>\n","protected":false},"author":1,"featured_media":2566,"parent":0,"menu_order":0,"comment_status":"closed","ping_status":"closed","template":"","meta":{"footnotes":""},"categories":[],"tags":[],"class_list":["post-3563","page","type-page","status-publish","has-post-thumbnail","hentry"],"yoast_head":"<!-- This site is optimized with the Yoast SEO plugin v26.2 - https:\/\/yoast.com\/wordpress\/plugins\/seo\/ -->\n<title>Erato - LYachts<\/title>\n<meta name=\"description\" content=\"In traditioneller Bauweise gebaut, bietet sie Platz f\u00fcr bis zu 19 G\u00e4ste in 7 ger\u00e4umigen, klimatisierten Kabinen, die alle \u00fcber ein eigenes Bad\" \/>\n<meta name=\"robots\" content=\"index, follow, max-snippet:-1, max-image-preview:large, max-video-preview:-1\" \/>\n<link rel=\"canonical\" href=\"https:\/\/www.lyachts.com\/de\/erato\/\" \/>\n<meta property=\"og:locale\" content=\"de_DE\" \/>\n<meta property=\"og:type\" content=\"article\" \/>\n<meta property=\"og:title\" content=\"Erato - LYachts\" \/>\n<meta property=\"og:description\" content=\"In traditioneller Bauweise gebaut, bietet sie Platz f\u00fcr bis zu 19 G\u00e4ste in 7 ger\u00e4umigen, klimatisierten Kabinen, die alle \u00fcber ein eigenes Bad\" \/>\n<meta property=\"og:url\" content=\"https:\/\/www.lyachts.com\/de\/erato\/\" \/>\n<meta property=\"og:site_name\" content=\"LYachts\" \/>\n<meta property=\"article:publisher\" content=\"https:\/\/www.facebook.com\/Lyachts\/\" \/>\n<meta property=\"article:modified_time\" content=\"2021-11-05T22:43:52+00:00\" \/>\n<meta property=\"og:image\" content=\"https:\/\/www.lyachts.com\/wp-content\/uploads\/2021\/02\/erato-main-1.jpg\" \/>\n\t<meta property=\"og:image:width\" content=\"1400\" \/>\n\t<meta property=\"og:image:height\" content=\"933\" \/>\n\t<meta property=\"og:image:type\" content=\"image\/jpeg\" \/>\n<meta name=\"twitter:card\" content=\"summary_large_image\" \/>\n<meta name=\"twitter:site\" content=\"@Lyachts2\" \/>\n<meta name=\"twitter:label1\" content=\"Gesch\u00e4tzte Lesezeit\" \/>\n\t<meta name=\"twitter:data1\" content=\"2\u00a0Minuten\" \/>\n<script type=\"application\/ld+json\" class=\"yoast-schema-graph\">{\"@context\":\"https:\/\/schema.org\",\"@graph\":[{\"@type\":\"WebPage\",\"@id\":\"https:\/\/www.lyachts.com\/de\/erato\/\",\"url\":\"https:\/\/www.lyachts.com\/de\/erato\/\",\"name\":\"Erato - LYachts\",\"isPartOf\":{\"@id\":\"https:\/\/www.lyachts.com\/en\/#website\"},\"primaryImageOfPage\":{\"@id\":\"https:\/\/www.lyachts.com\/de\/erato\/#primaryimage\"},\"image\":{\"@id\":\"https:\/\/www.lyachts.com\/de\/erato\/#primaryimage\"},\"thumbnailUrl\":\"https:\/\/www.lyachts.com\/wp-content\/uploads\/2021\/02\/erato-main-1.jpg\",\"datePublished\":\"2018-12-09T18:47:56+00:00\",\"dateModified\":\"2021-11-05T22:43:52+00:00\",\"description\":\"In traditioneller Bauweise gebaut, bietet sie Platz f\u00fcr bis zu 19 G\u00e4ste in 7 ger\u00e4umigen, klimatisierten Kabinen, die alle \u00fcber ein eigenes Bad\",\"inLanguage\":\"de\",\"potentialAction\":[{\"@type\":\"ReadAction\",\"target\":[\"https:\/\/www.lyachts.com\/de\/erato\/\"]}]},{\"@type\":\"ImageObject\",\"inLanguage\":\"de\",\"@id\":\"https:\/\/www.lyachts.com\/de\/erato\/#primaryimage\",\"url\":\"https:\/\/www.lyachts.com\/wp-content\/uploads\/2021\/02\/erato-main-1.jpg\",\"contentUrl\":\"https:\/\/www.lyachts.com\/wp-content\/uploads\/2021\/02\/erato-main-1.jpg\",\"width\":1400,\"height\":933},{\"@type\":\"WebSite\",\"@id\":\"https:\/\/www.lyachts.com\/en\/#website\",\"url\":\"https:\/\/www.lyachts.com\/en\/\",\"name\":\"LYachts\",\"description\":\"One goal, one passion - Lyachts services.\",\"potentialAction\":[{\"@type\":\"SearchAction\",\"target\":{\"@type\":\"EntryPoint\",\"urlTemplate\":\"https:\/\/www.lyachts.com\/en\/?s={search_term_string}\"},\"query-input\":{\"@type\":\"PropertyValueSpecification\",\"valueRequired\":true,\"valueName\":\"search_term_string\"}}],\"inLanguage\":\"de\"}]}<\/script>\n<!-- \/ Yoast SEO plugin. -->","yoast_head_json":{"title":"Erato - LYachts","description":"In traditioneller Bauweise gebaut, bietet sie Platz f\u00fcr bis zu 19 G\u00e4ste in 7 ger\u00e4umigen, klimatisierten Kabinen, die alle \u00fcber ein eigenes Bad","robots":{"index":"index","follow":"follow","max-snippet":"max-snippet:-1","max-image-preview":"max-image-preview:large","max-video-preview":"max-video-preview:-1"},"canonical":"https:\/\/www.lyachts.com\/de\/erato\/","og_locale":"de_DE","og_type":"article","og_title":"Erato - LYachts","og_description":"In traditioneller Bauweise gebaut, bietet sie Platz f\u00fcr bis zu 19 G\u00e4ste in 7 ger\u00e4umigen, klimatisierten Kabinen, die alle \u00fcber ein eigenes Bad","og_url":"https:\/\/www.lyachts.com\/de\/erato\/","og_site_name":"LYachts","article_publisher":"https:\/\/www.facebook.com\/Lyachts\/","article_modified_time":"2021-11-05T22:43:52+00:00","og_image":[{"width":1400,"height":933,"url":"https:\/\/www.lyachts.com\/wp-content\/uploads\/2021\/02\/erato-main-1.jpg","type":"image\/jpeg"}],"twitter_card":"summary_large_image","twitter_site":"@Lyachts2","twitter_misc":{"Gesch\u00e4tzte Lesezeit":"2\u00a0Minuten"},"schema":{"@context":"https:\/\/schema.org","@graph":[{"@type":"WebPage","@id":"https:\/\/www.lyachts.com\/de\/erato\/","url":"https:\/\/www.lyachts.com\/de\/erato\/","name":"Erato - LYachts","isPartOf":{"@id":"https:\/\/www.lyachts.com\/en\/#website"},"primaryImageOfPage":{"@id":"https:\/\/www.lyachts.com\/de\/erato\/#primaryimage"},"image":{"@id":"https:\/\/www.lyachts.com\/de\/erato\/#primaryimage"},"thumbnailUrl":"https:\/\/www.lyachts.com\/wp-content\/uploads\/2021\/02\/erato-main-1.jpg","datePublished":"2018-12-09T18:47:56+00:00","dateModified":"2021-11-05T22:43:52+00:00","description":"In traditioneller Bauweise gebaut, bietet sie Platz f\u00fcr bis zu 19 G\u00e4ste in 7 ger\u00e4umigen, klimatisierten Kabinen, die alle \u00fcber ein eigenes Bad","inLanguage":"de","potentialAction":[{"@type":"ReadAction","target":["https:\/\/www.lyachts.com\/de\/erato\/"]}]},{"@type":"ImageObject","inLanguage":"de","@id":"https:\/\/www.lyachts.com\/de\/erato\/#primaryimage","url":"https:\/\/www.lyachts.com\/wp-content\/uploads\/2021\/02\/erato-main-1.jpg","contentUrl":"https:\/\/www.lyachts.com\/wp-content\/uploads\/2021\/02\/erato-main-1.jpg","width":1400,"height":933},{"@type":"WebSite","@id":"https:\/\/www.lyachts.com\/en\/#website","url":"https:\/\/www.lyachts.com\/en\/","name":"LYachts","description":"One goal, one passion - Lyachts services.","potentialAction":[{"@type":"SearchAction","target":{"@type":"EntryPoint","urlTemplate":"https:\/\/www.lyachts.com\/en\/?s={search_term_string}"},"query-input":{"@type":"PropertyValueSpecification","valueRequired":true,"valueName":"search_term_string"}}],"inLanguage":"de"}]}},"_links":{"self":[{"href":"https:\/\/www.lyachts.com\/de\/wp-json\/wp\/v2\/pages\/3563","targetHints":{"allow":["GET"]}}],"collection":[{"href":"https:\/\/www.lyachts.com\/de\/wp-json\/wp\/v2\/pages"}],"about":[{"href":"https:\/\/www.lyachts.com\/de\/wp-json\/wp\/v2\/types\/page"}],"author":[{"embeddable":true,"href":"https:\/\/www.lyachts.com\/de\/wp-json\/wp\/v2\/users\/1"}],"replies":[{"embeddable":true,"href":"https:\/\/www.lyachts.com\/de\/wp-json\/wp\/v2\/comments?post=3563"}],"version-history":[{"count":4,"href":"https:\/\/www.lyachts.com\/de\/wp-json\/wp\/v2\/pages\/3563\/revisions"}],"predecessor-version":[{"id":6609,"href":"https:\/\/www.lyachts.com\/de\/wp-json\/wp\/v2\/pages\/3563\/revisions\/6609"}],"wp:featuredmedia":[{"embeddable":true,"href":"https:\/\/www.lyachts.com\/de\/wp-json\/wp\/v2\/media\/2566"}],"wp:attachment":[{"href":"https:\/\/www.lyachts.com\/de\/wp-json\/wp\/v2\/media?parent=3563"}],"wp:term":[{"taxonomy":"category","embeddable":true,"href":"https:\/\/www.lyachts.com\/de\/wp-json\/wp\/v2\/categories?post=3563"},{"taxonomy":"post_tag","embeddable":true,"href":"https:\/\/www.lyachts.com\/de\/wp-json\/wp\/v2\/tags?post=3563"}],"curies":[{"name":"wp","href":"https:\/\/api.w.org\/{rel}","templated":true}]}}