{"id":5688,"date":"2018-11-16T18:54:36","date_gmt":"2018-11-16T16:54:36","guid":{"rendered":"https:\/\/www.lyachts.com\/project-steel\/"},"modified":"2021-11-07T00:20:36","modified_gmt":"2021-11-06T22:20:36","slug":"project-steel","status":"publish","type":"page","link":"https:\/\/www.lyachts.com\/de\/project-steel\/","title":{"rendered":"Project Steel"},"content":{"rendered":"\n<div class=\"section-heading headingstyle-compact section-align-left\" style=\"padding-top:152px;padding-bottom:0;margin-bottom:0px;\"><h1 class=\"animation-standby animated fadeInUpSlight entry-title section-title\" style=\"font-weight:400;\">Project Steel<\/h1><\/div>\n<div class=\"section-heading headingstyle-default section-align-left\" style=\"padding-top:50px;padding-bottom:0;margin-bottom:px;\"><h4 class=\"animation-standby animated fadeInUpSlight entry-title section-title\" >Unterkunft<\/h4><\/div>\n<div class=\"animation-standby animated fadeInUpSlight\">\n<p><p>Project Steel ist unser erstaunlicher Bugari 100, eine Motoryacht, die f\u00fcr Crewed Charter in Griechenland verf\u00fcgbar ist. Mit 5 Kabinen und eigenem Bad ist sie ideal f\u00fcr gr\u00f6\u00dfere Gruppen von bis zu 12 G\u00e4sten in einer Master Suite (King), 1 VIP (Queen), 1 Doppelschlafzimmer, 2 Doppelkabinen mit jeweils einem zus\u00e4tzlichen oberen Pullman, Alle mit eigenem Bad und individueller Klimaanlage.<br \/>\nIm Jahr 2013 wurde ein ehrgeiziges Projekt entworfen, um die Superyacht &#8222;Miss Danna&#8220; zu restaurieren, die vom Marinearchitekt Vincenzo Ruggiero entworfen und von der Bugari-Werft zu ihrem vollen Glanz erbaut wurde im luxuri\u00f6sen Yachtcharter!<br \/>\nNach dem Refit ist die umbenannte Project Steel eine wahrhaft majest\u00e4tische Yacht, die ein glattes und ruhiges Cruisen bietet, w\u00e4hrend sie m\u00fchelos die griechischen Meere durchquert. Familien und Gruppen von Freunden mit bis zu 12 G\u00e4sten k\u00f6nnen sich bequem in 5 luxuri\u00f6sen Kabinen unterbringen, ihren gro\u00dfz\u00fcgigen Innenraum und die gro\u00dfz\u00fcgigen Au\u00dfenfl\u00e4chen genie\u00dfen und den 5-Sterne-Service einer wirklich professionellen Crew genie\u00dfen &#8211; eine perfekte Kombination f\u00fcr eine unvergessliche Kreuzfahrt in Griechenland!<\/p>\n<\/p>\n<\/div>\n<div class=\"section-heading headingstyle-default section-align-left\" style=\"padding-top:20px;padding-bottom:0;margin-bottom:0px;\"><h4 class=\"animation-standby animated fadeInUpSlight entry-title section-title\" >Unterhaltung<\/h4><\/div>\n<div class=\"animation-standby animated fadeInUpSlight\">\n<p><p>TV \/ DVD, PS3-Spielekonsole, Audiosystem f\u00fcr Innen \/ Au\u00dfen. TENDER &#038; SPIELZEUG<br \/>\n70 PS 4.30m RIB, 1 Jet Ski &#8211; Wassersport: R\u00f6hren, Kneeboard, Wake-Board, Wasserski f\u00fcr Erwachsene und Kinder, SUP-Board, Kajak, Schwimmmatten, Angelausr\u00fcstung, Schnorchelausr\u00fcstung.<\/p>\n<\/p>\n<\/div>\n<div class=\"section-heading headingstyle-default section-align-left\" style=\"padding-top:20px;padding-bottom:0;margin-bottom:0px;\"><h4 class=\"animation-standby animated fadeInUpSlight entry-title section-title\" >Andere<\/h4><\/div>\n<div class=\"animation-standby animated fadeInUpSlight\">\n<p><p>Sundeck Jacuzzi, Ellipsentrainer, Wasserspender, Eisw\u00fcrfelbereiter, Grill, 2 Generators\u00e4tze, Steckdosen mit 220 V, Vollklimaanlage mit individueller Kabinensteuerung.<\/p>\n<p>Crew bestehend aus 6: Captain, First Mate, Ingenieur, Chef, Stewardess, Deckhand getrennte Abteilungen.<\/p>\n<\/p>\n<\/div>\n<div class=\"clearfix divider-common default-divider  divider-blank\" style=\"padding-top:50px;\"><\/div>\n<div class=\"pricing-table pricing-table-service clearfix\"><div style=\"background-color:#000000;\" class=\"pricing-column-target animation-standby animated fadeInUpSlight column1 \"><div class=\"pricing-column-type-1 pricing-column\"><ul><li class=\"pricing-title\"><h2>Einzelheiten<\/h2><\/li><p><!--<li class=\"pricing-section\"><div class=\"pricing-wrap\"><div class=\"pricing-cell\"><span class=\"pricing-currency\">M<\/span>39<span class=\"pricing-suffix\">32<\/span><\/div><div class=\"pricing-duration\">{:el}{:en}Length{:de}{:}<\/div><\/div><\/li>--> <li class=\"pricing-service\"><p> <b>L\u00e4nge:<\/b> 30.40 m. \/100 ft.<\/p>\n<p><b>Baujahr \/ Renovierung:\u00a0<\/b>1993 \/ 2021<\/p>\n<p><b>Hersteller:<\/b> Bugari 100\u2019<\/p>\n<p><b>Kabinen:<\/b> 3<\/p>\n<p><b>Kabinenkonfiguration:<\/b> 3 Double, 2 Twin + upper pullman<\/p>\n<p><b>G\u00e4ste:<\/b> 7<\/p>\n<p><b>Crew:<\/b> 2<\/p>\n<p><b>Geschwindigkeit:<\/b> 11.5 \/ 13.5 KN<\/p>\n<p><b>Nebensaison Tagespreis:<\/b> 4.571 \u20ac<\/p>\n<p><b>Hochsaison Tagespreis: <\/b>5.925 \u20ac<b><\/b><\/p>\n<p><b>Nebensaison Wochenpreis:<\/b> 32.000 \u20ac<\/p>\n<p><b>Hochsaison Wochenpreis: <\/b>41.480 \u20ac <\/p>\n<\/li> <li class=\"pricing-footer\"><div class=\"button-shortcode button-shortcode-69f5a0d536b63\"><a href=\"https:\/\/www.lyachts.com\/de\/contact-us\/\" ><div  class=\"mtheme-button\">Angebotsanfrage Yacht<\/div><\/a><\/div><\/li><\/p>\n<\/ul><\/div><\/div><\/div>\n<div class=\"section-heading headingstyle-default section-align-left\" style=\"padding-top:100px;padding-bottom:;margin-bottom:30px;\"><h4 class=\"animation-standby animated fadeInUpSlight entry-title section-title\" >Am Bord Project Steel<\/h4><\/div>\n<div class=\"thumbnails-shortcode gridblock-columns-wrap grid-style-wall-spaced-wrap clearfix\"><div class=\"thumbnails-grid-container grid-style-wall-spaced thumbnail-gutter-spaced gridblock-masonary no-title-no-desc gridblock-four  has-effect-zoom\"  data-columns=\"4\"><\/div><\/div>\n","protected":false},"excerpt":{"rendered":"<p>Project Steel ist unser erstaunlicher Bugari 100, eine Motoryacht, die f\u00fcr Crewed Charter in Griechenland verf\u00fcgbar ist. Mit 5 Kabinen und eigenem Bad ist sie ideal f\u00fcr gr\u00f6\u00dfere Gruppen von bis zu 12 G\u00e4sten in einer Master Suite (King), 1 VIP (Queen), 1 Doppelschlafzimmer, 2 Doppelkabinen mit jeweils einem zus\u00e4tzlichen oberen Pullman, Alle mit eigenem Bad und individueller Klimaanlage. Im Jahr 2013 wurde ein ehrgeiziges Projekt entworfen, um die Superyacht &#8222;Miss Danna&#8220; zu restaurieren, die vom Marinearchitekt Vincenzo Ruggiero entworfen [&hellip;]<\/p>\n","protected":false},"author":1,"featured_media":4655,"parent":0,"menu_order":0,"comment_status":"closed","ping_status":"closed","template":"","meta":{"footnotes":""},"categories":[],"tags":[],"class_list":["post-5688","page","type-page","status-publish","has-post-thumbnail","hentry"],"yoast_head":"<!-- This site is optimized with the Yoast SEO plugin v26.2 - https:\/\/yoast.com\/wordpress\/plugins\/seo\/ -->\n<title>Project Steel - LYachts<\/title>\n<meta name=\"description\" content=\"Project Steel ist unser erstaunlicher Bugari 100, eine Motoryacht, die f\u00fcr Crewed Charter in Griechenland verf\u00fcgbar ist. Mit 5 Kabinen und eigenem Bad ist\" \/>\n<meta name=\"robots\" content=\"index, follow, max-snippet:-1, max-image-preview:large, max-video-preview:-1\" \/>\n<link rel=\"canonical\" href=\"https:\/\/www.lyachts.com\/de\/project-steel\/\" \/>\n<meta property=\"og:locale\" content=\"de_DE\" \/>\n<meta property=\"og:type\" content=\"article\" \/>\n<meta property=\"og:title\" content=\"Project Steel - LYachts\" \/>\n<meta property=\"og:description\" content=\"Project Steel ist unser erstaunlicher Bugari 100, eine Motoryacht, die f\u00fcr Crewed Charter in Griechenland verf\u00fcgbar ist. Mit 5 Kabinen und eigenem Bad ist\" \/>\n<meta property=\"og:url\" content=\"https:\/\/www.lyachts.com\/de\/project-steel\/\" \/>\n<meta property=\"og:site_name\" content=\"LYachts\" \/>\n<meta property=\"article:publisher\" content=\"https:\/\/www.facebook.com\/Lyachts\/\" \/>\n<meta property=\"article:modified_time\" content=\"2021-11-06T22:20:36+00:00\" \/>\n<meta property=\"og:image\" content=\"https:\/\/www.lyachts.com\/wp-content\/uploads\/2021\/02\/project-steel-main-1.jpg\" \/>\n\t<meta property=\"og:image:width\" content=\"1400\" \/>\n\t<meta property=\"og:image:height\" content=\"933\" \/>\n\t<meta property=\"og:image:type\" content=\"image\/jpeg\" \/>\n<meta name=\"twitter:card\" content=\"summary_large_image\" \/>\n<meta name=\"twitter:site\" content=\"@Lyachts2\" \/>\n<meta name=\"twitter:label1\" content=\"Gesch\u00e4tzte Lesezeit\" \/>\n\t<meta name=\"twitter:data1\" content=\"2\u00a0Minuten\" \/>\n<script type=\"application\/ld+json\" class=\"yoast-schema-graph\">{\"@context\":\"https:\/\/schema.org\",\"@graph\":[{\"@type\":\"WebPage\",\"@id\":\"https:\/\/www.lyachts.com\/de\/project-steel\/\",\"url\":\"https:\/\/www.lyachts.com\/de\/project-steel\/\",\"name\":\"Project Steel - LYachts\",\"isPartOf\":{\"@id\":\"https:\/\/www.lyachts.com\/en\/#website\"},\"primaryImageOfPage\":{\"@id\":\"https:\/\/www.lyachts.com\/de\/project-steel\/#primaryimage\"},\"image\":{\"@id\":\"https:\/\/www.lyachts.com\/de\/project-steel\/#primaryimage\"},\"thumbnailUrl\":\"https:\/\/www.lyachts.com\/wp-content\/uploads\/2021\/02\/project-steel-main-1.jpg\",\"datePublished\":\"2018-11-16T16:54:36+00:00\",\"dateModified\":\"2021-11-06T22:20:36+00:00\",\"description\":\"Project Steel ist unser erstaunlicher Bugari 100, eine Motoryacht, die f\u00fcr Crewed Charter in Griechenland verf\u00fcgbar ist. Mit 5 Kabinen und eigenem Bad ist\",\"inLanguage\":\"de\",\"potentialAction\":[{\"@type\":\"ReadAction\",\"target\":[\"https:\/\/www.lyachts.com\/de\/project-steel\/\"]}]},{\"@type\":\"ImageObject\",\"inLanguage\":\"de\",\"@id\":\"https:\/\/www.lyachts.com\/de\/project-steel\/#primaryimage\",\"url\":\"https:\/\/www.lyachts.com\/wp-content\/uploads\/2021\/02\/project-steel-main-1.jpg\",\"contentUrl\":\"https:\/\/www.lyachts.com\/wp-content\/uploads\/2021\/02\/project-steel-main-1.jpg\",\"width\":1400,\"height\":933},{\"@type\":\"WebSite\",\"@id\":\"https:\/\/www.lyachts.com\/en\/#website\",\"url\":\"https:\/\/www.lyachts.com\/en\/\",\"name\":\"LYachts\",\"description\":\"One goal, one passion - Lyachts services.\",\"potentialAction\":[{\"@type\":\"SearchAction\",\"target\":{\"@type\":\"EntryPoint\",\"urlTemplate\":\"https:\/\/www.lyachts.com\/en\/?s={search_term_string}\"},\"query-input\":{\"@type\":\"PropertyValueSpecification\",\"valueRequired\":true,\"valueName\":\"search_term_string\"}}],\"inLanguage\":\"de\"}]}<\/script>\n<!-- \/ Yoast SEO plugin. -->","yoast_head_json":{"title":"Project Steel - LYachts","description":"Project Steel ist unser erstaunlicher Bugari 100, eine Motoryacht, die f\u00fcr Crewed Charter in Griechenland verf\u00fcgbar ist. Mit 5 Kabinen und eigenem Bad ist","robots":{"index":"index","follow":"follow","max-snippet":"max-snippet:-1","max-image-preview":"max-image-preview:large","max-video-preview":"max-video-preview:-1"},"canonical":"https:\/\/www.lyachts.com\/de\/project-steel\/","og_locale":"de_DE","og_type":"article","og_title":"Project Steel - LYachts","og_description":"Project Steel ist unser erstaunlicher Bugari 100, eine Motoryacht, die f\u00fcr Crewed Charter in Griechenland verf\u00fcgbar ist. Mit 5 Kabinen und eigenem Bad ist","og_url":"https:\/\/www.lyachts.com\/de\/project-steel\/","og_site_name":"LYachts","article_publisher":"https:\/\/www.facebook.com\/Lyachts\/","article_modified_time":"2021-11-06T22:20:36+00:00","og_image":[{"width":1400,"height":933,"url":"https:\/\/www.lyachts.com\/wp-content\/uploads\/2021\/02\/project-steel-main-1.jpg","type":"image\/jpeg"}],"twitter_card":"summary_large_image","twitter_site":"@Lyachts2","twitter_misc":{"Gesch\u00e4tzte Lesezeit":"2\u00a0Minuten"},"schema":{"@context":"https:\/\/schema.org","@graph":[{"@type":"WebPage","@id":"https:\/\/www.lyachts.com\/de\/project-steel\/","url":"https:\/\/www.lyachts.com\/de\/project-steel\/","name":"Project Steel - LYachts","isPartOf":{"@id":"https:\/\/www.lyachts.com\/en\/#website"},"primaryImageOfPage":{"@id":"https:\/\/www.lyachts.com\/de\/project-steel\/#primaryimage"},"image":{"@id":"https:\/\/www.lyachts.com\/de\/project-steel\/#primaryimage"},"thumbnailUrl":"https:\/\/www.lyachts.com\/wp-content\/uploads\/2021\/02\/project-steel-main-1.jpg","datePublished":"2018-11-16T16:54:36+00:00","dateModified":"2021-11-06T22:20:36+00:00","description":"Project Steel ist unser erstaunlicher Bugari 100, eine Motoryacht, die f\u00fcr Crewed Charter in Griechenland verf\u00fcgbar ist. Mit 5 Kabinen und eigenem Bad ist","inLanguage":"de","potentialAction":[{"@type":"ReadAction","target":["https:\/\/www.lyachts.com\/de\/project-steel\/"]}]},{"@type":"ImageObject","inLanguage":"de","@id":"https:\/\/www.lyachts.com\/de\/project-steel\/#primaryimage","url":"https:\/\/www.lyachts.com\/wp-content\/uploads\/2021\/02\/project-steel-main-1.jpg","contentUrl":"https:\/\/www.lyachts.com\/wp-content\/uploads\/2021\/02\/project-steel-main-1.jpg","width":1400,"height":933},{"@type":"WebSite","@id":"https:\/\/www.lyachts.com\/en\/#website","url":"https:\/\/www.lyachts.com\/en\/","name":"LYachts","description":"One goal, one passion - Lyachts services.","potentialAction":[{"@type":"SearchAction","target":{"@type":"EntryPoint","urlTemplate":"https:\/\/www.lyachts.com\/en\/?s={search_term_string}"},"query-input":{"@type":"PropertyValueSpecification","valueRequired":true,"valueName":"search_term_string"}}],"inLanguage":"de"}]}},"_links":{"self":[{"href":"https:\/\/www.lyachts.com\/de\/wp-json\/wp\/v2\/pages\/5688","targetHints":{"allow":["GET"]}}],"collection":[{"href":"https:\/\/www.lyachts.com\/de\/wp-json\/wp\/v2\/pages"}],"about":[{"href":"https:\/\/www.lyachts.com\/de\/wp-json\/wp\/v2\/types\/page"}],"author":[{"embeddable":true,"href":"https:\/\/www.lyachts.com\/de\/wp-json\/wp\/v2\/users\/1"}],"replies":[{"embeddable":true,"href":"https:\/\/www.lyachts.com\/de\/wp-json\/wp\/v2\/comments?post=5688"}],"version-history":[{"count":6,"href":"https:\/\/www.lyachts.com\/de\/wp-json\/wp\/v2\/pages\/5688\/revisions"}],"predecessor-version":[{"id":6718,"href":"https:\/\/www.lyachts.com\/de\/wp-json\/wp\/v2\/pages\/5688\/revisions\/6718"}],"wp:featuredmedia":[{"embeddable":true,"href":"https:\/\/www.lyachts.com\/de\/wp-json\/wp\/v2\/media\/4655"}],"wp:attachment":[{"href":"https:\/\/www.lyachts.com\/de\/wp-json\/wp\/v2\/media?parent=5688"}],"wp:term":[{"taxonomy":"category","embeddable":true,"href":"https:\/\/www.lyachts.com\/de\/wp-json\/wp\/v2\/categories?post=5688"},{"taxonomy":"post_tag","embeddable":true,"href":"https:\/\/www.lyachts.com\/de\/wp-json\/wp\/v2\/tags?post=5688"}],"curies":[{"name":"wp","href":"https:\/\/api.w.org\/{rel}","templated":true}]}}