{"id":646,"date":"2018-08-04T18:22:22","date_gmt":"2018-08-04T15:22:22","guid":{"rendered":"https:\/\/www.lyachts.com\/code-of-conduct\/"},"modified":"2021-02-17T18:29:54","modified_gmt":"2021-02-17T15:29:54","slug":"code-of-conduct","status":"publish","type":"page","link":"https:\/\/www.lyachts.com\/de\/code-of-conduct\/","title":{"rendered":"Code des Kontakts"},"content":{"rendered":"<p><strong>Vertraulichkeit<\/strong><br \/>\nLyachts verpflichtet sich, bei allen Transaktionen mit potenziellen, aktuellen und fr\u00fcheren Kunden ein H\u00f6chstma\u00df an Integrit\u00e4t beizubehalten, und zwar sowohl im Hinblick auf die normale Gesch\u00e4ftsgeheimhaltung als auch im Hinblick auf den Schutz aller personenbezogenen Daten, die im Zuge der Erbringung der betreffenden Gesch\u00e4ftsdienstleistungen erhalten werden. Wir geben allen unseren Kunden, Lieferanten und Partnern die gleichen Standards.<\/p>\n<p><strong>Ethik<\/strong><br \/>\nWir f\u00fchren unsere eigenen Dienstleistungen stets ehrlich und ehrenhaft durch und erwarten von unseren Kunden und Lieferanten, dass Sie die gleiche Haltung zeigen. Unser Rat, die strategische Unterst\u00fctzung und die Methoden, die wir durch unsere Ausbildung vermitteln, ber\u00fccksichtigen ethische Erw\u00e4gungen sowie den Schutz und die Verbesserung der moralischen Position unserer Kunden.<\/p>\n<p><strong>F\u00fcrsorgepflicht<\/strong><br \/>\nUnsere Handlungen und Ratschl\u00e4ge werden immer dem geltenden Recht entsprechen. Wir sind der Meinung, dass alle Unternehmen und Organisationen, einschlie\u00dflich dieser Beratung, keine negativen Auswirkungen auf die Menschenrechte der Menschen in den Organisationen, mit denen wir zu handeln haben, sowie auch auf das lokale und weitere Umfeld haben und das Wohlergehen der Gesellschaft insgesamt.<\/p>\n<p><strong>Interessenkonflikt<\/strong><br \/>\nAufgrund der sensiblen Art der speziellen Beratungsdienste des Unternehmens, werden wir sehr vorsichtig sein, wenn wir einem direkten Konkurrenten eines Kunden einen Service anbieten. Wir versuchen im Allgemeinen, Gesch\u00e4fte mit konkurrierenden Unternehmen zu vermeiden, auch nachdem die Dienstleistungen f\u00fcr einen Kunden eingestellt wurden.<\/p>\n<p><strong>Vertr\u00e4ge<\/strong><br \/>\nUnser Vertrag wird in der Regel in Form eines detaillierten Vorschlags mit Zielen, Aktivit\u00e4ten, Kosten, Zeitvorgaben und Leistungen erstellt. Die Qualit\u00e4t unserer Dienstleistungen und der Wert unserer Unterst\u00fctzung bilden die einzig wahre Grundlage f\u00fcr die Gesch\u00e4ftskontinuit\u00e4t. Wir versuchen immer, die vertraglichen Anforderungen unserer Kunden zu erf\u00fcllen, insbesondere in Situationen, in denen ein externer Geldgeber mehr offizielle Parameter und Kontrollen ben\u00f6tigen.<\/p>\n<p><strong>Geb\u00fchren<\/strong><br \/>\nUnsere Geb\u00fchren sind immer wettbewerbsf\u00e4hig f\u00fcr das, was wir anbieten, welches hohe Qualit\u00e4t, ma\u00dfgeschneiderte und spezialisierte Dienstleistungen sind. Daher bieten wir im Allgemeinen keine willk\u00fcrlichen Rabatte; in der Regel wird eine Preissenkung nur durch eine Verringerung des Umfangs oder der H\u00f6he der zu erbringenden Dienstleistungen erm\u00f6glicht. Trotzdem versuchen wir immer L\u00f6sungen anzubieten, die den verf\u00fcgbaren Budgets und Zeitrahmen unserer Kunden entsprechen. Wo immer es m\u00f6glich ist, vereinbaren wir unsere Geb\u00fchren und die Geb\u00fchren klar im Voraus, damit wir und unsere Kunden zuverl\u00e4ssig planen k\u00f6nnen, was vor uns liegt und wie es zu erreichen und finanziell zu rechtfertigen ist.<\/p>\n<p><strong>Zahlung<\/strong><br \/>\nUnser Ziel ist es, so flexibel wie m\u00f6glich zu sein. Manche Kunden bevorzugen feste Projektgeb\u00fchren; Andere sind zufriedener mit Vorsch\u00fcssen, wobei wir versuchen, uns anzupassen, was f\u00fcr den Kunden das Beste ist. Wir versuchen nicht, Verzugszinsen zu berechnen, daher erwarten wir, dass die Zahlungen nach Vereinbarung erfolgen. Unsere Bedingungen sind in der Regel netto monatlich in R\u00fcckstanden.<\/p>\n<p><strong>Geistiges Eigentum und moralische Rechte<\/strong><br \/>\nLyachts beh\u00e4lt die moralischen Rechte an und das Eigentum an allem geschaffenen geistigen Eigentum, es sei denn, es wurde mit den Kunden im Voraus etwas anderes vereinbart. Im Gegenzug respektieren wir das moralische und intellektuelle Urheberrecht, dass dem geistigen Eigentum unserer Kunden zukommt.<\/p>\n<p><strong>Qualit\u00e4tskontrolle<\/strong><br \/>\nWir behalten die Qualit\u00e4t dessen bei, was wir tun, indem wir st\u00e4ndig mit unseren Kunden \u00fcber alle Ziele, Aktivit\u00e4ten, Ergebnisse und die Kosteneffizienz jeder Aktivit\u00e4t nachdenken und mit Ihnen in Verbindung sind. Wir ermutigen regelm\u00e4\u00dfige \u00dcberpr\u00fcfungssitzungen und bieten regelm\u00e4\u00dfige Fortschrittsberichte. Diese Beratung wurde im Rahmen einer Reihe von Qualit\u00e4tssicherungssystemen akkreditiert. Weitere Details sind auf Anfrage erh\u00e4ltlich.<\/p>\n<p><strong>Professionelles Verhalten<\/strong><br \/>\nLyachts f\u00fchrt alle Aktivit\u00e4ten professionell und mit Integrit\u00e4t durch. Wir achten sehr darauf, dass unser Urteil und alle von uns gegebenen Empfehlungen vollkommen objektiv sind, so dass die Probleme niemals von anderen, sondern nur von den Besten und mit bestem Interesse, unsere Kunden beeinflusst werden.<\/p>\n<p><strong>Gleichheit und Diskriminierung<\/strong><br \/>\nWir sind stets bestrebt, fair und objektiv in unseren Ratschl\u00e4gen und Handlungen zu handeln. Wir werden niemals in unseren Entscheidungen, Handlungen oder Empfehlungen von Themen wie Geschlecht, Rasse, Glaube, Hautfarbe, Alter oder pers\u00f6nliche Behinderung beeinflusst.<\/p>\n","protected":false},"excerpt":{"rendered":"<p>Vertraulichkeit Lyachts verpflichtet sich, bei allen Transaktionen mit potenziellen, aktuellen und fr\u00fcheren Kunden ein H\u00f6chstma\u00df an Integrit\u00e4t beizubehalten, und zwar sowohl im Hinblick auf die normale Gesch\u00e4ftsgeheimhaltung als auch im Hinblick auf den Schutz aller personenbezogenen Daten, die im Zuge der Erbringung der betreffenden Gesch\u00e4ftsdienstleistungen erhalten werden. Wir geben allen unseren Kunden, Lieferanten und Partnern die gleichen Standards. Ethik Wir f\u00fchren unsere eigenen Dienstleistungen stets ehrlich und ehrenhaft durch und erwarten von unseren Kunden und Lieferanten, dass Sie die gleiche [&hellip;]<\/p>\n","protected":false},"author":1,"featured_media":71,"parent":0,"menu_order":0,"comment_status":"closed","ping_status":"closed","template":"","meta":{"footnotes":""},"categories":[],"tags":[],"class_list":["post-646","page","type-page","status-publish","has-post-thumbnail","hentry"],"yoast_head":"<!-- This site is optimized with the Yoast SEO plugin v26.2 - https:\/\/yoast.com\/wordpress\/plugins\/seo\/ -->\n<title>Code des Kontakts - LYachts<\/title>\n<meta name=\"description\" content=\"Vertraulichkeit Lyachts verpflichtet sich, bei allen Transaktionen mit potenziellen, aktuellen und fr\u00fcheren Kunden ein H\u00f6chstma\u00df an Integrit\u00e4t\" \/>\n<meta name=\"robots\" content=\"index, follow, max-snippet:-1, max-image-preview:large, max-video-preview:-1\" \/>\n<link rel=\"canonical\" href=\"https:\/\/www.lyachts.com\/de\/code-of-conduct\/\" \/>\n<meta property=\"og:locale\" content=\"de_DE\" \/>\n<meta property=\"og:type\" content=\"article\" \/>\n<meta property=\"og:title\" content=\"Code des Kontakts - LYachts\" \/>\n<meta property=\"og:description\" content=\"Vertraulichkeit Lyachts verpflichtet sich, bei allen Transaktionen mit potenziellen, aktuellen und fr\u00fcheren Kunden ein H\u00f6chstma\u00df an Integrit\u00e4t\" \/>\n<meta property=\"og:url\" content=\"https:\/\/www.lyachts.com\/de\/code-of-conduct\/\" \/>\n<meta property=\"og:site_name\" content=\"LYachts\" \/>\n<meta property=\"article:publisher\" content=\"https:\/\/www.facebook.com\/Lyachts\/\" \/>\n<meta property=\"article:modified_time\" content=\"2021-02-17T15:29:54+00:00\" \/>\n<meta property=\"og:image\" content=\"https:\/\/www.lyachts.com\/wp-content\/uploads\/2021\/02\/code-of-conduct.jpg\" \/>\n\t<meta property=\"og:image:width\" content=\"1400\" \/>\n\t<meta property=\"og:image:height\" content=\"933\" \/>\n\t<meta property=\"og:image:type\" content=\"image\/jpeg\" \/>\n<meta name=\"twitter:card\" content=\"summary_large_image\" \/>\n<meta name=\"twitter:site\" content=\"@Lyachts2\" \/>\n<meta name=\"twitter:label1\" content=\"Gesch\u00e4tzte Lesezeit\" \/>\n\t<meta name=\"twitter:data1\" content=\"3\u00a0Minuten\" \/>\n<script type=\"application\/ld+json\" class=\"yoast-schema-graph\">{\"@context\":\"https:\/\/schema.org\",\"@graph\":[{\"@type\":\"WebPage\",\"@id\":\"https:\/\/www.lyachts.com\/de\/code-of-conduct\/\",\"url\":\"https:\/\/www.lyachts.com\/de\/code-of-conduct\/\",\"name\":\"Code des Kontakts - LYachts\",\"isPartOf\":{\"@id\":\"https:\/\/www.lyachts.com\/en\/#website\"},\"primaryImageOfPage\":{\"@id\":\"https:\/\/www.lyachts.com\/de\/code-of-conduct\/#primaryimage\"},\"image\":{\"@id\":\"https:\/\/www.lyachts.com\/de\/code-of-conduct\/#primaryimage\"},\"thumbnailUrl\":\"https:\/\/www.lyachts.com\/wp-content\/uploads\/2021\/02\/code-of-conduct.jpg\",\"datePublished\":\"2018-08-04T15:22:22+00:00\",\"dateModified\":\"2021-02-17T15:29:54+00:00\",\"description\":\"Vertraulichkeit Lyachts verpflichtet sich, bei allen Transaktionen mit potenziellen, aktuellen und fr\u00fcheren Kunden ein H\u00f6chstma\u00df an Integrit\u00e4t\",\"inLanguage\":\"de\",\"potentialAction\":[{\"@type\":\"ReadAction\",\"target\":[\"https:\/\/www.lyachts.com\/de\/code-of-conduct\/\"]}]},{\"@type\":\"ImageObject\",\"inLanguage\":\"de\",\"@id\":\"https:\/\/www.lyachts.com\/de\/code-of-conduct\/#primaryimage\",\"url\":\"https:\/\/www.lyachts.com\/wp-content\/uploads\/2021\/02\/code-of-conduct.jpg\",\"contentUrl\":\"https:\/\/www.lyachts.com\/wp-content\/uploads\/2021\/02\/code-of-conduct.jpg\",\"width\":1400,\"height\":933},{\"@type\":\"WebSite\",\"@id\":\"https:\/\/www.lyachts.com\/en\/#website\",\"url\":\"https:\/\/www.lyachts.com\/en\/\",\"name\":\"LYachts\",\"description\":\"One goal, one passion - Lyachts services.\",\"potentialAction\":[{\"@type\":\"SearchAction\",\"target\":{\"@type\":\"EntryPoint\",\"urlTemplate\":\"https:\/\/www.lyachts.com\/en\/?s={search_term_string}\"},\"query-input\":{\"@type\":\"PropertyValueSpecification\",\"valueRequired\":true,\"valueName\":\"search_term_string\"}}],\"inLanguage\":\"de\"}]}<\/script>\n<!-- \/ Yoast SEO plugin. -->","yoast_head_json":{"title":"Code des Kontakts - LYachts","description":"Vertraulichkeit Lyachts verpflichtet sich, bei allen Transaktionen mit potenziellen, aktuellen und fr\u00fcheren Kunden ein H\u00f6chstma\u00df an Integrit\u00e4t","robots":{"index":"index","follow":"follow","max-snippet":"max-snippet:-1","max-image-preview":"max-image-preview:large","max-video-preview":"max-video-preview:-1"},"canonical":"https:\/\/www.lyachts.com\/de\/code-of-conduct\/","og_locale":"de_DE","og_type":"article","og_title":"Code des Kontakts - LYachts","og_description":"Vertraulichkeit Lyachts verpflichtet sich, bei allen Transaktionen mit potenziellen, aktuellen und fr\u00fcheren Kunden ein H\u00f6chstma\u00df an Integrit\u00e4t","og_url":"https:\/\/www.lyachts.com\/de\/code-of-conduct\/","og_site_name":"LYachts","article_publisher":"https:\/\/www.facebook.com\/Lyachts\/","article_modified_time":"2021-02-17T15:29:54+00:00","og_image":[{"width":1400,"height":933,"url":"https:\/\/www.lyachts.com\/wp-content\/uploads\/2021\/02\/code-of-conduct.jpg","type":"image\/jpeg"}],"twitter_card":"summary_large_image","twitter_site":"@Lyachts2","twitter_misc":{"Gesch\u00e4tzte Lesezeit":"3\u00a0Minuten"},"schema":{"@context":"https:\/\/schema.org","@graph":[{"@type":"WebPage","@id":"https:\/\/www.lyachts.com\/de\/code-of-conduct\/","url":"https:\/\/www.lyachts.com\/de\/code-of-conduct\/","name":"Code des Kontakts - LYachts","isPartOf":{"@id":"https:\/\/www.lyachts.com\/en\/#website"},"primaryImageOfPage":{"@id":"https:\/\/www.lyachts.com\/de\/code-of-conduct\/#primaryimage"},"image":{"@id":"https:\/\/www.lyachts.com\/de\/code-of-conduct\/#primaryimage"},"thumbnailUrl":"https:\/\/www.lyachts.com\/wp-content\/uploads\/2021\/02\/code-of-conduct.jpg","datePublished":"2018-08-04T15:22:22+00:00","dateModified":"2021-02-17T15:29:54+00:00","description":"Vertraulichkeit Lyachts verpflichtet sich, bei allen Transaktionen mit potenziellen, aktuellen und fr\u00fcheren Kunden ein H\u00f6chstma\u00df an Integrit\u00e4t","inLanguage":"de","potentialAction":[{"@type":"ReadAction","target":["https:\/\/www.lyachts.com\/de\/code-of-conduct\/"]}]},{"@type":"ImageObject","inLanguage":"de","@id":"https:\/\/www.lyachts.com\/de\/code-of-conduct\/#primaryimage","url":"https:\/\/www.lyachts.com\/wp-content\/uploads\/2021\/02\/code-of-conduct.jpg","contentUrl":"https:\/\/www.lyachts.com\/wp-content\/uploads\/2021\/02\/code-of-conduct.jpg","width":1400,"height":933},{"@type":"WebSite","@id":"https:\/\/www.lyachts.com\/en\/#website","url":"https:\/\/www.lyachts.com\/en\/","name":"LYachts","description":"One goal, one passion - Lyachts services.","potentialAction":[{"@type":"SearchAction","target":{"@type":"EntryPoint","urlTemplate":"https:\/\/www.lyachts.com\/en\/?s={search_term_string}"},"query-input":{"@type":"PropertyValueSpecification","valueRequired":true,"valueName":"search_term_string"}}],"inLanguage":"de"}]}},"_links":{"self":[{"href":"https:\/\/www.lyachts.com\/de\/wp-json\/wp\/v2\/pages\/646","targetHints":{"allow":["GET"]}}],"collection":[{"href":"https:\/\/www.lyachts.com\/de\/wp-json\/wp\/v2\/pages"}],"about":[{"href":"https:\/\/www.lyachts.com\/de\/wp-json\/wp\/v2\/types\/page"}],"author":[{"embeddable":true,"href":"https:\/\/www.lyachts.com\/de\/wp-json\/wp\/v2\/users\/1"}],"replies":[{"embeddable":true,"href":"https:\/\/www.lyachts.com\/de\/wp-json\/wp\/v2\/comments?post=646"}],"version-history":[{"count":1,"href":"https:\/\/www.lyachts.com\/de\/wp-json\/wp\/v2\/pages\/646\/revisions"}],"predecessor-version":[{"id":647,"href":"https:\/\/www.lyachts.com\/de\/wp-json\/wp\/v2\/pages\/646\/revisions\/647"}],"wp:featuredmedia":[{"embeddable":true,"href":"https:\/\/www.lyachts.com\/de\/wp-json\/wp\/v2\/media\/71"}],"wp:attachment":[{"href":"https:\/\/www.lyachts.com\/de\/wp-json\/wp\/v2\/media?parent=646"}],"wp:term":[{"taxonomy":"category","embeddable":true,"href":"https:\/\/www.lyachts.com\/de\/wp-json\/wp\/v2\/categories?post=646"},{"taxonomy":"post_tag","embeddable":true,"href":"https:\/\/www.lyachts.com\/de\/wp-json\/wp\/v2\/tags?post=646"}],"curies":[{"name":"wp","href":"https:\/\/api.w.org\/{rel}","templated":true}]}}