{"id":656,"date":"2018-07-27T18:33:36","date_gmt":"2018-07-27T16:33:36","guid":{"rendered":"https:\/\/www.lyachts.com\/lyachts-charter\/"},"modified":"2021-11-02T01:42:24","modified_gmt":"2021-11-01T23:42:24","slug":"lyachts-charter","status":"publish","type":"page","link":"https:\/\/www.lyachts.com\/de\/lyachts-charter\/","title":{"rendered":"LYachts Charter"},"content":{"rendered":"\n<div class=\"section-heading headingstyle-default section-align-left\" style=\"padding-top:130px;padding-bottom:0;margin-bottom:0px;\"><h1 class=\"animation-standby animated fadeInUpSlight entry-title section-title\" style=\"font-weight:400;\">LYachts Charter<\/h1><\/div>\n<div class=\"animation-standby animated none\">\n<p><h3>Willkommen in der Welt von Lyachts.<\/h3>\n<p>Die besten Ferien f\u00fcr Sie und Ihre Freunde im 5-Sterne-Hotel-Standard; Feiern Sie Jahrestage, veranstalten Sie eine Party f\u00fcr Freunde oder Gesch\u00e4ftspartner, schwimmen Sie an exklusiven Orten, genie\u00dfen Sie Wassersport oder entspannen Sie sich und finden Sie die Privatsph\u00e4re, die Sie brauchen.Unsere professionellen K\u00f6che k\u00fcmmern sich um Ihre gastronomischen Anforderungen, frisch gefangener Fisch, gesundes Oliven\u00f6l und authentische FETA, erwarten Sie.<\/p>\n<p>Griechenland ist das Land, das Symposien, die wahre Erfahrung der griechischen Gastronomie erfunden hat. Genie\u00dfen Sie den Sonnenuntergang bei einem Glas Wein oder Champagner.Wenn Sie bereit sind, sich die Beine zu vertreten, hilft Ihnen unsere Crew bei der Auswahl der richtigen Einkaufs- und Ausgehm\u00f6glichkeiten.Machen Sie mit Ihrem Kapit\u00e4n Pl\u00e4ne f\u00fcr das n\u00e4chste Ziel f\u00fcr Sie und Ihre G\u00e4ste.All dies ist kein Traum, sondern k\u00f6nnte nur ein normaler Tag an Bord einer unserer Yachten sein.<\/p>\n<p>Genie\u00dfen Sie es!Wir sind bereit Ihren Traumurlaub wahr werden zu lassen.<\/p>\n<\/p>\n<\/div>\n<div class=\"flipbox-wrap text-is-bright\"><div class=\"flipbox-card-flip\"><div class=\"flipbox-card-front\" style=\"background-image: url(https:\/\/www.lyachts.com\/wp-content\/uploads\/2021\/02\/management.jpg);\"><div class=\"flipbox-card-container-front\"><div class=\"flipbox-icon\"><i class=\"et-icon-compass\"><\/i><\/div><h2>Management<\/h2><p><p> Wir sind bereit, ein starkes und erfahrenes Team zusammenzustellen, um Sie und Ihre Yacht zu unterst\u00fctzen. <\/p>\n<\/p><\/div><div class=\"flip-overlay\"><\/div><\/div><div class=\"flipbox-card-back\" style=\"background-image: url();\"><div class=\"flipbox-card-container-back\"><a href=\"https:\/\/www.lyachts.com\/de\/management\/\"  class=\"mtheme-button\">Mehr<\/a><\/div><div class=\"flip-overlay\"><\/div><\/div><\/div><\/div>\n<div class=\"flipbox-wrap text-is-bright\"><div class=\"flipbox-card-flip\"><div class=\"flipbox-card-front\" style=\"background-image: url(https:\/\/www.lyachts.com\/wp-content\/uploads\/2021\/02\/exclusive-services.jpg);\"><div class=\"flipbox-card-container-front\"><div class=\"flipbox-icon\"><i class=\"ion-android-favorite\"><\/i><\/div><h2>Exklusive Dienstleistungen<\/h2><p><p> Lyachts und unsere spezialisierten Partner erwarten Ihre Anfrage. <\/p>\n<\/p><\/div><div class=\"flip-overlay\"><\/div><\/div><div class=\"flipbox-card-back\" style=\"background-image: url();\"><div class=\"flipbox-card-container-back\"><a href=\"https:\/\/www.lyachts.com\/de\/exclusive-services\/\"  class=\"mtheme-button\">Mehr<\/a><\/div><div class=\"flip-overlay\"><\/div><\/div><\/div><\/div>\n<div class=\"flipbox-wrap text-is-bright\"><div class=\"flipbox-card-flip\"><div class=\"flipbox-card-front\" style=\"background-image: url(https:\/\/www.lyachts.com\/wp-content\/uploads\/2021\/02\/contact-us.jpg);\"><div class=\"flipbox-card-container-front\"><div class=\"flipbox-icon\"><i class=\"fa fa-envelope\"><\/i><\/div><h2>Kontaktieren Sie Uns<\/h2><p><p> Bitte kontaktieren Sie uns, wir freuen uns von Ihnen zu h\u00f6ren. <\/p>\n<\/p><\/div><div class=\"flip-overlay\"><\/div><\/div><div class=\"flipbox-card-back\" style=\"background-image: url();\"><div class=\"flipbox-card-container-back\"><a href=\"https:\/\/www.lyachts.com\/de\/contact-us\"  class=\"mtheme-button\">Mehr<\/a><\/div><div class=\"flip-overlay\"><\/div><\/div><\/div><\/div>\n","protected":false},"excerpt":{"rendered":"<p>Willkommen in der Welt von Lyachts. Die besten Ferien f\u00fcr Sie und Ihre Freunde im 5-Sterne-Hotel-Standard; Feiern Sie Jahrestage, veranstalten Sie eine Party f\u00fcr Freunde oder Gesch\u00e4ftspartner, schwimmen Sie an exklusiven Orten, genie\u00dfen Sie Wassersport oder entspannen Sie sich und finden Sie die Privatsph\u00e4re, die Sie brauchen.Unsere professionellen K\u00f6che k\u00fcmmern sich um Ihre gastronomischen Anforderungen, frisch gefangener Fisch, gesundes Oliven\u00f6l und authentische FETA, erwarten Sie. Griechenland ist das Land, das Symposien, die wahre Erfahrung der griechischen Gastronomie erfunden hat. Genie\u00dfen [&hellip;]<\/p>\n","protected":false},"author":1,"featured_media":67,"parent":0,"menu_order":0,"comment_status":"closed","ping_status":"closed","template":"","meta":{"footnotes":""},"categories":[],"tags":[],"class_list":["post-656","page","type-page","status-publish","has-post-thumbnail","hentry"],"yoast_head":"<!-- This site is optimized with the Yoast SEO plugin v26.2 - https:\/\/yoast.com\/wordpress\/plugins\/seo\/ -->\n<title>LYachts Charter - LYachts<\/title>\n<meta name=\"description\" content=\"Willkommen in der Welt von Lyachts. Die besten Ferien f\u00fcr Sie und Ihre Freunde im 5-Sterne-Hotel-Standard; Feiern Sie Jahrestage, veranstalten Sie eine\" \/>\n<meta name=\"robots\" content=\"index, follow, max-snippet:-1, max-image-preview:large, max-video-preview:-1\" \/>\n<link rel=\"canonical\" href=\"https:\/\/www.lyachts.com\/de\/lyachts-charter\/\" \/>\n<meta property=\"og:locale\" content=\"de_DE\" \/>\n<meta property=\"og:type\" content=\"article\" \/>\n<meta property=\"og:title\" content=\"LYachts Charter - LYachts\" \/>\n<meta property=\"og:description\" content=\"Willkommen in der Welt von Lyachts. Die besten Ferien f\u00fcr Sie und Ihre Freunde im 5-Sterne-Hotel-Standard; Feiern Sie Jahrestage, veranstalten Sie eine\" \/>\n<meta property=\"og:url\" content=\"https:\/\/www.lyachts.com\/de\/lyachts-charter\/\" \/>\n<meta property=\"og:site_name\" content=\"LYachts\" \/>\n<meta property=\"article:publisher\" content=\"https:\/\/www.facebook.com\/Lyachts\/\" \/>\n<meta property=\"article:modified_time\" content=\"2021-11-01T23:42:24+00:00\" \/>\n<meta property=\"og:image\" content=\"https:\/\/www.lyachts.com\/wp-content\/uploads\/2021\/02\/charter-bg.jpg\" \/>\n\t<meta property=\"og:image:width\" content=\"1400\" \/>\n\t<meta property=\"og:image:height\" content=\"933\" \/>\n\t<meta property=\"og:image:type\" content=\"image\/jpeg\" \/>\n<meta name=\"twitter:card\" content=\"summary_large_image\" \/>\n<meta name=\"twitter:site\" content=\"@Lyachts2\" \/>\n<meta name=\"twitter:label1\" content=\"Gesch\u00e4tzte Lesezeit\" \/>\n\t<meta name=\"twitter:data1\" content=\"2\u00a0Minuten\" \/>\n<script type=\"application\/ld+json\" class=\"yoast-schema-graph\">{\"@context\":\"https:\/\/schema.org\",\"@graph\":[{\"@type\":\"WebPage\",\"@id\":\"https:\/\/www.lyachts.com\/de\/lyachts-charter\/\",\"url\":\"https:\/\/www.lyachts.com\/de\/lyachts-charter\/\",\"name\":\"LYachts Charter - LYachts\",\"isPartOf\":{\"@id\":\"https:\/\/www.lyachts.com\/en\/#website\"},\"primaryImageOfPage\":{\"@id\":\"https:\/\/www.lyachts.com\/de\/lyachts-charter\/#primaryimage\"},\"image\":{\"@id\":\"https:\/\/www.lyachts.com\/de\/lyachts-charter\/#primaryimage\"},\"thumbnailUrl\":\"https:\/\/www.lyachts.com\/wp-content\/uploads\/2021\/02\/charter-bg.jpg\",\"datePublished\":\"2018-07-27T16:33:36+00:00\",\"dateModified\":\"2021-11-01T23:42:24+00:00\",\"description\":\"Willkommen in der Welt von Lyachts. Die besten Ferien f\u00fcr Sie und Ihre Freunde im 5-Sterne-Hotel-Standard; Feiern Sie Jahrestage, veranstalten Sie eine\",\"inLanguage\":\"de\",\"potentialAction\":[{\"@type\":\"ReadAction\",\"target\":[\"https:\/\/www.lyachts.com\/de\/lyachts-charter\/\"]}]},{\"@type\":\"ImageObject\",\"inLanguage\":\"de\",\"@id\":\"https:\/\/www.lyachts.com\/de\/lyachts-charter\/#primaryimage\",\"url\":\"https:\/\/www.lyachts.com\/wp-content\/uploads\/2021\/02\/charter-bg.jpg\",\"contentUrl\":\"https:\/\/www.lyachts.com\/wp-content\/uploads\/2021\/02\/charter-bg.jpg\",\"width\":1400,\"height\":933},{\"@type\":\"WebSite\",\"@id\":\"https:\/\/www.lyachts.com\/en\/#website\",\"url\":\"https:\/\/www.lyachts.com\/en\/\",\"name\":\"LYachts\",\"description\":\"One goal, one passion - Lyachts services.\",\"potentialAction\":[{\"@type\":\"SearchAction\",\"target\":{\"@type\":\"EntryPoint\",\"urlTemplate\":\"https:\/\/www.lyachts.com\/en\/?s={search_term_string}\"},\"query-input\":{\"@type\":\"PropertyValueSpecification\",\"valueRequired\":true,\"valueName\":\"search_term_string\"}}],\"inLanguage\":\"de\"}]}<\/script>\n<!-- \/ Yoast SEO plugin. -->","yoast_head_json":{"title":"LYachts Charter - LYachts","description":"Willkommen in der Welt von Lyachts. Die besten Ferien f\u00fcr Sie und Ihre Freunde im 5-Sterne-Hotel-Standard; Feiern Sie Jahrestage, veranstalten Sie eine","robots":{"index":"index","follow":"follow","max-snippet":"max-snippet:-1","max-image-preview":"max-image-preview:large","max-video-preview":"max-video-preview:-1"},"canonical":"https:\/\/www.lyachts.com\/de\/lyachts-charter\/","og_locale":"de_DE","og_type":"article","og_title":"LYachts Charter - LYachts","og_description":"Willkommen in der Welt von Lyachts. Die besten Ferien f\u00fcr Sie und Ihre Freunde im 5-Sterne-Hotel-Standard; Feiern Sie Jahrestage, veranstalten Sie eine","og_url":"https:\/\/www.lyachts.com\/de\/lyachts-charter\/","og_site_name":"LYachts","article_publisher":"https:\/\/www.facebook.com\/Lyachts\/","article_modified_time":"2021-11-01T23:42:24+00:00","og_image":[{"width":1400,"height":933,"url":"https:\/\/www.lyachts.com\/wp-content\/uploads\/2021\/02\/charter-bg.jpg","type":"image\/jpeg"}],"twitter_card":"summary_large_image","twitter_site":"@Lyachts2","twitter_misc":{"Gesch\u00e4tzte Lesezeit":"2\u00a0Minuten"},"schema":{"@context":"https:\/\/schema.org","@graph":[{"@type":"WebPage","@id":"https:\/\/www.lyachts.com\/de\/lyachts-charter\/","url":"https:\/\/www.lyachts.com\/de\/lyachts-charter\/","name":"LYachts Charter - LYachts","isPartOf":{"@id":"https:\/\/www.lyachts.com\/en\/#website"},"primaryImageOfPage":{"@id":"https:\/\/www.lyachts.com\/de\/lyachts-charter\/#primaryimage"},"image":{"@id":"https:\/\/www.lyachts.com\/de\/lyachts-charter\/#primaryimage"},"thumbnailUrl":"https:\/\/www.lyachts.com\/wp-content\/uploads\/2021\/02\/charter-bg.jpg","datePublished":"2018-07-27T16:33:36+00:00","dateModified":"2021-11-01T23:42:24+00:00","description":"Willkommen in der Welt von Lyachts. Die besten Ferien f\u00fcr Sie und Ihre Freunde im 5-Sterne-Hotel-Standard; Feiern Sie Jahrestage, veranstalten Sie eine","inLanguage":"de","potentialAction":[{"@type":"ReadAction","target":["https:\/\/www.lyachts.com\/de\/lyachts-charter\/"]}]},{"@type":"ImageObject","inLanguage":"de","@id":"https:\/\/www.lyachts.com\/de\/lyachts-charter\/#primaryimage","url":"https:\/\/www.lyachts.com\/wp-content\/uploads\/2021\/02\/charter-bg.jpg","contentUrl":"https:\/\/www.lyachts.com\/wp-content\/uploads\/2021\/02\/charter-bg.jpg","width":1400,"height":933},{"@type":"WebSite","@id":"https:\/\/www.lyachts.com\/en\/#website","url":"https:\/\/www.lyachts.com\/en\/","name":"LYachts","description":"One goal, one passion - Lyachts services.","potentialAction":[{"@type":"SearchAction","target":{"@type":"EntryPoint","urlTemplate":"https:\/\/www.lyachts.com\/en\/?s={search_term_string}"},"query-input":{"@type":"PropertyValueSpecification","valueRequired":true,"valueName":"search_term_string"}}],"inLanguage":"de"}]}},"_links":{"self":[{"href":"https:\/\/www.lyachts.com\/de\/wp-json\/wp\/v2\/pages\/656","targetHints":{"allow":["GET"]}}],"collection":[{"href":"https:\/\/www.lyachts.com\/de\/wp-json\/wp\/v2\/pages"}],"about":[{"href":"https:\/\/www.lyachts.com\/de\/wp-json\/wp\/v2\/types\/page"}],"author":[{"embeddable":true,"href":"https:\/\/www.lyachts.com\/de\/wp-json\/wp\/v2\/users\/1"}],"replies":[{"embeddable":true,"href":"https:\/\/www.lyachts.com\/de\/wp-json\/wp\/v2\/comments?post=656"}],"version-history":[{"count":5,"href":"https:\/\/www.lyachts.com\/de\/wp-json\/wp\/v2\/pages\/656\/revisions"}],"predecessor-version":[{"id":6118,"href":"https:\/\/www.lyachts.com\/de\/wp-json\/wp\/v2\/pages\/656\/revisions\/6118"}],"wp:featuredmedia":[{"embeddable":true,"href":"https:\/\/www.lyachts.com\/de\/wp-json\/wp\/v2\/media\/67"}],"wp:attachment":[{"href":"https:\/\/www.lyachts.com\/de\/wp-json\/wp\/v2\/media?parent=656"}],"wp:term":[{"taxonomy":"category","embeddable":true,"href":"https:\/\/www.lyachts.com\/de\/wp-json\/wp\/v2\/categories?post=656"},{"taxonomy":"post_tag","embeddable":true,"href":"https:\/\/www.lyachts.com\/de\/wp-json\/wp\/v2\/tags?post=656"}],"curies":[{"name":"wp","href":"https:\/\/api.w.org\/{rel}","templated":true}]}}